{"id":7208,"date":"2024-11-25T08:53:39","date_gmt":"2024-11-25T08:53:39","guid":{"rendered":"https:\/\/jinhuaceramic.com\/?post_type=product&#038;p=7208"},"modified":"2024-11-25T08:53:41","modified_gmt":"2024-11-25T08:53:41","slug":"bulk-liquid-soap-dispenser","status":"publish","type":"product","link":"https:\/\/jinhuaceramic.com\/es\/product\/bulk-liquid-soap-dispenser\/","title":{"rendered":"Dispensador de jab\u00f3n l\u00edquido a granel, Botella dispensadora de espuma de cer\u00e1mica al por mayor"},"content":{"rendered":"<div class=\"wp-block-columns is-layout-flex wp-container-core-columns-is-layout-9d6595d7 wp-block-columns-is-layout-flex\">\n<div class=\"wp-block-column is-layout-flow wp-block-column-is-layout-flow\">\n<h3 class=\"wp-block-heading\">Dispensador de jab\u00f3n l\u00edquido a granel Premium Caracter\u00edsticas:<\/h3>\n\n\n\n<ul class=\"wp-block-list\">\n<li><strong>Dise\u00f1o moderno: <\/strong>La forma total de estos dosificadores de jab\u00f3n l\u00edquido a granel es sencilla, lisa, con l\u00edneas suaves y sin excesiva decoraci\u00f3n. Mientras tanto, la cabeza dorada de la bomba a\u00f1ade un toque de lujo a este dispensador de jab\u00f3n. Podr\u00edan encajar bien con diferentes estilos de hogar y a\u00f1adir a la belleza general del cuarto de ba\u00f1o o aseo.<\/li>\n\n\n\n<li><strong>Varios colores: <\/strong>Colores Diversificados: Esta botella dispensadora de espuma de cer\u00e1mica al por mayor contiene varios colores como verde, gris, blanco y negro para atender a las preferencias y estilos de diferentes personas y casas. Como fabricante, tambi\u00e9n podemos personalizar otros colores o a\u00f1adir logotipos de la marca de acuerdo a los requerimientos del cliente.<\/li>\n\n\n\n<li><strong>Material cer\u00e1mico de alta calidad: <\/strong>Estos modernos dosificadores de jab\u00f3n l\u00edquido a granel est\u00e1n fabricados con cer\u00e1mica de alta calidad que es resistente, f\u00e1cil de limpiar y est\u00e1 bien sellada para evitar eficazmente las fugas de jab\u00f3n.<\/li>\n\n\n\n<li><strong>Practicidad: <\/strong>Este dispensador de espuma de cer\u00e1mica al por mayor con 360 grados de rotaci\u00f3n de la cabeza de la bomba, y es suave para presionar con salida de l\u00edquido estable que hace que sea f\u00e1cil de usar. El dispensador de jab\u00f3n de manos se puede utilizar no s\u00f3lo para dispensar jab\u00f3n de manos, sino tambi\u00e9n para contener gel de ducha, champ\u00fa, loci\u00f3n, etc. Adem\u00e1s, los dispensadores de jab\u00f3n de cer\u00e1mica son f\u00e1ciles de limpiar y se pueden reutilizar, lo que resulta muy pr\u00e1ctico.<\/li>\n<\/ul>\n<\/div>\n\n\n\n<div class=\"wp-block-column is-layout-flow wp-block-column-is-layout-flow\">\n<figure class=\"wp-block-image size-full\"><img fetchpriority=\"high\" decoding=\"async\" width=\"1000\" height=\"1000\" src=\"https:\/\/jinhuaceramic.com\/wp-content\/uploads\/2024\/11\/Bulk-Modern-Custom-Liquid-Soap-Dispenser-Ceramic-Soap-Bottle-For-Bathroom-2_\u7ed3\u679c.webp\" alt=\"Dispensador de Jab\u00f3n L\u00edquido a Granel, Botella Dispensadora de Espuma de Cer\u00e1mica al por Mayor-1\" class=\"wp-image-7209\" srcset=\"https:\/\/jinhuaceramic.com\/wp-content\/uploads\/2024\/11\/Bulk-Modern-Custom-Liquid-Soap-Dispenser-Ceramic-Soap-Bottle-For-Bathroom-2_\u7ed3\u679c.webp 1000w, https:\/\/jinhuaceramic.com\/wp-content\/uploads\/2024\/11\/Bulk-Modern-Custom-Liquid-Soap-Dispenser-Ceramic-Soap-Bottle-For-Bathroom-2_\u7ed3\u679c-300x300.webp 300w, https:\/\/jinhuaceramic.com\/wp-content\/uploads\/2024\/11\/Bulk-Modern-Custom-Liquid-Soap-Dispenser-Ceramic-Soap-Bottle-For-Bathroom-2_\u7ed3\u679c-150x150.webp 150w, https:\/\/jinhuaceramic.com\/wp-content\/uploads\/2024\/11\/Bulk-Modern-Custom-Liquid-Soap-Dispenser-Ceramic-Soap-Bottle-For-Bathroom-2_\u7ed3\u679c-768x768.webp 768w, https:\/\/jinhuaceramic.com\/wp-content\/uploads\/2024\/11\/Bulk-Modern-Custom-Liquid-Soap-Dispenser-Ceramic-Soap-Bottle-For-Bathroom-2_\u7ed3\u679c-12x12.webp 12w, https:\/\/jinhuaceramic.com\/wp-content\/uploads\/2024\/11\/Bulk-Modern-Custom-Liquid-Soap-Dispenser-Ceramic-Soap-Bottle-For-Bathroom-2_\u7ed3\u679c-285x285.webp 285w, https:\/\/jinhuaceramic.com\/wp-content\/uploads\/2024\/11\/Bulk-Modern-Custom-Liquid-Soap-Dispenser-Ceramic-Soap-Bottle-For-Bathroom-2_\u7ed3\u679c-270x270.webp 270w, https:\/\/jinhuaceramic.com\/wp-content\/uploads\/2024\/11\/Bulk-Modern-Custom-Liquid-Soap-Dispenser-Ceramic-Soap-Bottle-For-Bathroom-2_\u7ed3\u679c-540x540.webp 540w, https:\/\/jinhuaceramic.com\/wp-content\/uploads\/2024\/11\/Bulk-Modern-Custom-Liquid-Soap-Dispenser-Ceramic-Soap-Bottle-For-Bathroom-2_\u7ed3\u679c-660x660.webp 660w\" sizes=\"(max-width: 1000px) 100vw, 1000px\" \/><\/figure>\n<\/div>\n<\/div>","protected":false},"excerpt":{"rendered":"<p>Bienvenido a la compra al por mayor de botellas dispensadoras de espuma. Estos dispensadores de jab\u00f3n l\u00edquido al por mayor son populares en el mercado por su variado color, exquisita apariencia, material duradero y pr\u00e1ctica funci\u00f3n. Adem\u00e1s de las funciones b\u00e1sicas de dispensadores de jab\u00f3n, estos productos tambi\u00e9n tienen efecto decorativo, que puede ser utilizado como decoraci\u00f3n en ba\u00f1os o aseos para elevar el estilo del espacio.<\/p>","protected":false},"featured_media":7215,"comment_status":"closed","ping_status":"closed","template":"","meta":{"_acf_changed":false},"product_brand":[],"product_cat":[51],"product_tag":[73],"class_list":{"0":"post-7208","1":"product","2":"type-product","3":"status-publish","4":"has-post-thumbnail","6":"product_cat-bathroom-accessories-wholesale","7":"product_tag-custom-soap-dispensers","9":"first","10":"instock","11":"shipping-taxable","12":"product-type-simple"},"acf":[],"_links":{"self":[{"href":"https:\/\/jinhuaceramic.com\/es\/wp-json\/wp\/v2\/product\/7208","targetHints":{"allow":["GET"]}}],"collection":[{"href":"https:\/\/jinhuaceramic.com\/es\/wp-json\/wp\/v2\/product"}],"about":[{"href":"https:\/\/jinhuaceramic.com\/es\/wp-json\/wp\/v2\/types\/product"}],"replies":[{"embeddable":true,"href":"https:\/\/jinhuaceramic.com\/es\/wp-json\/wp\/v2\/comments?post=7208"}],"version-history":[{"count":0,"href":"https:\/\/jinhuaceramic.com\/es\/wp-json\/wp\/v2\/product\/7208\/revisions"}],"wp:featuredmedia":[{"embeddable":true,"href":"https:\/\/jinhuaceramic.com\/es\/wp-json\/wp\/v2\/media\/7215"}],"wp:attachment":[{"href":"https:\/\/jinhuaceramic.com\/es\/wp-json\/wp\/v2\/media?parent=7208"}],"wp:term":[{"taxonomy":"product_brand","embeddable":true,"href":"https:\/\/jinhuaceramic.com\/es\/wp-json\/wp\/v2\/product_brand?post=7208"},{"taxonomy":"product_cat","embeddable":true,"href":"https:\/\/jinhuaceramic.com\/es\/wp-json\/wp\/v2\/product_cat?post=7208"},{"taxonomy":"product_tag","embeddable":true,"href":"https:\/\/jinhuaceramic.com\/es\/wp-json\/wp\/v2\/product_tag?post=7208"}],"curies":[{"name":"wp","href":"https:\/\/api.w.org\/{rel}","templated":true}]}}