{"id":7229,"date":"2024-11-27T10:20:55","date_gmt":"2024-11-27T10:20:55","guid":{"rendered":"https:\/\/jinhuaceramic.com\/?post_type=product&#038;p=7229"},"modified":"2025-03-11T08:02:01","modified_gmt":"2025-03-11T08:02:01","slug":"wholesale-baking-dishes-set","status":"publish","type":"product","link":"https:\/\/jinhuaceramic.com\/es\/product\/wholesale-baking-dishes-set\/","title":{"rendered":"Juego de Platos de Cer\u00e1mica para Hornear, Apilables al por mayor"},"content":{"rendered":"<div class=\"wp-block-columns is-layout-flex wp-container-core-columns-is-layout-9d6595d7 wp-block-columns-is-layout-flex\">\n<div class=\"wp-block-column is-layout-flow wp-block-column-is-layout-flow\">\n<h3 class=\"wp-block-heading\">Juego de Platos para Hornear al por mayor de primera calidad Caracter\u00edsticas:<\/h3>\n\n\n\n<ul class=\"wp-block-list\">\n<li><strong>Dise\u00f1o elegante: <\/strong>La combinaci\u00f3n de colores negro y marr\u00f3n de estos juegos de vajilla para horno al por mayor es discreta y elegante, y puede aportar un toque moderno a la cocina. Adem\u00e1s, la combinaci\u00f3n de blanco y marr\u00f3n aporta frescura y elegancia a la cocina. Estos exquisitos platos de cer\u00e1mica para hornear pueden aumentar el ritual gastron\u00f3mico y la diversi\u00f3n de la cena.<\/li>\n\n\n\n<li><strong>Material cer\u00e1mico de alta calidad:<\/strong> En comparaci\u00f3n con las bandejas de hornear de metal o silicona, estas bandejas de hornear de cer\u00e1mica al por mayor son duraderas, tienen una larga vida \u00fatil y una textura excelente. Adem\u00e1s, la superficie de las bandejas de hornear de cer\u00e1mica es lisa y f\u00e1cil de limpiar.<\/li>\n\n\n\n<li><strong>Varios Tama\u00f1o: <\/strong>Cada uno de los juegos de bandejas de hornear al por mayor consta de tres bandejas de diferentes tama\u00f1os para diferentes tipos de productos horneados. Para una mayor cantidad de ingredientes, cada molde est\u00e1 dise\u00f1ado con profundidad extra. El molde alargado es perfecto para pan, como el pan de pl\u00e1tano; el cuadrado es ideal para postres como brownies, y los grandes son los mejores para platos que requieren espacio, como la lasa\u00f1a.<\/li>\n\n\n\n<li><strong>C\u00f3modas asas y apilable: <\/strong>Estos moldes de cer\u00e1mica para hornear al por mayor vienen con dos asas que facilitan su manejo y movimiento para evitar quemaduras; cuando no se utilizan, los tres tama\u00f1os se pueden apilar para ahorrar espacio en el armario.<\/li>\n<\/ul>\n<\/div>\n\n\n\n<div class=\"wp-block-column is-layout-flow wp-block-column-is-layout-flow\">\n<figure class=\"wp-block-image size-full\"><img fetchpriority=\"high\" decoding=\"async\" width=\"1250\" height=\"1500\" src=\"https:\/\/jinhuaceramic.com\/wp-content\/uploads\/2024\/11\/Wholesale-Custom-Stackable-Baking-Dishes-Set-Ceramic-Bakeware-Supplies-3_\u7ed3\u679c.webp\" alt=\"Juego de Platos de Cer\u00e1mica para Hornear Apilables al por Mayor Bulk-1\" class=\"wp-image-7231\" srcset=\"https:\/\/jinhuaceramic.com\/wp-content\/uploads\/2024\/11\/Wholesale-Custom-Stackable-Baking-Dishes-Set-Ceramic-Bakeware-Supplies-3_\u7ed3\u679c.webp 1250w, https:\/\/jinhuaceramic.com\/wp-content\/uploads\/2024\/11\/Wholesale-Custom-Stackable-Baking-Dishes-Set-Ceramic-Bakeware-Supplies-3_\u7ed3\u679c-250x300.webp 250w, https:\/\/jinhuaceramic.com\/wp-content\/uploads\/2024\/11\/Wholesale-Custom-Stackable-Baking-Dishes-Set-Ceramic-Bakeware-Supplies-3_\u7ed3\u679c-768x922.webp 768w, https:\/\/jinhuaceramic.com\/wp-content\/uploads\/2024\/11\/Wholesale-Custom-Stackable-Baking-Dishes-Set-Ceramic-Bakeware-Supplies-3_\u7ed3\u679c-10x12.webp 10w, https:\/\/jinhuaceramic.com\/wp-content\/uploads\/2024\/11\/Wholesale-Custom-Stackable-Baking-Dishes-Set-Ceramic-Bakeware-Supplies-3_\u7ed3\u679c-285x342.webp 285w, https:\/\/jinhuaceramic.com\/wp-content\/uploads\/2024\/11\/Wholesale-Custom-Stackable-Baking-Dishes-Set-Ceramic-Bakeware-Supplies-3_\u7ed3\u679c-550x660.webp 550w, https:\/\/jinhuaceramic.com\/wp-content\/uploads\/2024\/11\/Wholesale-Custom-Stackable-Baking-Dishes-Set-Ceramic-Bakeware-Supplies-3_\u7ed3\u679c-125x150.webp 125w\" sizes=\"(max-width: 1250px) 100vw, 1250px\" \/><\/figure>\n<\/div>\n<\/div>","protected":false},"excerpt":{"rendered":"<p>Bienvenido a la compra al por mayor de juegos de fuentes para hornear. El dise\u00f1o de estos juegos de fuentes para hornear al por mayor tiene plenamente en cuenta las necesidades reales de los usuarios, combinando a la perfecci\u00f3n practicidad y est\u00e9tica. Estos juegos de fuentes de cer\u00e1mica para hornear tienen varios dise\u00f1os y ricas funciones para satisfacer diferentes necesidades de horneado. Tanto si se trata de cocinar en casa como de hornear a nivel profesional, este juego de fuentes de horno es una elecci\u00f3n digna de confianza.<\/p>","protected":false},"featured_media":7235,"comment_status":"closed","ping_status":"closed","template":"","meta":{"_acf_changed":false},"product_brand":[],"product_cat":[53],"product_tag":[71],"class_list":{"0":"post-7229","1":"product","2":"type-product","3":"status-publish","4":"has-post-thumbnail","6":"product_cat-bakeware-in-bulk","7":"product_tag-wholesale-baking-pans","9":"first","10":"instock","11":"shipping-taxable","12":"product-type-simple"},"acf":[],"_links":{"self":[{"href":"https:\/\/jinhuaceramic.com\/es\/wp-json\/wp\/v2\/product\/7229","targetHints":{"allow":["GET"]}}],"collection":[{"href":"https:\/\/jinhuaceramic.com\/es\/wp-json\/wp\/v2\/product"}],"about":[{"href":"https:\/\/jinhuaceramic.com\/es\/wp-json\/wp\/v2\/types\/product"}],"replies":[{"embeddable":true,"href":"https:\/\/jinhuaceramic.com\/es\/wp-json\/wp\/v2\/comments?post=7229"}],"version-history":[{"count":0,"href":"https:\/\/jinhuaceramic.com\/es\/wp-json\/wp\/v2\/product\/7229\/revisions"}],"wp:featuredmedia":[{"embeddable":true,"href":"https:\/\/jinhuaceramic.com\/es\/wp-json\/wp\/v2\/media\/7235"}],"wp:attachment":[{"href":"https:\/\/jinhuaceramic.com\/es\/wp-json\/wp\/v2\/media?parent=7229"}],"wp:term":[{"taxonomy":"product_brand","embeddable":true,"href":"https:\/\/jinhuaceramic.com\/es\/wp-json\/wp\/v2\/product_brand?post=7229"},{"taxonomy":"product_cat","embeddable":true,"href":"https:\/\/jinhuaceramic.com\/es\/wp-json\/wp\/v2\/product_cat?post=7229"},{"taxonomy":"product_tag","embeddable":true,"href":"https:\/\/jinhuaceramic.com\/es\/wp-json\/wp\/v2\/product_tag?post=7229"}],"curies":[{"name":"wp","href":"https:\/\/api.w.org\/{rel}","templated":true}]}}