{"id":7288,"date":"2024-11-28T08:20:31","date_gmt":"2024-11-28T08:20:31","guid":{"rendered":"https:\/\/jinhuaceramic.com\/?post_type=product&#038;p=7288"},"modified":"2024-11-28T08:20:53","modified_gmt":"2024-11-28T08:20:53","slug":"wholesale-soap-dispenser-bottles","status":"publish","type":"product","link":"https:\/\/jinhuaceramic.com\/es\/product\/wholesale-soap-dispenser-bottles\/","title":{"rendered":"Botellas de cer\u00e1mica al por mayor dispensador de jab\u00f3n con soporte para esponja"},"content":{"rendered":"<div class=\"wp-block-columns is-layout-flex wp-container-core-columns-is-layout-9d6595d7 wp-block-columns-is-layout-flex\">\n<div class=\"wp-block-column is-layout-flow wp-block-column-is-layout-flow\">\n<h3 class=\"wp-block-heading\">Botellas dispensadoras de jab\u00f3n al por mayor de primera calidad Caracter\u00edsticas:<\/h3>\n\n\n\n<ul class=\"wp-block-list\">\n<li><strong>Dise\u00f1o dos en uno: <\/strong>Estas botellas dispensadoras de jab\u00f3n al por mayor combinan de forma creativa la funci\u00f3n de dispensador de jab\u00f3n con la de portaesponjas, por lo que aprovechan al m\u00e1ximo el espacio junto a los fregaderos, reduciendo el desorden en las encimeras. De este modo, su cocina y su cuarto de ba\u00f1o tendr\u00e1n un aspecto ordenado. Adem\u00e1s, el portaesponjas no s\u00f3lo puede colocar esponjas, sino tambi\u00e9n otros peque\u00f1os cepillos o jab\u00f3n s\u00f3lido.<\/li>\n\n\n\n<li><strong>Colores vers\u00e1tiles:<\/strong> El color de estos dispensadores de sopa a granel es moderno, sencillo y est\u00e1 disponible en dos vers\u00e1tiles colores: blanco y negro. Estos colores pueden integrarse bien en diversos estilos de decoraci\u00f3n del hogar, realzando la belleza del espacio.<\/li>\n\n\n\n<li><strong>Material cer\u00e1mico de alta calidad:<\/strong> Para fabricar nuestras botellas dispensadoras de jab\u00f3n al por mayor con portaesponjas se utiliza material cer\u00e1mico de alta calidad. Es duradero y reutilizable, con una superficie lisa para una f\u00e1cil limpieza, s\u00f3lo con un pa\u00f1o h\u00famedo.<\/li>\n\n\n\n<li><strong>Funcional y pr\u00e1ctico: <\/strong>Nuestros dispensadores de sopa a granel pueden llenarse con jabones l\u00edquidos como lavavajillas l\u00edquido, jab\u00f3n de manos y gel de ducha, y pueden servir tanto en el ba\u00f1o como en la cocina. Coloque una botella de lavavajillas l\u00edquido y una esponja en el interior mientras lava los platos para facilitar el acceso y la comodidad durante todo el proceso de lavado. El prensado es suave y la salida para dispensar el l\u00edquido es estable. Al mismo tiempo, se garantiza una dosificaci\u00f3n precisa del l\u00edquido lavavajillas para evitar el desperdicio: un dise\u00f1o muy pr\u00e1ctico.<\/li>\n<\/ul>\n<\/div>\n\n\n\n<div class=\"wp-block-column is-layout-flow wp-block-column-is-layout-flow\">\n<figure class=\"wp-block-image size-full\"><img fetchpriority=\"high\" decoding=\"async\" width=\"760\" height=\"760\" src=\"https:\/\/jinhuaceramic.com\/wp-content\/uploads\/2024\/11\/Bulk-Custom-Ceramic-Soap-Dispenser-With-Sponge-Holder-For-Bathroom-Kitchen-7_\u7ed3\u679c.webp\" alt=\"Botellas de cer\u00e1mica al por mayor dispensador de jab\u00f3n con esponja titular-1\" class=\"wp-image-7294\" srcset=\"https:\/\/jinhuaceramic.com\/wp-content\/uploads\/2024\/11\/Bulk-Custom-Ceramic-Soap-Dispenser-With-Sponge-Holder-For-Bathroom-Kitchen-7_\u7ed3\u679c.webp 760w, https:\/\/jinhuaceramic.com\/wp-content\/uploads\/2024\/11\/Bulk-Custom-Ceramic-Soap-Dispenser-With-Sponge-Holder-For-Bathroom-Kitchen-7_\u7ed3\u679c-300x300.webp 300w, https:\/\/jinhuaceramic.com\/wp-content\/uploads\/2024\/11\/Bulk-Custom-Ceramic-Soap-Dispenser-With-Sponge-Holder-For-Bathroom-Kitchen-7_\u7ed3\u679c-150x150.webp 150w, https:\/\/jinhuaceramic.com\/wp-content\/uploads\/2024\/11\/Bulk-Custom-Ceramic-Soap-Dispenser-With-Sponge-Holder-For-Bathroom-Kitchen-7_\u7ed3\u679c-12x12.webp 12w, https:\/\/jinhuaceramic.com\/wp-content\/uploads\/2024\/11\/Bulk-Custom-Ceramic-Soap-Dispenser-With-Sponge-Holder-For-Bathroom-Kitchen-7_\u7ed3\u679c-285x285.webp 285w, https:\/\/jinhuaceramic.com\/wp-content\/uploads\/2024\/11\/Bulk-Custom-Ceramic-Soap-Dispenser-With-Sponge-Holder-For-Bathroom-Kitchen-7_\u7ed3\u679c-270x270.webp 270w, https:\/\/jinhuaceramic.com\/wp-content\/uploads\/2024\/11\/Bulk-Custom-Ceramic-Soap-Dispenser-With-Sponge-Holder-For-Bathroom-Kitchen-7_\u7ed3\u679c-540x540.webp 540w, https:\/\/jinhuaceramic.com\/wp-content\/uploads\/2024\/11\/Bulk-Custom-Ceramic-Soap-Dispenser-With-Sponge-Holder-For-Bathroom-Kitchen-7_\u7ed3\u679c-660x660.webp 660w\" sizes=\"(max-width: 760px) 100vw, 760px\" \/><\/figure>\n<\/div>\n<\/div>","protected":false},"excerpt":{"rendered":"<p>Estas botellas dispensadoras de jab\u00f3n al por mayor son a la vez dispensadores de jab\u00f3n y portaesponjas en uno, muy pr\u00e1cticos. Al mismo tiempo, varios colores y dise\u00f1o moderno lo convierten en una gran decoraci\u00f3n para el hogar. Si est\u00e1 buscando dispensadores de jab\u00f3n bonitos y pr\u00e1cticos a la vez, este producto debe ser su mejor elecci\u00f3n.<\/p>","protected":false},"featured_media":7291,"comment_status":"closed","ping_status":"closed","template":"","meta":{"_acf_changed":false},"product_brand":[],"product_cat":[51],"product_tag":[73],"class_list":{"0":"post-7288","1":"product","2":"type-product","3":"status-publish","4":"has-post-thumbnail","6":"product_cat-bathroom-accessories-wholesale","7":"product_tag-custom-soap-dispensers","9":"first","10":"instock","11":"shipping-taxable","12":"product-type-simple"},"acf":[],"_links":{"self":[{"href":"https:\/\/jinhuaceramic.com\/es\/wp-json\/wp\/v2\/product\/7288","targetHints":{"allow":["GET"]}}],"collection":[{"href":"https:\/\/jinhuaceramic.com\/es\/wp-json\/wp\/v2\/product"}],"about":[{"href":"https:\/\/jinhuaceramic.com\/es\/wp-json\/wp\/v2\/types\/product"}],"replies":[{"embeddable":true,"href":"https:\/\/jinhuaceramic.com\/es\/wp-json\/wp\/v2\/comments?post=7288"}],"version-history":[{"count":0,"href":"https:\/\/jinhuaceramic.com\/es\/wp-json\/wp\/v2\/product\/7288\/revisions"}],"wp:featuredmedia":[{"embeddable":true,"href":"https:\/\/jinhuaceramic.com\/es\/wp-json\/wp\/v2\/media\/7291"}],"wp:attachment":[{"href":"https:\/\/jinhuaceramic.com\/es\/wp-json\/wp\/v2\/media?parent=7288"}],"wp:term":[{"taxonomy":"product_brand","embeddable":true,"href":"https:\/\/jinhuaceramic.com\/es\/wp-json\/wp\/v2\/product_brand?post=7288"},{"taxonomy":"product_cat","embeddable":true,"href":"https:\/\/jinhuaceramic.com\/es\/wp-json\/wp\/v2\/product_cat?post=7288"},{"taxonomy":"product_tag","embeddable":true,"href":"https:\/\/jinhuaceramic.com\/es\/wp-json\/wp\/v2\/product_tag?post=7288"}],"curies":[{"name":"wp","href":"https:\/\/api.w.org\/{rel}","templated":true}]}}