{"id":7311,"date":"2024-11-29T09:35:21","date_gmt":"2024-11-29T09:35:21","guid":{"rendered":"https:\/\/jinhuaceramic.com\/?post_type=product&#038;p=7311"},"modified":"2025-01-16T06:24:09","modified_gmt":"2025-01-16T06:24:09","slug":"wholesale-dinnerware","status":"publish","type":"product","link":"https:\/\/jinhuaceramic.com\/es\/product\/wholesale-dinnerware\/","title":{"rendered":"Mayorista Vajillas, Platos y Tazones de Cer\u00e1mica para Catering al por Mayor"},"content":{"rendered":"<div class=\"wp-block-columns is-layout-flex wp-container-core-columns-is-layout-9d6595d7 wp-block-columns-is-layout-flex\">\n<div class=\"wp-block-column is-layout-flow wp-block-column-is-layout-flow\">\n<h3 class=\"wp-block-heading\">Vajilla Mayorista Premium Caracter\u00edsticas:<\/h3>\n\n\n\n<ul class=\"wp-block-list\">\n<li><strong>Dise\u00f1o elegante:<\/strong> Estos platos y cuencos de cer\u00e1mica a granel tienen forma redondeada y son de color blanco suave, mostrando un estilo sencillo. En los laterales de la vajilla hay rayas verticales de color marr\u00f3n claro que a\u00f1aden un encanto natural y r\u00fastico. Este dise\u00f1o armoniza perfectamente la modernidad con la belleza natural, realzando a\u00fan m\u00e1s la belleza de la vajilla.<\/li>\n\n\n\n<li><strong>Material cer\u00e1mico de alta calidad: <\/strong>La cocci\u00f3n a altas temperaturas hace que sean resistentes y puedan soportar roturas, pero f\u00e1ciles de limpiar gracias a su superficie lisa. Estas vajillas al por mayor de calidad superior pueden utilizarse f\u00e1cilmente en microondas, hornos, frigor\u00edficos y lavavajillas.<\/li>\n\n\n\n<li><strong>Versatilidad: <\/strong>Nuestro juego de platos y cuencos de cer\u00e1mica a granel se compone de un cuenco y dos tama\u00f1os de platos que se adaptan a diversos fines culinarios. El plato grande puede utilizarse para los platos principales, el peque\u00f1o para las guarniciones y el cuenco para la sopa o el arroz.<\/li>\n\n\n\n<li><strong>Personalizaci\u00f3n a medida: <\/strong>Ofrecemos servicios personalizados de vajilla al por mayor en varios colores, formas y dise\u00f1os basados en las necesidades de nuestros clientes, creando as\u00ed productos de vajilla \u00fanicos para usted.<\/li>\n<\/ul>\n<\/div>\n\n\n\n<div class=\"wp-block-column is-layout-flow wp-block-column-is-layout-flow\">\n<figure class=\"wp-block-image size-full\"><img fetchpriority=\"high\" decoding=\"async\" width=\"1000\" height=\"1500\" src=\"https:\/\/jinhuaceramic.com\/wp-content\/uploads\/2024\/11\/Wholesale-Dinnerware-Set-Ceramic-Tableware-Custom-Kitchen-Supplies_\u7ed3\u679c.webp\" alt=\"Mayorista Vajilla, Platos y Tazones de Cer\u00e1mica para Catering Granel-1\" class=\"wp-image-7317\" srcset=\"https:\/\/jinhuaceramic.com\/wp-content\/uploads\/2024\/11\/Wholesale-Dinnerware-Set-Ceramic-Tableware-Custom-Kitchen-Supplies_\u7ed3\u679c.webp 1000w, https:\/\/jinhuaceramic.com\/wp-content\/uploads\/2024\/11\/Wholesale-Dinnerware-Set-Ceramic-Tableware-Custom-Kitchen-Supplies_\u7ed3\u679c-200x300.webp 200w, https:\/\/jinhuaceramic.com\/wp-content\/uploads\/2024\/11\/Wholesale-Dinnerware-Set-Ceramic-Tableware-Custom-Kitchen-Supplies_\u7ed3\u679c-768x1152.webp 768w, https:\/\/jinhuaceramic.com\/wp-content\/uploads\/2024\/11\/Wholesale-Dinnerware-Set-Ceramic-Tableware-Custom-Kitchen-Supplies_\u7ed3\u679c-8x12.webp 8w, https:\/\/jinhuaceramic.com\/wp-content\/uploads\/2024\/11\/Wholesale-Dinnerware-Set-Ceramic-Tableware-Custom-Kitchen-Supplies_\u7ed3\u679c-285x428.webp 285w, https:\/\/jinhuaceramic.com\/wp-content\/uploads\/2024\/11\/Wholesale-Dinnerware-Set-Ceramic-Tableware-Custom-Kitchen-Supplies_\u7ed3\u679c-440x660.webp 440w, https:\/\/jinhuaceramic.com\/wp-content\/uploads\/2024\/11\/Wholesale-Dinnerware-Set-Ceramic-Tableware-Custom-Kitchen-Supplies_\u7ed3\u679c-100x150.webp 100w\" sizes=\"(max-width: 1000px) 100vw, 1000px\" \/><\/figure>\n<\/div>\n<\/div>","protected":false},"excerpt":{"rendered":"<p>Bienvenido a comprar vajilla al por mayor. Combinado con la practicidad y la est\u00e9tica en el comedor diario, estos platos de cer\u00e1mica y cuencos a granel mejorar no s\u00f3lo la necesidad de comer todos los d\u00edas, pero el sentido del ritual de comedor con su estilo de dise\u00f1o. El estilo de dise\u00f1o de esta vajilla es muy adecuado para las personas, que persiguen la simplicidad, la moda y la vida de alta calidad.<\/p>","protected":false},"featured_media":7313,"comment_status":"closed","ping_status":"closed","template":"","meta":{"_acf_changed":false},"product_brand":[],"product_cat":[54,83],"product_tag":[78,76],"class_list":{"0":"post-7311","1":"product","2":"type-product","3":"status-publish","4":"has-post-thumbnail","6":"product_cat-tableware-wholesale","7":"product_cat-wholesale-dinnerware-sets","8":"product_tag-bulk-ceramic-bowls","9":"product_tag-dinner-plates-bulk","11":"first","12":"instock","13":"shipping-taxable","14":"product-type-simple"},"acf":[],"_links":{"self":[{"href":"https:\/\/jinhuaceramic.com\/es\/wp-json\/wp\/v2\/product\/7311","targetHints":{"allow":["GET"]}}],"collection":[{"href":"https:\/\/jinhuaceramic.com\/es\/wp-json\/wp\/v2\/product"}],"about":[{"href":"https:\/\/jinhuaceramic.com\/es\/wp-json\/wp\/v2\/types\/product"}],"replies":[{"embeddable":true,"href":"https:\/\/jinhuaceramic.com\/es\/wp-json\/wp\/v2\/comments?post=7311"}],"version-history":[{"count":0,"href":"https:\/\/jinhuaceramic.com\/es\/wp-json\/wp\/v2\/product\/7311\/revisions"}],"wp:featuredmedia":[{"embeddable":true,"href":"https:\/\/jinhuaceramic.com\/es\/wp-json\/wp\/v2\/media\/7313"}],"wp:attachment":[{"href":"https:\/\/jinhuaceramic.com\/es\/wp-json\/wp\/v2\/media?parent=7311"}],"wp:term":[{"taxonomy":"product_brand","embeddable":true,"href":"https:\/\/jinhuaceramic.com\/es\/wp-json\/wp\/v2\/product_brand?post=7311"},{"taxonomy":"product_cat","embeddable":true,"href":"https:\/\/jinhuaceramic.com\/es\/wp-json\/wp\/v2\/product_cat?post=7311"},{"taxonomy":"product_tag","embeddable":true,"href":"https:\/\/jinhuaceramic.com\/es\/wp-json\/wp\/v2\/product_tag?post=7311"}],"curies":[{"name":"wp","href":"https:\/\/api.w.org\/{rel}","templated":true}]}}