{"id":7331,"date":"2024-12-05T02:20:34","date_gmt":"2024-12-05T02:20:34","guid":{"rendered":"https:\/\/jinhuaceramic.com\/?post_type=product&#038;p=7331"},"modified":"2025-03-11T07:57:46","modified_gmt":"2025-03-11T07:57:46","slug":"wholesale-kitchen-bakeware","status":"publish","type":"product","link":"https:\/\/jinhuaceramic.com\/es\/product\/wholesale-kitchen-bakeware\/","title":{"rendered":"Mayorista de utensilios de cocina, moldes de cer\u00e1mica a granel"},"content":{"rendered":"<div class=\"wp-block-columns is-layout-flex wp-container-core-columns-is-layout-9d6595d7 wp-block-columns-is-layout-flex\">\n<div class=\"wp-block-column is-layout-flow wp-block-column-is-layout-flow\">\n<h3 class=\"wp-block-heading\">Bater\u00eda de cocina al por mayor de primera calidad Caracter\u00edsticas:<\/h3>\n\n\n\n<ul class=\"wp-block-list\">\n<li><strong>Patr\u00f3n geom\u00e9trico cl\u00e1sico:<\/strong> Estos utensilios de cocina de cer\u00e1mica al por mayor presentan un patr\u00f3n geom\u00e9trico de rombos cl\u00e1sico en la superficie, coloreado en azul y blanco, que muestra un estilo sencillo y elegante. Este hermoso dise\u00f1o patr\u00f3n es atemporal y adecuado para cocinas con todo tipo de estilos.<\/li>\n\n\n\n<li><strong>Material de alta calidad: <\/strong>Estos moldes de cer\u00e1mica para hornear a granel est\u00e1n fabricados con cer\u00e1mica de primera calidad, que es resistente a la temperatura, calienta los alimentos de manera uniforme, retiene la humedad y mantiene el sabor original. Al mismo tiempo, su facilidad de limpieza es otra ventaja fundamental de la cer\u00e1mica.<\/li>\n\n\n\n<li><strong>M\u00faltiples tama\u00f1os: <\/strong>Estos moldes de cocina al por mayor tienen forma cuadrada y rectangular, con diferentes tama\u00f1os para satisfacer las diversas necesidades de horneado. Como fabricante, podemos personalizar otros tama\u00f1os de moldes para hornear de acuerdo a los requerimientos del cliente.<\/li>\n\n\n\n<li><strong>Dise\u00f1o cuadrado y de doble oreja:<\/strong> El dise\u00f1o cuadrado de estas bandejas de cer\u00e1mica para hornear a granel permite aprovechar el espacio del horno mucho mejor que las bandejas redondas tradicionales y contener m\u00e1s alimentos. En ambos lados del molde hay dos orejas que permiten cogerlo y moverlo con facilidad, y que tambi\u00e9n se pueden accionar con seguridad cuando el molde contiene alimentos calientes.<\/li>\n<\/ul>\n<\/div>\n\n\n\n<div class=\"wp-block-column is-layout-flow wp-block-column-is-layout-flow\">\n<figure class=\"wp-block-image size-full\"><img fetchpriority=\"high\" decoding=\"async\" width=\"640\" height=\"640\" src=\"https:\/\/jinhuaceramic.com\/wp-content\/uploads\/2024\/12\/Bulk-Ceramic-Custom-Baking-Pans-Wholesale-Bakeware-Supplies_\u7ed3\u679c.webp\" alt=\"Mayorista de utensilios de cocina, moldes de cer\u00e1mica a granel-1\" class=\"wp-image-7335\" srcset=\"https:\/\/jinhuaceramic.com\/wp-content\/uploads\/2024\/12\/Bulk-Ceramic-Custom-Baking-Pans-Wholesale-Bakeware-Supplies_\u7ed3\u679c.webp 640w, https:\/\/jinhuaceramic.com\/wp-content\/uploads\/2024\/12\/Bulk-Ceramic-Custom-Baking-Pans-Wholesale-Bakeware-Supplies_\u7ed3\u679c-300x300.webp 300w, https:\/\/jinhuaceramic.com\/wp-content\/uploads\/2024\/12\/Bulk-Ceramic-Custom-Baking-Pans-Wholesale-Bakeware-Supplies_\u7ed3\u679c-150x150.webp 150w, https:\/\/jinhuaceramic.com\/wp-content\/uploads\/2024\/12\/Bulk-Ceramic-Custom-Baking-Pans-Wholesale-Bakeware-Supplies_\u7ed3\u679c-12x12.webp 12w, https:\/\/jinhuaceramic.com\/wp-content\/uploads\/2024\/12\/Bulk-Ceramic-Custom-Baking-Pans-Wholesale-Bakeware-Supplies_\u7ed3\u679c-285x285.webp 285w, https:\/\/jinhuaceramic.com\/wp-content\/uploads\/2024\/12\/Bulk-Ceramic-Custom-Baking-Pans-Wholesale-Bakeware-Supplies_\u7ed3\u679c-270x270.webp 270w, https:\/\/jinhuaceramic.com\/wp-content\/uploads\/2024\/12\/Bulk-Ceramic-Custom-Baking-Pans-Wholesale-Bakeware-Supplies_\u7ed3\u679c-540x540.webp 540w\" sizes=\"(max-width: 640px) 100vw, 640px\" \/><\/figure>\n<\/div>\n<\/div>","protected":false},"excerpt":{"rendered":"<p>Bienvenido a comprar utensilios de cocina al por mayor. Nuestros moldes de cer\u00e1mica para hornear al por mayor tienen un dise\u00f1o elegante, estructura de cer\u00e1mica s\u00f3lida, varios tama\u00f1os, dise\u00f1o de doble oreja, etc. El dise\u00f1o de estos moldes de cer\u00e1mica para hornear combina perfectamente la belleza y la practicidad, que no s\u00f3lo puede mejorar la apariencia de la cocina, sino tambi\u00e9n satisfacer las necesidades de la cocci\u00f3n diaria.<\/p>","protected":false},"featured_media":7334,"comment_status":"closed","ping_status":"closed","template":"","meta":{"_acf_changed":false},"product_brand":[],"product_cat":[53],"product_tag":[71],"class_list":{"0":"post-7331","1":"product","2":"type-product","3":"status-publish","4":"has-post-thumbnail","6":"product_cat-bakeware-in-bulk","7":"product_tag-wholesale-baking-pans","9":"first","10":"instock","11":"shipping-taxable","12":"product-type-simple"},"acf":[],"_links":{"self":[{"href":"https:\/\/jinhuaceramic.com\/es\/wp-json\/wp\/v2\/product\/7331","targetHints":{"allow":["GET"]}}],"collection":[{"href":"https:\/\/jinhuaceramic.com\/es\/wp-json\/wp\/v2\/product"}],"about":[{"href":"https:\/\/jinhuaceramic.com\/es\/wp-json\/wp\/v2\/types\/product"}],"replies":[{"embeddable":true,"href":"https:\/\/jinhuaceramic.com\/es\/wp-json\/wp\/v2\/comments?post=7331"}],"version-history":[{"count":0,"href":"https:\/\/jinhuaceramic.com\/es\/wp-json\/wp\/v2\/product\/7331\/revisions"}],"wp:featuredmedia":[{"embeddable":true,"href":"https:\/\/jinhuaceramic.com\/es\/wp-json\/wp\/v2\/media\/7334"}],"wp:attachment":[{"href":"https:\/\/jinhuaceramic.com\/es\/wp-json\/wp\/v2\/media?parent=7331"}],"wp:term":[{"taxonomy":"product_brand","embeddable":true,"href":"https:\/\/jinhuaceramic.com\/es\/wp-json\/wp\/v2\/product_brand?post=7331"},{"taxonomy":"product_cat","embeddable":true,"href":"https:\/\/jinhuaceramic.com\/es\/wp-json\/wp\/v2\/product_cat?post=7331"},{"taxonomy":"product_tag","embeddable":true,"href":"https:\/\/jinhuaceramic.com\/es\/wp-json\/wp\/v2\/product_tag?post=7331"}],"curies":[{"name":"wp","href":"https:\/\/api.w.org\/{rel}","templated":true}]}}