{"id":7338,"date":"2024-12-05T02:08:02","date_gmt":"2024-12-05T02:08:02","guid":{"rendered":"https:\/\/jinhuaceramic.com\/?post_type=product&#038;p=7338"},"modified":"2024-12-05T02:22:41","modified_gmt":"2024-12-05T02:22:41","slug":"designer-bathroom-sets-wholesale","status":"publish","type":"product","link":"https:\/\/jinhuaceramic.com\/es\/product\/designer-bathroom-sets-wholesale\/","title":{"rendered":"Set de ba\u00f1o de dise\u00f1o de 4 piezas al por mayor, Accesorios de ba\u00f1o al por mayor"},"content":{"rendered":"<div class=\"wp-block-columns is-layout-flex wp-container-core-columns-is-layout-9d6595d7 wp-block-columns-is-layout-flex\">\n<div class=\"wp-block-column is-layout-flow wp-block-column-is-layout-flow\">\n<h3 class=\"wp-block-heading\">Premium Juegos de Ba\u00f1o de Dise\u00f1o al por mayor Caracter\u00edsticas:<\/h3>\n\n\n\n<ul class=\"wp-block-list\">\n<li><strong>Dise\u00f1o bicolor: <\/strong>Estos conjuntos de ba\u00f1o de dise\u00f1o al por mayor est\u00e1n fabricados en blanco y marr\u00f3n, con la blancura de la cer\u00e1mica y la calidez de la madera, sencillos y elegantes. Esta combinaci\u00f3n de colores es muy vers\u00e1til y adecuada para cuartos de ba\u00f1o de varios estilos.<\/li>\n\n\n\n<li><strong>Textura de puntos: <\/strong>La textura azul punteada de estos accesorios de ba\u00f1o a granel rompe la monoton\u00eda de los colores s\u00f3lidos, a\u00f1adiendo inter\u00e9s visual y haciendo que el espacio de ba\u00f1o parezca m\u00e1s animado.<\/li>\n\n\n\n<li><strong>Material de alta calidad: <\/strong>El material utilizado en estos juegos de ba\u00f1o de dise\u00f1o es material cer\u00e1mico de la mejor calidad. La finura de su textura, la suavidad de su superficie y la comodidad de su tacto lo hacen muy c\u00f3modo de usar. La cer\u00e1mica posee una buena resistencia a las altas temperaturas, no teme la dilataci\u00f3n ni la contracci\u00f3n por el calor, no se deforma con facilidad y dura m\u00e1s.<\/li>\n\n\n\n<li><strong>Juego completo: <\/strong>Estos accesorios de ba\u00f1o de cer\u00e1mica a granel incluyen dispensadores de jab\u00f3n, vasos para cepillos de dientes, vasos para enjuagues bucales y jaboneras para una gran variedad de necesidades de aseo diario. Un juego completo de juegos de ba\u00f1o de cer\u00e1mica puede ayudarle a clasificar y colocar diversos art\u00edculos de aseo y a mantener el ba\u00f1o ordenado y en orden.<\/li>\n<\/ul>\n<\/div>\n\n\n\n<div class=\"wp-block-column is-layout-flow wp-block-column-is-layout-flow\">\n<figure class=\"wp-block-image size-full\"><img fetchpriority=\"high\" decoding=\"async\" width=\"1500\" height=\"1500\" src=\"https:\/\/jinhuaceramic.com\/wp-content\/uploads\/2024\/12\/4-Piece-Custom-Ceramic-Bathroom-Accessories-Set-Wholesale-Supplies-2_\u7ed3\u679c.webp\" alt=\"Set de Ba\u00f1o de 4 Piezas al por mayor, Accesorios de Ba\u00f1o al por mayor-1\" class=\"wp-image-7339\" srcset=\"https:\/\/jinhuaceramic.com\/wp-content\/uploads\/2024\/12\/4-Piece-Custom-Ceramic-Bathroom-Accessories-Set-Wholesale-Supplies-2_\u7ed3\u679c.webp 1500w, https:\/\/jinhuaceramic.com\/wp-content\/uploads\/2024\/12\/4-Piece-Custom-Ceramic-Bathroom-Accessories-Set-Wholesale-Supplies-2_\u7ed3\u679c-300x300.webp 300w, https:\/\/jinhuaceramic.com\/wp-content\/uploads\/2024\/12\/4-Piece-Custom-Ceramic-Bathroom-Accessories-Set-Wholesale-Supplies-2_\u7ed3\u679c-150x150.webp 150w, https:\/\/jinhuaceramic.com\/wp-content\/uploads\/2024\/12\/4-Piece-Custom-Ceramic-Bathroom-Accessories-Set-Wholesale-Supplies-2_\u7ed3\u679c-768x768.webp 768w, https:\/\/jinhuaceramic.com\/wp-content\/uploads\/2024\/12\/4-Piece-Custom-Ceramic-Bathroom-Accessories-Set-Wholesale-Supplies-2_\u7ed3\u679c-12x12.webp 12w, https:\/\/jinhuaceramic.com\/wp-content\/uploads\/2024\/12\/4-Piece-Custom-Ceramic-Bathroom-Accessories-Set-Wholesale-Supplies-2_\u7ed3\u679c-285x285.webp 285w, https:\/\/jinhuaceramic.com\/wp-content\/uploads\/2024\/12\/4-Piece-Custom-Ceramic-Bathroom-Accessories-Set-Wholesale-Supplies-2_\u7ed3\u679c-270x270.webp 270w, https:\/\/jinhuaceramic.com\/wp-content\/uploads\/2024\/12\/4-Piece-Custom-Ceramic-Bathroom-Accessories-Set-Wholesale-Supplies-2_\u7ed3\u679c-540x540.webp 540w, https:\/\/jinhuaceramic.com\/wp-content\/uploads\/2024\/12\/4-Piece-Custom-Ceramic-Bathroom-Accessories-Set-Wholesale-Supplies-2_\u7ed3\u679c-660x660.webp 660w\" sizes=\"(max-width: 1500px) 100vw, 1500px\" \/><\/figure>\n<\/div>\n<\/div>\n\n\n\n<p><\/p>","protected":false},"excerpt":{"rendered":"<p>Bienvenido a comprar accesorios de ba\u00f1o al por mayor. Estos conjuntos de ba\u00f1o de dise\u00f1o al por mayor tienen un elegante dise\u00f1o bicolor y texturas punteadas especiales, que pueden mejorar eficazmente el aspecto del ba\u00f1o. Al mismo tiempo, el material cer\u00e1mico de alta calidad y la combinaci\u00f3n completa de accesorios lo hacen muy pr\u00e1ctico y una buena opci\u00f3n para mejorar la calidad de vida.<\/p>","protected":false},"featured_media":7343,"comment_status":"closed","ping_status":"closed","template":"","meta":{"_acf_changed":false},"product_brand":[],"product_cat":[51],"product_tag":[74],"class_list":{"0":"post-7338","1":"product","2":"type-product","3":"status-publish","4":"has-post-thumbnail","6":"product_cat-bathroom-accessories-wholesale","7":"product_tag-ceramic-bath-accessories-wholesale","9":"first","10":"instock","11":"shipping-taxable","12":"product-type-simple"},"acf":[],"_links":{"self":[{"href":"https:\/\/jinhuaceramic.com\/es\/wp-json\/wp\/v2\/product\/7338","targetHints":{"allow":["GET"]}}],"collection":[{"href":"https:\/\/jinhuaceramic.com\/es\/wp-json\/wp\/v2\/product"}],"about":[{"href":"https:\/\/jinhuaceramic.com\/es\/wp-json\/wp\/v2\/types\/product"}],"replies":[{"embeddable":true,"href":"https:\/\/jinhuaceramic.com\/es\/wp-json\/wp\/v2\/comments?post=7338"}],"version-history":[{"count":0,"href":"https:\/\/jinhuaceramic.com\/es\/wp-json\/wp\/v2\/product\/7338\/revisions"}],"wp:featuredmedia":[{"embeddable":true,"href":"https:\/\/jinhuaceramic.com\/es\/wp-json\/wp\/v2\/media\/7343"}],"wp:attachment":[{"href":"https:\/\/jinhuaceramic.com\/es\/wp-json\/wp\/v2\/media?parent=7338"}],"wp:term":[{"taxonomy":"product_brand","embeddable":true,"href":"https:\/\/jinhuaceramic.com\/es\/wp-json\/wp\/v2\/product_brand?post=7338"},{"taxonomy":"product_cat","embeddable":true,"href":"https:\/\/jinhuaceramic.com\/es\/wp-json\/wp\/v2\/product_cat?post=7338"},{"taxonomy":"product_tag","embeddable":true,"href":"https:\/\/jinhuaceramic.com\/es\/wp-json\/wp\/v2\/product_tag?post=7338"}],"curies":[{"name":"wp","href":"https:\/\/api.w.org\/{rel}","templated":true}]}}