{"id":7356,"date":"2024-12-06T08:33:59","date_gmt":"2024-12-06T08:33:59","guid":{"rendered":"https:\/\/jinhuaceramic.com\/?post_type=product&#038;p=7356"},"modified":"2025-03-10T08:55:04","modified_gmt":"2025-03-10T08:55:04","slug":"ceramic-baking-pans-wholesale","status":"publish","type":"product","link":"https:\/\/jinhuaceramic.com\/es\/product\/ceramic-baking-pans-wholesale\/","title":{"rendered":"Moldes de cer\u00e1mica para hornear al por mayor, moldes blancos para hornear a granel"},"content":{"rendered":"<div class=\"wp-block-columns is-layout-flex wp-container-core-columns-is-layout-9d6595d7 wp-block-columns-is-layout-flex\">\n<div class=\"wp-block-column is-layout-flow wp-block-column-is-layout-flow\">\n<h3 class=\"wp-block-heading\">Sartenes de cer\u00e1mica al por mayor Caracter\u00edsticas:<\/h3>\n\n\n\n<ul class=\"wp-block-list\">\n<li><strong>Dise\u00f1o elegante: <\/strong>Estos moldes de cer\u00e1mica al por mayor en blanco puro, con l\u00edneas y texturas de rayas verticales, presentan un acento sencillo y elegante para a\u00f1adir sabor.<\/li>\n\n\n\n<li><strong>Material de alta calidad: <\/strong>Estos moldes blancos para hornear a granel est\u00e1n fabricados con cer\u00e1mica de alta calidad cocida a alta temperatura, que resiste altas temperaturas y se puede utilizar con distintos m\u00e9todos de cocci\u00f3n, como el horno o el microondas.<\/li>\n\n\n\n<li><strong>Versatilidad: <\/strong>Los moldes rectangulares grandes de cer\u00e1mica al por mayor tienen una capacidad de 135 onzas, perfectos para preparar grandes porciones de comida como lasa\u00f1a, pollo asado, etc. Estos moldes peque\u00f1os tienen una capacidad de 4 onzas y son adecuados para hacer postres como creme brulee, souffl\u00e9, pasteles peque\u00f1os, o para contener salsas, etc.<\/li>\n\n\n\n<li><strong>Tapa funcional: <\/strong>Estos moldes blancos para hornear a granel vienen con tapas que evitan eficazmente que los alimentos pierdan humedad, manteni\u00e9ndolos frescos. Adem\u00e1s, cada tapa tiene un orificio de ventilaci\u00f3n, lo que resulta muy pr\u00e1ctico. Los moldes con tapa se pueden utilizar para refrigerar o congelar alimentos y facilitar su almacenamiento.<\/li>\n<\/ul>\n<\/div>\n\n\n\n<div class=\"wp-block-column is-layout-flow wp-block-column-is-layout-flow\">\n<figure class=\"wp-block-image size-full\"><img fetchpriority=\"high\" decoding=\"async\" width=\"717\" height=\"717\" src=\"https:\/\/jinhuaceramic.com\/wp-content\/uploads\/2024\/12\/White-Custom-Baking-Dish-Ramekin-Set-Ceramic-Bakeware-Wholesale.webp\" alt=\"Moldes De Cer\u00e1mica Para Hornear Al Por Mayor, Moldes Blancos Para Hornear Bulk-1\" class=\"wp-image-7363\" srcset=\"https:\/\/jinhuaceramic.com\/wp-content\/uploads\/2024\/12\/White-Custom-Baking-Dish-Ramekin-Set-Ceramic-Bakeware-Wholesale.webp 717w, https:\/\/jinhuaceramic.com\/wp-content\/uploads\/2024\/12\/White-Custom-Baking-Dish-Ramekin-Set-Ceramic-Bakeware-Wholesale-300x300.webp 300w, https:\/\/jinhuaceramic.com\/wp-content\/uploads\/2024\/12\/White-Custom-Baking-Dish-Ramekin-Set-Ceramic-Bakeware-Wholesale-150x150.webp 150w, https:\/\/jinhuaceramic.com\/wp-content\/uploads\/2024\/12\/White-Custom-Baking-Dish-Ramekin-Set-Ceramic-Bakeware-Wholesale-12x12.webp 12w, https:\/\/jinhuaceramic.com\/wp-content\/uploads\/2024\/12\/White-Custom-Baking-Dish-Ramekin-Set-Ceramic-Bakeware-Wholesale-285x285.webp 285w, https:\/\/jinhuaceramic.com\/wp-content\/uploads\/2024\/12\/White-Custom-Baking-Dish-Ramekin-Set-Ceramic-Bakeware-Wholesale-270x270.webp 270w, https:\/\/jinhuaceramic.com\/wp-content\/uploads\/2024\/12\/White-Custom-Baking-Dish-Ramekin-Set-Ceramic-Bakeware-Wholesale-540x540.webp 540w, https:\/\/jinhuaceramic.com\/wp-content\/uploads\/2024\/12\/White-Custom-Baking-Dish-Ramekin-Set-Ceramic-Bakeware-Wholesale-660x660.webp 660w\" sizes=\"(max-width: 717px) 100vw, 717px\" \/><\/figure>\n<\/div>\n<\/div>","protected":false},"excerpt":{"rendered":"<p>Bienvenido a comprar ramequines al por mayor. Estos moldes de cer\u00e1mica para hornear al por mayor est\u00e1n dise\u00f1ados con atractivo est\u00e9tico, funcionalidad y versatilidad, son muy recomendables en la cocina. El uso de los ramekines puede extenderse no s\u00f3lo a hornear, sino tambi\u00e9n a servir platos, a\u00f1adiendo valor durante la cena.<\/p>","protected":false},"featured_media":7360,"comment_status":"closed","ping_status":"closed","template":"","meta":{"_acf_changed":false},"product_brand":[],"product_cat":[53],"product_tag":[71],"class_list":{"0":"post-7356","1":"product","2":"type-product","3":"status-publish","4":"has-post-thumbnail","6":"product_cat-bakeware-in-bulk","7":"product_tag-wholesale-baking-pans","9":"first","10":"instock","11":"shipping-taxable","12":"product-type-simple"},"acf":[],"_links":{"self":[{"href":"https:\/\/jinhuaceramic.com\/es\/wp-json\/wp\/v2\/product\/7356","targetHints":{"allow":["GET"]}}],"collection":[{"href":"https:\/\/jinhuaceramic.com\/es\/wp-json\/wp\/v2\/product"}],"about":[{"href":"https:\/\/jinhuaceramic.com\/es\/wp-json\/wp\/v2\/types\/product"}],"replies":[{"embeddable":true,"href":"https:\/\/jinhuaceramic.com\/es\/wp-json\/wp\/v2\/comments?post=7356"}],"version-history":[{"count":0,"href":"https:\/\/jinhuaceramic.com\/es\/wp-json\/wp\/v2\/product\/7356\/revisions"}],"wp:featuredmedia":[{"embeddable":true,"href":"https:\/\/jinhuaceramic.com\/es\/wp-json\/wp\/v2\/media\/7360"}],"wp:attachment":[{"href":"https:\/\/jinhuaceramic.com\/es\/wp-json\/wp\/v2\/media?parent=7356"}],"wp:term":[{"taxonomy":"product_brand","embeddable":true,"href":"https:\/\/jinhuaceramic.com\/es\/wp-json\/wp\/v2\/product_brand?post=7356"},{"taxonomy":"product_cat","embeddable":true,"href":"https:\/\/jinhuaceramic.com\/es\/wp-json\/wp\/v2\/product_cat?post=7356"},{"taxonomy":"product_tag","embeddable":true,"href":"https:\/\/jinhuaceramic.com\/es\/wp-json\/wp\/v2\/product_tag?post=7356"}],"curies":[{"name":"wp","href":"https:\/\/api.w.org\/{rel}","templated":true}]}}