{"id":7381,"date":"2024-12-11T08:55:52","date_gmt":"2024-12-11T08:55:52","guid":{"rendered":"https:\/\/jinhuaceramic.com\/?post_type=product&#038;p=7381"},"modified":"2025-03-10T09:16:36","modified_gmt":"2025-03-10T09:16:36","slug":"pie-pans-wholesale","status":"publish","type":"product","link":"https:\/\/jinhuaceramic.com\/es\/product\/pie-pans-wholesale\/","title":{"rendered":"Molde de Ceramica al por mayor, Molde de Ceramica al por mayor, Molde de Ceramica al por mayor"},"content":{"rendered":"<div class=\"wp-block-columns is-layout-flex wp-container-core-columns-is-layout-9d6595d7 wp-block-columns-is-layout-flex\">\n<div class=\"wp-block-column is-layout-flow wp-block-column-is-layout-flow\">\n<h3 class=\"wp-block-heading\">Premium Pie Pans Venta al por mayor Caracter\u00edsticas:<\/h3>\n\n\n\n<ul class=\"wp-block-list\">\n<li><strong>Dise\u00f1o elegante: <\/strong>Estos moldes de cer\u00e1mica para tartas al por mayor est\u00e1n dise\u00f1ados con elegancia, y el profundo color azul oscuro da a la gente una sensaci\u00f3n de calma y ambiente. El patr\u00f3n de l\u00ednea geom\u00e9trica blanca en el lado de la bandeja para hornear no s\u00f3lo es hermoso, pero tambi\u00e9n muy decorativo, que puede a\u00f1adir un ambiente art\u00edstico a la mesa de comedor.<\/li>\n\n\n\n<li><strong>Material cer\u00e1mico de primera calidad: <\/strong>Estas bandejas de hornear personalizadas de alta calidad ofrecen una gran dureza y resistencia al desgaste, lo que evita ara\u00f1azos y abrasiones con el uso diario y aumenta su vida \u00fatil. Las bandejas para hornear soportan altas temperaturas de horneado y no se deforman ni agrietan con facilidad.<\/li>\n\n\n\n<li><strong>Practicidad: <\/strong>Estos moldes de cer\u00e1mica para tartas al por mayor pueden adaptarse a diversas necesidades culinarias, como hornear, cocinar al vapor, calentar, etc. Son seguros para usar en el horno, microondas, vapor, nevera y lavavajillas.<\/li>\n\n\n\n<li><strong>F\u00e1cil de limpiar:<\/strong> Estos platos de cer\u00e1mica para hornear a medida tienen bordes lisos y un esmalte uniforme, lo que facilita bastante el lavado de la grasa y los restos de comida. La cer\u00e1mica no absorbe olores con facilidad, por lo que despu\u00e9s de limpiarla es m\u00e1s f\u00e1cil recuperar el brillo y el sabor originales.<\/li>\n<\/ul>\n<\/div>\n\n\n\n<div class=\"wp-block-column is-layout-flow wp-block-column-is-layout-flow\">\n<figure class=\"wp-block-image size-full\"><img fetchpriority=\"high\" decoding=\"async\" width=\"640\" height=\"640\" src=\"https:\/\/jinhuaceramic.com\/wp-content\/uploads\/2024\/12\/Custom-Ceramic-Pie-Baking-Pan-Wholesale-Round-Bakeware-Bulk-2.webp\" alt=\"Sartenes de Cer\u00e1mica al por mayor, Platos redondos para hornear al por mayor-5\" class=\"wp-image-7382\" srcset=\"https:\/\/jinhuaceramic.com\/wp-content\/uploads\/2024\/12\/Custom-Ceramic-Pie-Baking-Pan-Wholesale-Round-Bakeware-Bulk-2.webp 640w, https:\/\/jinhuaceramic.com\/wp-content\/uploads\/2024\/12\/Custom-Ceramic-Pie-Baking-Pan-Wholesale-Round-Bakeware-Bulk-2-300x300.webp 300w, https:\/\/jinhuaceramic.com\/wp-content\/uploads\/2024\/12\/Custom-Ceramic-Pie-Baking-Pan-Wholesale-Round-Bakeware-Bulk-2-150x150.webp 150w, https:\/\/jinhuaceramic.com\/wp-content\/uploads\/2024\/12\/Custom-Ceramic-Pie-Baking-Pan-Wholesale-Round-Bakeware-Bulk-2-12x12.webp 12w, https:\/\/jinhuaceramic.com\/wp-content\/uploads\/2024\/12\/Custom-Ceramic-Pie-Baking-Pan-Wholesale-Round-Bakeware-Bulk-2-285x285.webp 285w, https:\/\/jinhuaceramic.com\/wp-content\/uploads\/2024\/12\/Custom-Ceramic-Pie-Baking-Pan-Wholesale-Round-Bakeware-Bulk-2-270x270.webp 270w, https:\/\/jinhuaceramic.com\/wp-content\/uploads\/2024\/12\/Custom-Ceramic-Pie-Baking-Pan-Wholesale-Round-Bakeware-Bulk-2-540x540.webp 540w\" sizes=\"(max-width: 640px) 100vw, 640px\" \/><\/figure>\n<\/div>\n<\/div>","protected":false},"excerpt":{"rendered":"<p>Bienvenido a comprar moldes de cer\u00e1mica para tartas al por mayor. Estos platos para hornear personalizados con dise\u00f1o de forma elegante, material de alta calidad es f\u00e1cil de limpiar, y pr\u00e1ctico. En general, estos moldes para hornear de cer\u00e1mica pueden satisfacer las diferentes necesidades de las personas en la vida moderna sobre la vida familiar.<\/p>","protected":false},"featured_media":7385,"comment_status":"closed","ping_status":"closed","template":"","meta":{"_acf_changed":false},"product_brand":[],"product_cat":[53],"product_tag":[70],"class_list":{"0":"post-7381","1":"product","2":"type-product","3":"status-publish","4":"has-post-thumbnail","6":"product_cat-bakeware-in-bulk","7":"product_tag-custom-pie-pans","9":"first","10":"instock","11":"shipping-taxable","12":"product-type-simple"},"acf":[],"_links":{"self":[{"href":"https:\/\/jinhuaceramic.com\/es\/wp-json\/wp\/v2\/product\/7381","targetHints":{"allow":["GET"]}}],"collection":[{"href":"https:\/\/jinhuaceramic.com\/es\/wp-json\/wp\/v2\/product"}],"about":[{"href":"https:\/\/jinhuaceramic.com\/es\/wp-json\/wp\/v2\/types\/product"}],"replies":[{"embeddable":true,"href":"https:\/\/jinhuaceramic.com\/es\/wp-json\/wp\/v2\/comments?post=7381"}],"version-history":[{"count":0,"href":"https:\/\/jinhuaceramic.com\/es\/wp-json\/wp\/v2\/product\/7381\/revisions"}],"wp:featuredmedia":[{"embeddable":true,"href":"https:\/\/jinhuaceramic.com\/es\/wp-json\/wp\/v2\/media\/7385"}],"wp:attachment":[{"href":"https:\/\/jinhuaceramic.com\/es\/wp-json\/wp\/v2\/media?parent=7381"}],"wp:term":[{"taxonomy":"product_brand","embeddable":true,"href":"https:\/\/jinhuaceramic.com\/es\/wp-json\/wp\/v2\/product_brand?post=7381"},{"taxonomy":"product_cat","embeddable":true,"href":"https:\/\/jinhuaceramic.com\/es\/wp-json\/wp\/v2\/product_cat?post=7381"},{"taxonomy":"product_tag","embeddable":true,"href":"https:\/\/jinhuaceramic.com\/es\/wp-json\/wp\/v2\/product_tag?post=7381"}],"curies":[{"name":"wp","href":"https:\/\/api.w.org\/{rel}","templated":true}]}}