{"id":7394,"date":"2024-12-11T08:44:07","date_gmt":"2024-12-11T08:44:07","guid":{"rendered":"https:\/\/jinhuaceramic.com\/?post_type=product&#038;p=7394"},"modified":"2025-06-25T09:09:57","modified_gmt":"2025-06-25T09:09:57","slug":"custom-made-bathroom-accessories","status":"publish","type":"product","link":"https:\/\/jinhuaceramic.com\/es\/product\/custom-made-bathroom-accessories\/","title":{"rendered":"Accesorios de ba\u00f1o a medida azul oscuro, juego de ba\u00f1o de cer\u00e1mica"},"content":{"rendered":"<div class=\"wp-block-columns is-layout-flex wp-container-core-columns-is-layout-9d6595d7 wp-block-columns-is-layout-flex\">\n<div class=\"wp-block-column is-layout-flow wp-block-column-is-layout-flow\">\n<h3 class=\"wp-block-heading\">Accesorios de ba\u00f1o de primera calidad hechos a medida Caracter\u00edsticas:<\/h3>\n\n\n\n<ul class=\"wp-block-list\">\n<li><strong>Dise\u00f1o minimalista: <\/strong>Las l\u00edneas de estos accesorios de ba\u00f1o a medida accesorios de ba\u00f1o son suaves y simples, no exageradamente decoradas. Este estilo de dise\u00f1o cumple con el estilo de dise\u00f1o minimalista moderno, no s\u00f3lo es hermoso, pero tambi\u00e9n m\u00e1s f\u00e1cil para que coincida con varios estilos de cuartos de ba\u00f1o.<\/li>\n\n\n\n<li><strong>Uniforme azul oscuro: <\/strong>El dise\u00f1o de los accesorios de ba\u00f1o personalizados al por mayor tiene muchas ventajas, como la resistencia a las altas temperaturas, la corrosi\u00f3n y la facilidad de limpieza. Por lo tanto, es muy adecuado para su uso en cuartos de ba\u00f1o con su ambiente h\u00famedo y propenso a las bacterias.<\/li>\n\n\n\n<li><strong>Material cer\u00e1mico de alta calidad:<\/strong> Estos accesorios de ba\u00f1o a medida presentan las ventajas de la resistencia a las altas temperaturas y la corrosi\u00f3n, con una limpieza f\u00e1cil; por tanto, son muy adecuados para su uso en un cuarto de ba\u00f1o, un entorno h\u00famedo y propenso a las bacterias.<\/li>\n\n\n\n<li><strong>Juego completo: <\/strong>Cada producto de estos accesorios de ba\u00f1o personalizados al por mayor tiene funciones pr\u00e1cticas: dispensadores de jab\u00f3n, vasos para enjuague bucal, vasos para cepillos de dientes, jaboneras, etc. El dispensador de jab\u00f3n l\u00edquido se presiona suavemente, el l\u00edquido es constante y es f\u00e1cil de usar. El dise\u00f1o antideslizante de la textura de la jabonera est\u00e1 pensado para ser pr\u00e1ctico.<\/li>\n<\/ul>\n<\/div>\n\n\n\n<div class=\"wp-block-column is-layout-flow wp-block-column-is-layout-flow\">\n<figure class=\"wp-block-image size-full\"><img fetchpriority=\"high\" decoding=\"async\" width=\"2000\" height=\"2000\" src=\"https:\/\/jinhuaceramic.com\/wp-content\/uploads\/2024\/12\/Dark-Blue-Custom-Bathroom-Set-Bulk-Ceramic-Bath-Accessories-Wholesale.webp\" alt=\"Azul Oscuro Accesorios de Ba\u00f1o a Medida, Set de Ba\u00f1o de Cer\u00e1mica-1\" class=\"wp-image-7401\" srcset=\"https:\/\/jinhuaceramic.com\/wp-content\/uploads\/2024\/12\/Dark-Blue-Custom-Bathroom-Set-Bulk-Ceramic-Bath-Accessories-Wholesale.webp 2000w, https:\/\/jinhuaceramic.com\/wp-content\/uploads\/2024\/12\/Dark-Blue-Custom-Bathroom-Set-Bulk-Ceramic-Bath-Accessories-Wholesale-300x300.webp 300w, https:\/\/jinhuaceramic.com\/wp-content\/uploads\/2024\/12\/Dark-Blue-Custom-Bathroom-Set-Bulk-Ceramic-Bath-Accessories-Wholesale-150x150.webp 150w, https:\/\/jinhuaceramic.com\/wp-content\/uploads\/2024\/12\/Dark-Blue-Custom-Bathroom-Set-Bulk-Ceramic-Bath-Accessories-Wholesale-768x768.webp 768w, https:\/\/jinhuaceramic.com\/wp-content\/uploads\/2024\/12\/Dark-Blue-Custom-Bathroom-Set-Bulk-Ceramic-Bath-Accessories-Wholesale-12x12.webp 12w, https:\/\/jinhuaceramic.com\/wp-content\/uploads\/2024\/12\/Dark-Blue-Custom-Bathroom-Set-Bulk-Ceramic-Bath-Accessories-Wholesale-285x285.webp 285w, https:\/\/jinhuaceramic.com\/wp-content\/uploads\/2024\/12\/Dark-Blue-Custom-Bathroom-Set-Bulk-Ceramic-Bath-Accessories-Wholesale-1600x1600.webp 1600w, https:\/\/jinhuaceramic.com\/wp-content\/uploads\/2024\/12\/Dark-Blue-Custom-Bathroom-Set-Bulk-Ceramic-Bath-Accessories-Wholesale-270x270.webp 270w, https:\/\/jinhuaceramic.com\/wp-content\/uploads\/2024\/12\/Dark-Blue-Custom-Bathroom-Set-Bulk-Ceramic-Bath-Accessories-Wholesale-540x540.webp 540w, https:\/\/jinhuaceramic.com\/wp-content\/uploads\/2024\/12\/Dark-Blue-Custom-Bathroom-Set-Bulk-Ceramic-Bath-Accessories-Wholesale-660x660.webp 660w\" sizes=\"(max-width: 2000px) 100vw, 2000px\" \/><\/figure>\n<\/div>\n<\/div>","protected":false},"excerpt":{"rendered":"<p>Bienvenido a comprar accesorios de ba\u00f1o al por mayor. El dise\u00f1o de estos accesorios de ba\u00f1o a medida integra a la perfecci\u00f3n practicidad, belleza y modernidad. Por lo tanto, puede satisfacer plenamente las demandas funcionales de la gente para los suministros de ba\u00f1o y mejorar toda la calidad y la belleza del cuarto de ba\u00f1o. Es un producto de ba\u00f1o muy recomendable.<\/p>","protected":false},"featured_media":7395,"comment_status":"closed","ping_status":"closed","template":"","meta":{"_acf_changed":false},"product_brand":[],"product_cat":[51],"product_tag":[74],"class_list":{"0":"post-7394","1":"product","2":"type-product","3":"status-publish","4":"has-post-thumbnail","6":"product_cat-bathroom-accessories-wholesale","7":"product_tag-ceramic-bath-accessories-wholesale","9":"first","10":"instock","11":"shipping-taxable","12":"product-type-simple"},"acf":[],"_links":{"self":[{"href":"https:\/\/jinhuaceramic.com\/es\/wp-json\/wp\/v2\/product\/7394","targetHints":{"allow":["GET"]}}],"collection":[{"href":"https:\/\/jinhuaceramic.com\/es\/wp-json\/wp\/v2\/product"}],"about":[{"href":"https:\/\/jinhuaceramic.com\/es\/wp-json\/wp\/v2\/types\/product"}],"replies":[{"embeddable":true,"href":"https:\/\/jinhuaceramic.com\/es\/wp-json\/wp\/v2\/comments?post=7394"}],"version-history":[{"count":0,"href":"https:\/\/jinhuaceramic.com\/es\/wp-json\/wp\/v2\/product\/7394\/revisions"}],"wp:featuredmedia":[{"embeddable":true,"href":"https:\/\/jinhuaceramic.com\/es\/wp-json\/wp\/v2\/media\/7395"}],"wp:attachment":[{"href":"https:\/\/jinhuaceramic.com\/es\/wp-json\/wp\/v2\/media?parent=7394"}],"wp:term":[{"taxonomy":"product_brand","embeddable":true,"href":"https:\/\/jinhuaceramic.com\/es\/wp-json\/wp\/v2\/product_brand?post=7394"},{"taxonomy":"product_cat","embeddable":true,"href":"https:\/\/jinhuaceramic.com\/es\/wp-json\/wp\/v2\/product_cat?post=7394"},{"taxonomy":"product_tag","embeddable":true,"href":"https:\/\/jinhuaceramic.com\/es\/wp-json\/wp\/v2\/product_tag?post=7394"}],"curies":[{"name":"wp","href":"https:\/\/api.w.org\/{rel}","templated":true}]}}