{"id":7410,"date":"2024-12-14T08:08:56","date_gmt":"2024-12-14T08:08:56","guid":{"rendered":"https:\/\/jinhuaceramic.com\/?post_type=product&#038;p=7410"},"modified":"2025-03-10T08:59:02","modified_gmt":"2025-03-10T08:59:02","slug":"custom-made-baking-pans","status":"publish","type":"product","link":"https:\/\/jinhuaceramic.com\/es\/product\/custom-made-baking-pans\/","title":{"rendered":"Bandejas de cer\u00e1mica para hornear hechas a medida, Suministros comerciales para hornear"},"content":{"rendered":"<div class=\"wp-block-columns is-layout-flex wp-container-core-columns-is-layout-9d6595d7 wp-block-columns-is-layout-flex\">\n<div class=\"wp-block-column is-layout-flow wp-block-column-is-layout-flow\">\n<h3 class=\"wp-block-heading\">Bandejas para hornear de primera calidad hechas a medida Caracter\u00edsticas:<\/h3>\n\n\n\n<ul class=\"wp-block-list\">\n<li><strong>Combinaci\u00f3n armoniosa de colores: <\/strong>Estos moldes de cer\u00e1mica hechos a medida presentan un discreto y elegante gris, con un borde de cobre que a\u00f1ade un llamativo contraste a esta armoniosa combinaci\u00f3n de colores. Encajan bien en el dise\u00f1o minimalista moderno, al tiempo que a\u00f1aden un toque extra de lujo.<\/li>\n\n\n\n<li><strong>Dise\u00f1o de texturas: <\/strong>Estos platos de cer\u00e1mica para hornear al por mayor tienen un dise\u00f1o de textura ondulada en sus lados, lo que a\u00f1ade una sensaci\u00f3n de estratificaci\u00f3n y arte a los platos para hornear y los hace m\u00e1s llamativos. Tambi\u00e9n proporcionan un mejor efecto antideslizante.<\/li>\n\n\n\n<li><strong>Material cer\u00e1mico de alta calidad: <\/strong>El material con el que se fabrican estos moldes de cer\u00e1mica a medida es de alta calidad y se cuece a altas temperaturas. La cer\u00e1mica es un material natural que no contiene sustancias qu\u00edmicas; no produce sustancias nocivas ni siquiera a altas temperaturas, por lo que es inocua para la salud humana.<\/li>\n\n\n\n<li><strong>Varios tama\u00f1os: <\/strong>Estos platos de cer\u00e1mica para hornear al por mayor tienen 3 tama\u00f1os diferentes para satisfacer las distintas necesidades de horneado y mejorar la eficacia de la cocci\u00f3n. Los tres platos para hornear son apilables para un f\u00e1cil almacenamiento, ahorrando espacio en el armario.<\/li>\n<\/ul>\n<\/div>\n\n\n\n<div class=\"wp-block-column is-layout-flow wp-block-column-is-layout-flow\">\n<figure class=\"wp-block-image size-full\"><img fetchpriority=\"high\" decoding=\"async\" width=\"1000\" height=\"1000\" src=\"https:\/\/jinhuaceramic.com\/wp-content\/uploads\/2024\/12\/Custom-Ceramic-Baking-Dish-Set-Professional-Bakeware-Supplies-5.webp\" alt=\"Bandejas de cer\u00e1mica para hornear hechas a medida, Suministros comerciales para hornear-1\" class=\"wp-image-7414\" srcset=\"https:\/\/jinhuaceramic.com\/wp-content\/uploads\/2024\/12\/Custom-Ceramic-Baking-Dish-Set-Professional-Bakeware-Supplies-5.webp 1000w, https:\/\/jinhuaceramic.com\/wp-content\/uploads\/2024\/12\/Custom-Ceramic-Baking-Dish-Set-Professional-Bakeware-Supplies-5-300x300.webp 300w, https:\/\/jinhuaceramic.com\/wp-content\/uploads\/2024\/12\/Custom-Ceramic-Baking-Dish-Set-Professional-Bakeware-Supplies-5-150x150.webp 150w, https:\/\/jinhuaceramic.com\/wp-content\/uploads\/2024\/12\/Custom-Ceramic-Baking-Dish-Set-Professional-Bakeware-Supplies-5-768x768.webp 768w, https:\/\/jinhuaceramic.com\/wp-content\/uploads\/2024\/12\/Custom-Ceramic-Baking-Dish-Set-Professional-Bakeware-Supplies-5-12x12.webp 12w, https:\/\/jinhuaceramic.com\/wp-content\/uploads\/2024\/12\/Custom-Ceramic-Baking-Dish-Set-Professional-Bakeware-Supplies-5-285x285.webp 285w, https:\/\/jinhuaceramic.com\/wp-content\/uploads\/2024\/12\/Custom-Ceramic-Baking-Dish-Set-Professional-Bakeware-Supplies-5-270x270.webp 270w, https:\/\/jinhuaceramic.com\/wp-content\/uploads\/2024\/12\/Custom-Ceramic-Baking-Dish-Set-Professional-Bakeware-Supplies-5-540x540.webp 540w, https:\/\/jinhuaceramic.com\/wp-content\/uploads\/2024\/12\/Custom-Ceramic-Baking-Dish-Set-Professional-Bakeware-Supplies-5-660x660.webp 660w\" sizes=\"(max-width: 1000px) 100vw, 1000px\" \/><\/figure>\n<\/div>\n<\/div>","protected":false},"excerpt":{"rendered":"<p>Bienvenido a la compra al por mayor de fuentes de cer\u00e1mica para hornear. Nuestras bandejas para hornear hechas a medida con decoraci\u00f3n de borde \u00fanica y textura ondulada, son una maravilla llamativa. Duro y duradero es lo que describe estos platos de cer\u00e1mica para hornear que combinan ambos aspectos de la belleza y el sentido pr\u00e1ctico que puede mejorar no s\u00f3lo su cocina, sino tambi\u00e9n dar una mejor experiencia de cocci\u00f3n.<\/p>","protected":false},"featured_media":7416,"comment_status":"closed","ping_status":"closed","template":"","meta":{"_acf_changed":false},"product_brand":[],"product_cat":[53],"product_tag":[71],"class_list":{"0":"post-7410","1":"product","2":"type-product","3":"status-publish","4":"has-post-thumbnail","6":"product_cat-bakeware-in-bulk","7":"product_tag-wholesale-baking-pans","9":"first","10":"instock","11":"shipping-taxable","12":"product-type-simple"},"acf":[],"_links":{"self":[{"href":"https:\/\/jinhuaceramic.com\/es\/wp-json\/wp\/v2\/product\/7410","targetHints":{"allow":["GET"]}}],"collection":[{"href":"https:\/\/jinhuaceramic.com\/es\/wp-json\/wp\/v2\/product"}],"about":[{"href":"https:\/\/jinhuaceramic.com\/es\/wp-json\/wp\/v2\/types\/product"}],"replies":[{"embeddable":true,"href":"https:\/\/jinhuaceramic.com\/es\/wp-json\/wp\/v2\/comments?post=7410"}],"version-history":[{"count":0,"href":"https:\/\/jinhuaceramic.com\/es\/wp-json\/wp\/v2\/product\/7410\/revisions"}],"wp:featuredmedia":[{"embeddable":true,"href":"https:\/\/jinhuaceramic.com\/es\/wp-json\/wp\/v2\/media\/7416"}],"wp:attachment":[{"href":"https:\/\/jinhuaceramic.com\/es\/wp-json\/wp\/v2\/media?parent=7410"}],"wp:term":[{"taxonomy":"product_brand","embeddable":true,"href":"https:\/\/jinhuaceramic.com\/es\/wp-json\/wp\/v2\/product_brand?post=7410"},{"taxonomy":"product_cat","embeddable":true,"href":"https:\/\/jinhuaceramic.com\/es\/wp-json\/wp\/v2\/product_cat?post=7410"},{"taxonomy":"product_tag","embeddable":true,"href":"https:\/\/jinhuaceramic.com\/es\/wp-json\/wp\/v2\/product_tag?post=7410"}],"curies":[{"name":"wp","href":"https:\/\/api.w.org\/{rel}","templated":true}]}}