{"id":7421,"date":"2024-12-14T08:37:34","date_gmt":"2024-12-14T08:37:34","guid":{"rendered":"https:\/\/jinhuaceramic.com\/?post_type=product&#038;p=7421"},"modified":"2024-12-14T08:37:36","modified_gmt":"2024-12-14T08:37:36","slug":"palo-santo-holder-wholesale","status":"publish","type":"product","link":"https:\/\/jinhuaceramic.com\/es\/product\/palo-santo-holder-wholesale\/","title":{"rendered":"Porta Palo Santo de Cer\u00e1mica Chimenea al por mayor, Porta Incienso a granel"},"content":{"rendered":"<div class=\"wp-block-columns is-layout-flex wp-container-core-columns-is-layout-9d6595d7 wp-block-columns-is-layout-flex\">\n<div class=\"wp-block-column is-layout-flow wp-block-column-is-layout-flow\">\n<h3 class=\"wp-block-heading\">Porta Palo Santo Premium al por mayor Caracter\u00edsticas:<\/h3>\n\n\n\n<ul class=\"wp-block-list\">\n<li><strong>Forma \u00fanica: <\/strong>La forma de este porta palo santo al por mayor es \u00fanica, con l\u00edneas suaves y bordes redondeados. La abertura es lo bastante grande para contener una cierta cantidad de manojos de palo santo o salvia. En la parte superior hay una abertura en forma de chimenea, desde la que se difunde el aroma de la le\u00f1a quemada para ofrecer una experiencia arom\u00e1tica duradera.<\/li>\n\n\n\n<li><strong>Color vibrante: <\/strong>Este porta-incienso de cer\u00e1mica a granel utiliza el naranja como color principal, que desprende calidez, brillo, viveza y una energ\u00eda llena de vigor.<\/li>\n\n\n\n<li><strong>Material cer\u00e1mico de alta calidad: <\/strong>Nuestro porta palo santo al por mayor est\u00e1 hecho de cer\u00e1mica de primera calidad y cocido en condiciones de alta temperatura, lo que lo hace muy robusto y resistente a las altas temperaturas, por lo tanto sostenible frente a una serie de llamas de larga duraci\u00f3n.<\/li>\n\n\n\n<li><strong>Versatilidad: <\/strong>Este porta-incienso de cer\u00e1mica a granel tiene una amplia funcionalidad donde la quema de palo santo tambi\u00e9n se puede ampliar con otros tipos de le\u00f1a e incluso con variedades de especias como un manojo de salvia para crear un ambiente c\u00e1lido y una fragancia.<\/li>\n<\/ul>\n<\/div>\n\n\n\n<div class=\"wp-block-column is-layout-flow wp-block-column-is-layout-flow\">\n<figure class=\"wp-block-image size-full\"><img fetchpriority=\"high\" decoding=\"async\" width=\"1500\" height=\"1500\" src=\"https:\/\/jinhuaceramic.com\/wp-content\/uploads\/2024\/12\/Chimney-Ceramic-Palo-Santo-Incense-Burner-Wholesale-Sage-Bundle-Smudge-Holder-7.webp\" alt=\"Porta Palo Santo de Cer\u00e1mica Chimenea al por mayor, Porta Incienso a granel-1\" class=\"wp-image-7427\" srcset=\"https:\/\/jinhuaceramic.com\/wp-content\/uploads\/2024\/12\/Chimney-Ceramic-Palo-Santo-Incense-Burner-Wholesale-Sage-Bundle-Smudge-Holder-7.webp 1500w, https:\/\/jinhuaceramic.com\/wp-content\/uploads\/2024\/12\/Chimney-Ceramic-Palo-Santo-Incense-Burner-Wholesale-Sage-Bundle-Smudge-Holder-7-300x300.webp 300w, https:\/\/jinhuaceramic.com\/wp-content\/uploads\/2024\/12\/Chimney-Ceramic-Palo-Santo-Incense-Burner-Wholesale-Sage-Bundle-Smudge-Holder-7-150x150.webp 150w, https:\/\/jinhuaceramic.com\/wp-content\/uploads\/2024\/12\/Chimney-Ceramic-Palo-Santo-Incense-Burner-Wholesale-Sage-Bundle-Smudge-Holder-7-768x768.webp 768w, https:\/\/jinhuaceramic.com\/wp-content\/uploads\/2024\/12\/Chimney-Ceramic-Palo-Santo-Incense-Burner-Wholesale-Sage-Bundle-Smudge-Holder-7-12x12.webp 12w, https:\/\/jinhuaceramic.com\/wp-content\/uploads\/2024\/12\/Chimney-Ceramic-Palo-Santo-Incense-Burner-Wholesale-Sage-Bundle-Smudge-Holder-7-285x285.webp 285w, https:\/\/jinhuaceramic.com\/wp-content\/uploads\/2024\/12\/Chimney-Ceramic-Palo-Santo-Incense-Burner-Wholesale-Sage-Bundle-Smudge-Holder-7-270x270.webp 270w, https:\/\/jinhuaceramic.com\/wp-content\/uploads\/2024\/12\/Chimney-Ceramic-Palo-Santo-Incense-Burner-Wholesale-Sage-Bundle-Smudge-Holder-7-540x540.webp 540w, https:\/\/jinhuaceramic.com\/wp-content\/uploads\/2024\/12\/Chimney-Ceramic-Palo-Santo-Incense-Burner-Wholesale-Sage-Bundle-Smudge-Holder-7-660x660.webp 660w\" sizes=\"(max-width: 1500px) 100vw, 1500px\" \/><\/figure>\n<\/div>\n<\/div>\n\n\n\n<p><\/p>","protected":false},"excerpt":{"rendered":"<p>Bienvenido a comprar porta palo santo al por mayor. Nuestro porta-incienso de cer\u00e1mica al por mayor est\u00e1 hecho de cer\u00e1mica de alta calidad, este elegante accesorio es perfecto para quemar incienso, manojo de salvia, palo de sahumerio, palo santo, y difundir aromas naturales. Su c\u00e1lido tono anaranjado y su sofisticado dise\u00f1o combinan a la perfecci\u00f3n para convertirse en un impresionante complemento de la decoraci\u00f3n de tu hogar.<\/p>","protected":false},"featured_media":7426,"comment_status":"closed","ping_status":"closed","template":"","meta":{"_acf_changed":false},"product_brand":[],"product_cat":[52],"product_tag":[],"class_list":{"0":"post-7421","1":"product","2":"type-product","3":"status-publish","4":"has-post-thumbnail","6":"product_cat-wholesale-candle-containers","8":"first","9":"instock","10":"shipping-taxable","11":"product-type-simple"},"acf":[],"_links":{"self":[{"href":"https:\/\/jinhuaceramic.com\/es\/wp-json\/wp\/v2\/product\/7421","targetHints":{"allow":["GET"]}}],"collection":[{"href":"https:\/\/jinhuaceramic.com\/es\/wp-json\/wp\/v2\/product"}],"about":[{"href":"https:\/\/jinhuaceramic.com\/es\/wp-json\/wp\/v2\/types\/product"}],"replies":[{"embeddable":true,"href":"https:\/\/jinhuaceramic.com\/es\/wp-json\/wp\/v2\/comments?post=7421"}],"version-history":[{"count":0,"href":"https:\/\/jinhuaceramic.com\/es\/wp-json\/wp\/v2\/product\/7421\/revisions"}],"wp:featuredmedia":[{"embeddable":true,"href":"https:\/\/jinhuaceramic.com\/es\/wp-json\/wp\/v2\/media\/7426"}],"wp:attachment":[{"href":"https:\/\/jinhuaceramic.com\/es\/wp-json\/wp\/v2\/media?parent=7421"}],"wp:term":[{"taxonomy":"product_brand","embeddable":true,"href":"https:\/\/jinhuaceramic.com\/es\/wp-json\/wp\/v2\/product_brand?post=7421"},{"taxonomy":"product_cat","embeddable":true,"href":"https:\/\/jinhuaceramic.com\/es\/wp-json\/wp\/v2\/product_cat?post=7421"},{"taxonomy":"product_tag","embeddable":true,"href":"https:\/\/jinhuaceramic.com\/es\/wp-json\/wp\/v2\/product_tag?post=7421"}],"curies":[{"name":"wp","href":"https:\/\/api.w.org\/{rel}","templated":true}]}}