{"id":7431,"date":"2024-12-14T08:19:26","date_gmt":"2024-12-14T08:19:26","guid":{"rendered":"https:\/\/jinhuaceramic.com\/?post_type=product&#038;p=7431"},"modified":"2024-12-19T07:16:05","modified_gmt":"2024-12-19T07:16:05","slug":"wholesale-soap-dispensers","status":"publish","type":"product","link":"https:\/\/jinhuaceramic.com\/es\/product\/wholesale-soap-dispensers\/","title":{"rendered":"Mayorista Dispensadores de Jab\u00f3n, Portacepillos de Dientes de Cer\u00e1mica al por Mayor"},"content":{"rendered":"<div class=\"wp-block-columns is-layout-flex wp-container-core-columns-is-layout-9d6595d7 wp-block-columns-is-layout-flex\">\n<div class=\"wp-block-column is-layout-flow wp-block-column-is-layout-flow\">\n<h3 class=\"wp-block-heading\">Dispensadores de jab\u00f3n al por mayor Premium Caracter\u00edsticas:<\/h3>\n\n\n\n<ul class=\"wp-block-list\">\n<li><strong>Forma irregular:<\/strong> Las formas de estos dispensadores de jab\u00f3n y vasos portacepillos de dientes al por mayor son muy singulares. Tanto el dispensador de jab\u00f3n como el vaso portacepillos de dientes adoptan una forma ondulada irregular, como una ristra de burbujas, muy mona. La bandeja tiene forma de nube, con la l\u00ednea suave y natural para conseguir un eco perfecto en la forma del dispensador de jab\u00f3n y el vaso portacepillos de dientes.<\/li>\n\n\n\n<li><strong>Combinaci\u00f3n sencilla de colores: <\/strong>El color principal de estos sets de ba\u00f1o al por mayor es el blanco, fresco y fresco, mientras que el cabezal dorado del dispensador de jab\u00f3n realza la sensaci\u00f3n de lujo del producto. El esmalte de este conjunto est\u00e1 salpicado de algunas peque\u00f1as manchas en un patr\u00f3n irregular, lo que aumenta la estratificaci\u00f3n y la belleza del producto.<\/li>\n\n\n\n<li><strong>Material cer\u00e1mico de alta calidad: <\/strong>En estos dispensadores de jab\u00f3n y vasos portacepillos de dientes para venta al por mayor se aplican materiales cer\u00e1micos de alta calidad, muy duraderos y resistentes al desgaste y a los ara\u00f1azos; la vida \u00fatil es larga.<\/li>\n\n\n\n<li><strong>Practicidad: <\/strong>Estos sets de ba\u00f1o al por mayor incluyen un dispensador de jab\u00f3n, un portacepillos de dientes y una bandeja. El dispensador de jab\u00f3n es suave a la presi\u00f3n, l\u00edquido constante y f\u00e1cil de usar. La bandeja es pr\u00e1ctica, aparte de almacenar otros accesorios de ba\u00f1o; podr\u00eda ser utilizado para colocar joyas, relojes, y m\u00e1s para mantener el cuarto de ba\u00f1o ordenado.<\/li>\n<\/ul>\n<\/div>\n\n\n\n<div class=\"wp-block-column is-layout-flow wp-block-column-is-layout-flow\">\n<figure class=\"wp-block-image size-full\"><img fetchpriority=\"high\" decoding=\"async\" width=\"1600\" height=\"1600\" src=\"https:\/\/jinhuaceramic.com\/wp-content\/uploads\/2024\/12\/Ceramic-Designer-Bathroom-Sets-Wholesale-Bath-Accessories-Supplies-2.webp\" alt=\"Mayorista Dispensadores de Jab\u00f3n, Portacepillos de Dientes de Cer\u00e1mica Granel-1\" class=\"wp-image-7432\" srcset=\"https:\/\/jinhuaceramic.com\/wp-content\/uploads\/2024\/12\/Ceramic-Designer-Bathroom-Sets-Wholesale-Bath-Accessories-Supplies-2.webp 1600w, https:\/\/jinhuaceramic.com\/wp-content\/uploads\/2024\/12\/Ceramic-Designer-Bathroom-Sets-Wholesale-Bath-Accessories-Supplies-2-300x300.webp 300w, https:\/\/jinhuaceramic.com\/wp-content\/uploads\/2024\/12\/Ceramic-Designer-Bathroom-Sets-Wholesale-Bath-Accessories-Supplies-2-150x150.webp 150w, https:\/\/jinhuaceramic.com\/wp-content\/uploads\/2024\/12\/Ceramic-Designer-Bathroom-Sets-Wholesale-Bath-Accessories-Supplies-2-768x768.webp 768w, https:\/\/jinhuaceramic.com\/wp-content\/uploads\/2024\/12\/Ceramic-Designer-Bathroom-Sets-Wholesale-Bath-Accessories-Supplies-2-12x12.webp 12w, https:\/\/jinhuaceramic.com\/wp-content\/uploads\/2024\/12\/Ceramic-Designer-Bathroom-Sets-Wholesale-Bath-Accessories-Supplies-2-285x285.webp 285w, https:\/\/jinhuaceramic.com\/wp-content\/uploads\/2024\/12\/Ceramic-Designer-Bathroom-Sets-Wholesale-Bath-Accessories-Supplies-2-270x270.webp 270w, https:\/\/jinhuaceramic.com\/wp-content\/uploads\/2024\/12\/Ceramic-Designer-Bathroom-Sets-Wholesale-Bath-Accessories-Supplies-2-540x540.webp 540w, https:\/\/jinhuaceramic.com\/wp-content\/uploads\/2024\/12\/Ceramic-Designer-Bathroom-Sets-Wholesale-Bath-Accessories-Supplies-2-660x660.webp 660w\" sizes=\"(max-width: 1600px) 100vw, 1600px\" \/><\/figure>\n<\/div>\n<\/div>","protected":false},"excerpt":{"rendered":"<p>Bienvenido a la compra al por mayor de juegos de tocador de ba\u00f1o. Estos dispensadores de jab\u00f3n y vasos portacepillos de dientes de cer\u00e1mica de dise\u00f1o al por mayor no s\u00f3lo son pr\u00e1cticos, sino que tambi\u00e9n tienen una forma \u00fanica, un dise\u00f1o elegante y son muy decorativos. Su dise\u00f1o \u00fanico puede a\u00f1adir un toque art\u00edstico a su cuarto de ba\u00f1o, haciendo que su cuarto de ba\u00f1o sea m\u00e1s c\u00e1lido y confortable.<\/p>","protected":false},"featured_media":7435,"comment_status":"closed","ping_status":"closed","template":"","meta":{"_acf_changed":false},"product_brand":[],"product_cat":[51],"product_tag":[73],"class_list":{"0":"post-7431","1":"product","2":"type-product","3":"status-publish","4":"has-post-thumbnail","6":"product_cat-bathroom-accessories-wholesale","7":"product_tag-custom-soap-dispensers","9":"first","10":"instock","11":"shipping-taxable","12":"product-type-simple"},"acf":[],"_links":{"self":[{"href":"https:\/\/jinhuaceramic.com\/es\/wp-json\/wp\/v2\/product\/7431","targetHints":{"allow":["GET"]}}],"collection":[{"href":"https:\/\/jinhuaceramic.com\/es\/wp-json\/wp\/v2\/product"}],"about":[{"href":"https:\/\/jinhuaceramic.com\/es\/wp-json\/wp\/v2\/types\/product"}],"replies":[{"embeddable":true,"href":"https:\/\/jinhuaceramic.com\/es\/wp-json\/wp\/v2\/comments?post=7431"}],"version-history":[{"count":0,"href":"https:\/\/jinhuaceramic.com\/es\/wp-json\/wp\/v2\/product\/7431\/revisions"}],"wp:featuredmedia":[{"embeddable":true,"href":"https:\/\/jinhuaceramic.com\/es\/wp-json\/wp\/v2\/media\/7435"}],"wp:attachment":[{"href":"https:\/\/jinhuaceramic.com\/es\/wp-json\/wp\/v2\/media?parent=7431"}],"wp:term":[{"taxonomy":"product_brand","embeddable":true,"href":"https:\/\/jinhuaceramic.com\/es\/wp-json\/wp\/v2\/product_brand?post=7431"},{"taxonomy":"product_cat","embeddable":true,"href":"https:\/\/jinhuaceramic.com\/es\/wp-json\/wp\/v2\/product_cat?post=7431"},{"taxonomy":"product_tag","embeddable":true,"href":"https:\/\/jinhuaceramic.com\/es\/wp-json\/wp\/v2\/product_tag?post=7431"}],"curies":[{"name":"wp","href":"https:\/\/api.w.org\/{rel}","templated":true}]}}