{"id":7459,"date":"2024-12-18T08:20:26","date_gmt":"2024-12-18T08:20:26","guid":{"rendered":"https:\/\/jinhuaceramic.com\/?post_type=product&#038;p=7459"},"modified":"2024-12-19T07:15:37","modified_gmt":"2024-12-19T07:15:37","slug":"candlesticks-in-bulk","status":"publish","type":"product","link":"https:\/\/jinhuaceramic.com\/es\/product\/candlesticks-in-bulk\/","title":{"rendered":"Candeleros de Cer\u00e1mica en Forma de Flor al por mayor, Portavelas al por mayor"},"content":{"rendered":"<div class=\"wp-block-columns is-layout-flex wp-container-core-columns-is-layout-9d6595d7 wp-block-columns-is-layout-flex\">\n<div class=\"wp-block-column is-layout-flow wp-block-column-is-layout-flow\">\n<h3 class=\"wp-block-heading\">Candeleros Premium a Granel Caracter\u00edsticas:<\/h3>\n\n\n\n<ul class=\"wp-block-list\">\n<li><strong>Forma de flor \u00fanica:<\/strong> Estos candelabros de cer\u00e1mica a granel tienen forma de flor, pero se componen de m\u00faltiples esferas redondas para formar la forma de los p\u00e9talos, y el centro de la flor se utiliza para colocar las velas. Este dise\u00f1o transmite una sensaci\u00f3n moderna, sencilla e infantil.<\/li>\n\n\n\n<li><strong>Varios colores suaves: <\/strong>Estos portavelas de cer\u00e1mica en forma de flor al por mayor utilizan colores suaves, como el blanco, el amarillo y el morado claro. Estos colores combinan muy armoniosamente y pueden integrarse f\u00e1cilmente en varios ambientes del hogar, dando a la gente una sensaci\u00f3n c\u00e1lida y confortable.<\/li>\n\n\n\n<li><strong>Material cer\u00e1mico de alta calidad: <\/strong>Estos candeleros de cer\u00e1mica a granel se fabrican con cer\u00e1mica de alta calidad que presenta una gran resistencia al calor, lo que garantiza que el soporte nunca se deformar\u00e1 ni se da\u00f1ar\u00e1 por el calentamiento provocado por las velas calientes que se coloquen en \u00e9l.<\/li>\n\n\n\n<li><strong>Practicidad:<\/strong> Estos portavelas de cer\u00e1mica al por mayor se fabrican con dos tama\u00f1os diferentes seg\u00fan el di\u00e1metro de la vela. Su dise\u00f1o permite al usuario colocar las velas de forma f\u00e1cil y estable; ya sea para iluminaci\u00f3n, aromaterapia o decoraci\u00f3n, pueden desempe\u00f1ar un buen papel.<\/li>\n<\/ul>\n<\/div>\n\n\n\n<div class=\"wp-block-column is-layout-flow wp-block-column-is-layout-flow\">\n<figure class=\"wp-block-image size-full\"><img fetchpriority=\"high\" decoding=\"async\" width=\"800\" height=\"800\" src=\"https:\/\/jinhuaceramic.com\/wp-content\/uploads\/2024\/12\/Flower-Shape-Wholesale-Candle-Holders-Ceramic-Candlesticks-In-Bulk-4.webp\" alt=\"Portavelas de cer\u00e1mica con forma de flor,-Pupitres de cer\u00e1mica a granel\" class=\"wp-image-7462\" srcset=\"https:\/\/jinhuaceramic.com\/wp-content\/uploads\/2024\/12\/Flower-Shape-Wholesale-Candle-Holders-Ceramic-Candlesticks-In-Bulk-4.webp 800w, https:\/\/jinhuaceramic.com\/wp-content\/uploads\/2024\/12\/Flower-Shape-Wholesale-Candle-Holders-Ceramic-Candlesticks-In-Bulk-4-300x300.webp 300w, https:\/\/jinhuaceramic.com\/wp-content\/uploads\/2024\/12\/Flower-Shape-Wholesale-Candle-Holders-Ceramic-Candlesticks-In-Bulk-4-150x150.webp 150w, https:\/\/jinhuaceramic.com\/wp-content\/uploads\/2024\/12\/Flower-Shape-Wholesale-Candle-Holders-Ceramic-Candlesticks-In-Bulk-4-768x768.webp 768w, https:\/\/jinhuaceramic.com\/wp-content\/uploads\/2024\/12\/Flower-Shape-Wholesale-Candle-Holders-Ceramic-Candlesticks-In-Bulk-4-12x12.webp 12w, https:\/\/jinhuaceramic.com\/wp-content\/uploads\/2024\/12\/Flower-Shape-Wholesale-Candle-Holders-Ceramic-Candlesticks-In-Bulk-4-285x285.webp 285w, https:\/\/jinhuaceramic.com\/wp-content\/uploads\/2024\/12\/Flower-Shape-Wholesale-Candle-Holders-Ceramic-Candlesticks-In-Bulk-4-270x270.webp 270w, https:\/\/jinhuaceramic.com\/wp-content\/uploads\/2024\/12\/Flower-Shape-Wholesale-Candle-Holders-Ceramic-Candlesticks-In-Bulk-4-540x540.webp 540w, https:\/\/jinhuaceramic.com\/wp-content\/uploads\/2024\/12\/Flower-Shape-Wholesale-Candle-Holders-Ceramic-Candlesticks-In-Bulk-4-660x660.webp 660w\" sizes=\"(max-width: 800px) 100vw, 800px\" \/><\/figure>\n<\/div>\n<\/div>","protected":false},"excerpt":{"rendered":"<p>Bienvenido a comprar candelabros de cer\u00e1mica al por mayor. Este portavelas en forma de flor al por mayor es una parte indispensable de la decoraci\u00f3n del hogar debido a su forma \u00fanica, colores suaves y durabilidad. F\u00e1ciles de usar y limpiar, a\u00f1adir\u00edan mucha calidez e inter\u00e9s al ambiente de su casa, adem\u00e1s de aportar un toque agradable en el gusto y el estilo de todo un lugar.<\/p>","protected":false},"featured_media":7465,"comment_status":"closed","ping_status":"closed","template":"","meta":{"_acf_changed":false},"product_brand":[],"product_cat":[52],"product_tag":[68],"class_list":{"0":"post-7459","1":"product","2":"type-product","3":"status-publish","4":"has-post-thumbnail","6":"product_cat-wholesale-candle-containers","7":"product_tag-ceramic-candlesticks-bulk","9":"first","10":"instock","11":"shipping-taxable","12":"product-type-simple"},"acf":[],"_links":{"self":[{"href":"https:\/\/jinhuaceramic.com\/es\/wp-json\/wp\/v2\/product\/7459","targetHints":{"allow":["GET"]}}],"collection":[{"href":"https:\/\/jinhuaceramic.com\/es\/wp-json\/wp\/v2\/product"}],"about":[{"href":"https:\/\/jinhuaceramic.com\/es\/wp-json\/wp\/v2\/types\/product"}],"replies":[{"embeddable":true,"href":"https:\/\/jinhuaceramic.com\/es\/wp-json\/wp\/v2\/comments?post=7459"}],"version-history":[{"count":0,"href":"https:\/\/jinhuaceramic.com\/es\/wp-json\/wp\/v2\/product\/7459\/revisions"}],"wp:featuredmedia":[{"embeddable":true,"href":"https:\/\/jinhuaceramic.com\/es\/wp-json\/wp\/v2\/media\/7465"}],"wp:attachment":[{"href":"https:\/\/jinhuaceramic.com\/es\/wp-json\/wp\/v2\/media?parent=7459"}],"wp:term":[{"taxonomy":"product_brand","embeddable":true,"href":"https:\/\/jinhuaceramic.com\/es\/wp-json\/wp\/v2\/product_brand?post=7459"},{"taxonomy":"product_cat","embeddable":true,"href":"https:\/\/jinhuaceramic.com\/es\/wp-json\/wp\/v2\/product_cat?post=7459"},{"taxonomy":"product_tag","embeddable":true,"href":"https:\/\/jinhuaceramic.com\/es\/wp-json\/wp\/v2\/product_tag?post=7459"}],"curies":[{"name":"wp","href":"https:\/\/api.w.org\/{rel}","templated":true}]}}