{"id":7473,"date":"2024-12-19T07:14:31","date_gmt":"2024-12-19T07:14:31","guid":{"rendered":"https:\/\/jinhuaceramic.com\/?post_type=product&#038;p=7473"},"modified":"2025-03-10T09:24:36","modified_gmt":"2025-03-10T09:24:36","slug":"bulk-bakeware","status":"publish","type":"product","link":"https:\/\/jinhuaceramic.com\/es\/product\/bulk-bakeware\/","title":{"rendered":"Plato de cer\u00e1mica rectangular antiadherente para hornear a granel"},"content":{"rendered":"<div class=\"wp-block-columns is-layout-flex wp-container-core-columns-is-layout-9d6595d7 wp-block-columns-is-layout-flex\">\n<div class=\"wp-block-column is-layout-flow wp-block-column-is-layout-flow\">\n<h3 class=\"wp-block-heading\">Caracter\u00edsticas:<\/h3>\n\n\n\n<ul class=\"wp-block-list\">\n<li><strong>Dise\u00f1o elegante: <\/strong>El color principal de estos recipientes para hornear a granel es el naranja, lo que les confiere una sensaci\u00f3n viva y brillante que puede dar un toque de color a la cocina. Los laterales de los moldes est\u00e1n decorados con un motivo blanco formado por una serie de l\u00edneas y estrellas repetidas. Este estampado tiene un aire retro que resulta elegante y cl\u00e1sico.<\/li>\n\n\n\n<li><strong>Construcci\u00f3n de cer\u00e1mica duradera: <\/strong>Resistencia a altas temperaturas, estos platos de cer\u00e1mica para hornear de primera calidad trabajan al por mayor con seguridad a temperaturas que oscilan entre 300 y 400 grados Celsius sin causar deformaciones ni emitir materias vol\u00e1tiles nocivas.<\/li>\n\n\n\n<li><strong>Forma rectangular y asas antideslizantes: <\/strong>Estos moldes para hornear a granel tienen forma rectangular, una forma muy pr\u00e1ctica para hornear alimentos largos o grandes como pasteles, pan, lasa\u00f1a, carne, etc. Ambos lados de los platos para hornear tienen asas para un f\u00e1cil manejo y se pueden sacar con seguridad de los hornos calientes.<\/li>\n\n\n\n<li><strong>Superficie antiadherente: <\/strong>La superficie de estos platos de cer\u00e1mica para hornear al por mayor es tan lisa que los alimentos no se pegan a la superficie. La limpieza requiere simplemente detergente, agua tibia y un pa\u00f1o suave para limpiarlos o utilizar un lavavajillas para limpiarlos, lo que resulta muy c\u00f3modo.<\/li>\n<\/ul>\n<\/div>\n\n\n\n<div class=\"wp-block-column is-layout-flow wp-block-column-is-layout-flow\">\n<figure class=\"wp-block-image size-full\"><img fetchpriority=\"high\" decoding=\"async\" width=\"640\" height=\"640\" src=\"https:\/\/jinhuaceramic.com\/wp-content\/uploads\/2024\/12\/Non-Stick-Ceramic-Rectangular-Baking-Dish-Kitchen-Bakeware-Supplies-5.webp\" alt=\"Bandeja de cer\u00e1mica antiadherente para hornear a granel, rectangular-4\" class=\"wp-image-7477\" srcset=\"https:\/\/jinhuaceramic.com\/wp-content\/uploads\/2024\/12\/Non-Stick-Ceramic-Rectangular-Baking-Dish-Kitchen-Bakeware-Supplies-5.webp 640w, https:\/\/jinhuaceramic.com\/wp-content\/uploads\/2024\/12\/Non-Stick-Ceramic-Rectangular-Baking-Dish-Kitchen-Bakeware-Supplies-5-300x300.webp 300w, https:\/\/jinhuaceramic.com\/wp-content\/uploads\/2024\/12\/Non-Stick-Ceramic-Rectangular-Baking-Dish-Kitchen-Bakeware-Supplies-5-150x150.webp 150w, https:\/\/jinhuaceramic.com\/wp-content\/uploads\/2024\/12\/Non-Stick-Ceramic-Rectangular-Baking-Dish-Kitchen-Bakeware-Supplies-5-12x12.webp 12w, https:\/\/jinhuaceramic.com\/wp-content\/uploads\/2024\/12\/Non-Stick-Ceramic-Rectangular-Baking-Dish-Kitchen-Bakeware-Supplies-5-285x285.webp 285w, https:\/\/jinhuaceramic.com\/wp-content\/uploads\/2024\/12\/Non-Stick-Ceramic-Rectangular-Baking-Dish-Kitchen-Bakeware-Supplies-5-270x270.webp 270w, https:\/\/jinhuaceramic.com\/wp-content\/uploads\/2024\/12\/Non-Stick-Ceramic-Rectangular-Baking-Dish-Kitchen-Bakeware-Supplies-5-540x540.webp 540w\" sizes=\"(max-width: 640px) 100vw, 640px\" \/><\/figure>\n<\/div>\n<\/div>","protected":false},"excerpt":{"rendered":"<p>Bienvenido a comprar platos de cer\u00e1mica para hornear al por mayor. Estos recipientes antiadherentes para hornear al por mayor est\u00e1n dise\u00f1ados para ser pr\u00e1cticos y est\u00e9ticamente agradables. Su forma rectangular es adecuada para una variedad de necesidades de cocci\u00f3n, y su color naranja c\u00e1lido y el patr\u00f3n retro hacen una hermosa adici\u00f3n a la cocina.<\/p>","protected":false},"featured_media":7474,"comment_status":"closed","ping_status":"closed","template":"","meta":{"_acf_changed":false},"product_brand":[],"product_cat":[53],"product_tag":[71],"class_list":{"0":"post-7473","1":"product","2":"type-product","3":"status-publish","4":"has-post-thumbnail","6":"product_cat-bakeware-in-bulk","7":"product_tag-wholesale-baking-pans","9":"first","10":"instock","11":"shipping-taxable","12":"product-type-simple"},"acf":[],"_links":{"self":[{"href":"https:\/\/jinhuaceramic.com\/es\/wp-json\/wp\/v2\/product\/7473","targetHints":{"allow":["GET"]}}],"collection":[{"href":"https:\/\/jinhuaceramic.com\/es\/wp-json\/wp\/v2\/product"}],"about":[{"href":"https:\/\/jinhuaceramic.com\/es\/wp-json\/wp\/v2\/types\/product"}],"replies":[{"embeddable":true,"href":"https:\/\/jinhuaceramic.com\/es\/wp-json\/wp\/v2\/comments?post=7473"}],"version-history":[{"count":0,"href":"https:\/\/jinhuaceramic.com\/es\/wp-json\/wp\/v2\/product\/7473\/revisions"}],"wp:featuredmedia":[{"embeddable":true,"href":"https:\/\/jinhuaceramic.com\/es\/wp-json\/wp\/v2\/media\/7474"}],"wp:attachment":[{"href":"https:\/\/jinhuaceramic.com\/es\/wp-json\/wp\/v2\/media?parent=7473"}],"wp:term":[{"taxonomy":"product_brand","embeddable":true,"href":"https:\/\/jinhuaceramic.com\/es\/wp-json\/wp\/v2\/product_brand?post=7473"},{"taxonomy":"product_cat","embeddable":true,"href":"https:\/\/jinhuaceramic.com\/es\/wp-json\/wp\/v2\/product_cat?post=7473"},{"taxonomy":"product_tag","embeddable":true,"href":"https:\/\/jinhuaceramic.com\/es\/wp-json\/wp\/v2\/product_tag?post=7473"}],"curies":[{"name":"wp","href":"https:\/\/api.w.org\/{rel}","templated":true}]}}