{"id":7484,"date":"2024-12-20T02:14:40","date_gmt":"2024-12-20T02:14:40","guid":{"rendered":"https:\/\/jinhuaceramic.com\/?post_type=product&#038;p=7484"},"modified":"2024-12-20T02:15:09","modified_gmt":"2024-12-20T02:15:09","slug":"soap-dispenser-bottles-bulk","status":"publish","type":"product","link":"https:\/\/jinhuaceramic.com\/es\/product\/soap-dispenser-bottles-bulk\/","title":{"rendered":"Botellas dispensadoras de jab\u00f3n de cer\u00e1mica a granel, Dispensador de jab\u00f3n l\u00edquido al por mayor"},"content":{"rendered":"<div class=\"wp-block-columns is-layout-flex wp-container-core-columns-is-layout-9d6595d7 wp-block-columns-is-layout-flex\">\n<div class=\"wp-block-column is-layout-flow wp-block-column-is-layout-flow\">\n<h3 class=\"wp-block-heading\">Botellas dispensadoras de jab\u00f3n Premium a granel Caracter\u00edsticas:<\/h3>\n\n\n\n<ul class=\"wp-block-list\">\n<li><strong>Dise\u00f1o elegante: <\/strong>El color blanco, las flores rojas y las hojas verdes se utilizan para decorar estas botellas dispensadoras de jab\u00f3n a granel, que tienen un aspecto muy delicado y elegante. El patr\u00f3n de la flor en la botella es de color suave, formando un fuerte contraste con la cabeza de la bomba de oro, lo que hace que todo el efecto visual armonioso y hermoso.<\/li>\n\n\n\n<li><strong>Material de alta calidad: <\/strong>Estos dispensadores de jab\u00f3n l\u00edquido al por mayor est\u00e1n fabricados con material cer\u00e1mico de alta calidad. Es duro y resistente a la abrasi\u00f3n, dif\u00edcilmente rayar o destruir, pero mantiene buena apariencia en el uso diario.<\/li>\n\n\n\n<li><strong>Practicidad: <\/strong>La superficie de estas botellas dispensadoras de jab\u00f3n de cer\u00e1mica es lisa y no absorbe la suciedad. Son muy f\u00e1ciles de limpiar. La capacidad media satisface las necesidades diarias, reduciendo los problemas causados por a\u00f1adir jabones con frecuencia.<\/li>\n\n\n\n<li><strong>Respetuoso con el medio ambiente: <\/strong>La reutilizaci\u00f3n de estos dispensadores de jab\u00f3n l\u00edquido de cer\u00e1mica al por mayor reduce el uso de botellas de pl\u00e1stico desechables y, por lo tanto, tiene un efecto ecol\u00f3gico.<\/li>\n<\/ul>\n<\/div>\n\n\n\n<div class=\"wp-block-column is-layout-flow wp-block-column-is-layout-flow\">\n<figure class=\"wp-block-image size-full\"><img fetchpriority=\"high\" decoding=\"async\" width=\"761\" height=\"761\" src=\"https:\/\/jinhuaceramic.com\/wp-content\/uploads\/2024\/12\/Bulk-Custom-Liquid-Soap-Dispenser-Ceramic-Bathroom-Accessories-Supplies-3.webp\" alt=\"Botellas Dispensadoras de Jab\u00f3n de Cer\u00e1mica a Granel, Dispensador de Jab\u00f3n L\u00edquido al por Mayor-1\" class=\"wp-image-7486\" srcset=\"https:\/\/jinhuaceramic.com\/wp-content\/uploads\/2024\/12\/Bulk-Custom-Liquid-Soap-Dispenser-Ceramic-Bathroom-Accessories-Supplies-3.webp 761w, https:\/\/jinhuaceramic.com\/wp-content\/uploads\/2024\/12\/Bulk-Custom-Liquid-Soap-Dispenser-Ceramic-Bathroom-Accessories-Supplies-3-300x300.webp 300w, https:\/\/jinhuaceramic.com\/wp-content\/uploads\/2024\/12\/Bulk-Custom-Liquid-Soap-Dispenser-Ceramic-Bathroom-Accessories-Supplies-3-150x150.webp 150w, https:\/\/jinhuaceramic.com\/wp-content\/uploads\/2024\/12\/Bulk-Custom-Liquid-Soap-Dispenser-Ceramic-Bathroom-Accessories-Supplies-3-12x12.webp 12w, https:\/\/jinhuaceramic.com\/wp-content\/uploads\/2024\/12\/Bulk-Custom-Liquid-Soap-Dispenser-Ceramic-Bathroom-Accessories-Supplies-3-285x285.webp 285w, https:\/\/jinhuaceramic.com\/wp-content\/uploads\/2024\/12\/Bulk-Custom-Liquid-Soap-Dispenser-Ceramic-Bathroom-Accessories-Supplies-3-270x270.webp 270w, https:\/\/jinhuaceramic.com\/wp-content\/uploads\/2024\/12\/Bulk-Custom-Liquid-Soap-Dispenser-Ceramic-Bathroom-Accessories-Supplies-3-540x540.webp 540w, https:\/\/jinhuaceramic.com\/wp-content\/uploads\/2024\/12\/Bulk-Custom-Liquid-Soap-Dispenser-Ceramic-Bathroom-Accessories-Supplies-3-660x660.webp 660w\" sizes=\"(max-width: 761px) 100vw, 761px\" \/><\/figure>\n<\/div>\n<\/div>","protected":false},"excerpt":{"rendered":"<p>Bienvenido a comprar botellas dispensadoras de jab\u00f3n de cer\u00e1mica al por mayor. Estos dispensadores de jab\u00f3n l\u00edquido al por mayor son a la vez bonitos y pr\u00e1cticos. Esta exquisita belleza est\u00e1 hecha de cer\u00e1mica con un delicado patr\u00f3n floral en la botella y la bomba de oro. El material cer\u00e1mico es realmente duro, no se da\u00f1a f\u00e1cilmente y es f\u00e1cil de limpiar. El volumen es apropiado para el uso diario, por lo que nunca puede faltar en el cuarto de aseo.<\/p>","protected":false},"featured_media":7487,"comment_status":"closed","ping_status":"closed","template":"","meta":{"_acf_changed":false},"product_brand":[],"product_cat":[51],"product_tag":[73],"class_list":{"0":"post-7484","1":"product","2":"type-product","3":"status-publish","4":"has-post-thumbnail","6":"product_cat-bathroom-accessories-wholesale","7":"product_tag-custom-soap-dispensers","9":"first","10":"instock","11":"shipping-taxable","12":"product-type-simple"},"acf":[],"_links":{"self":[{"href":"https:\/\/jinhuaceramic.com\/es\/wp-json\/wp\/v2\/product\/7484","targetHints":{"allow":["GET"]}}],"collection":[{"href":"https:\/\/jinhuaceramic.com\/es\/wp-json\/wp\/v2\/product"}],"about":[{"href":"https:\/\/jinhuaceramic.com\/es\/wp-json\/wp\/v2\/types\/product"}],"replies":[{"embeddable":true,"href":"https:\/\/jinhuaceramic.com\/es\/wp-json\/wp\/v2\/comments?post=7484"}],"version-history":[{"count":0,"href":"https:\/\/jinhuaceramic.com\/es\/wp-json\/wp\/v2\/product\/7484\/revisions"}],"wp:featuredmedia":[{"embeddable":true,"href":"https:\/\/jinhuaceramic.com\/es\/wp-json\/wp\/v2\/media\/7487"}],"wp:attachment":[{"href":"https:\/\/jinhuaceramic.com\/es\/wp-json\/wp\/v2\/media?parent=7484"}],"wp:term":[{"taxonomy":"product_brand","embeddable":true,"href":"https:\/\/jinhuaceramic.com\/es\/wp-json\/wp\/v2\/product_brand?post=7484"},{"taxonomy":"product_cat","embeddable":true,"href":"https:\/\/jinhuaceramic.com\/es\/wp-json\/wp\/v2\/product_cat?post=7484"},{"taxonomy":"product_tag","embeddable":true,"href":"https:\/\/jinhuaceramic.com\/es\/wp-json\/wp\/v2\/product_tag?post=7484"}],"curies":[{"name":"wp","href":"https:\/\/api.w.org\/{rel}","templated":true}]}}