{"id":7499,"date":"2024-12-26T10:28:11","date_gmt":"2024-12-26T10:28:11","guid":{"rendered":"https:\/\/jinhuaceramic.com\/?post_type=product&#038;p=7499"},"modified":"2025-01-16T06:24:09","modified_gmt":"2025-01-16T06:24:09","slug":"wholesale-tableware","status":"publish","type":"product","link":"https:\/\/jinhuaceramic.com\/es\/product\/wholesale-tableware\/","title":{"rendered":"Vajilla al por mayor de alta calidad, proveedores de vajilla de cer\u00e1mica a granel"},"content":{"rendered":"<div class=\"wp-block-columns is-layout-flex wp-container-core-columns-is-layout-9d6595d7 wp-block-columns-is-layout-flex\">\n<div class=\"wp-block-column is-layout-flow wp-block-column-is-layout-flow\">\n<h3 class=\"wp-block-heading\">Vajilla al por mayor de primera calidad Caracter\u00edsticas:<\/h3>\n\n\n\n<ul class=\"wp-block-list\">\n<li><strong>Tecnolog\u00eda de cambio de horno: <\/strong>Estas vajillas al por mayor adoptan un tono unificado, verde oscuro con bordes negros, que tiene un aspecto muy elegante y moderno. La superficie de la vajilla est\u00e1 cubierta con esmalte irregular, que se produce por el proceso de cer\u00e1mica especial de \"Cambio de horno impredecible\", formando cambios accidentales de color de esmalte, capas ricas, \u00fanicas y hermosas.<\/li>\n\n\n\n<li><strong>Material de alta calidad: <\/strong>Estas vajillas de cer\u00e1mica a granel est\u00e1n fabricadas con material cer\u00e1mico de alta calidad, resistente a las altas temperaturas y bueno para transportar diversos platos y sopas calientes sin liberar sustancias t\u00f3xicas en los alimentos. La dureza de la superficie de esta cer\u00e1mica es bastante alta. No es f\u00e1cil rayarla con un cuchillo o un tenedor, por lo que se mantiene la belleza de esta vajilla.<\/li>\n\n\n\n<li><strong>Versatilidad: <\/strong>Estos juegos de vajilla al por mayor se componen de dos platos de distintos tama\u00f1os y un cuenco. El plato grande servir\u00e1 para platos principales, como carnes y verduras a la parrilla; el mediano, frutas o guarniciones; y el cuenco, para ensaladas, sopas, etc.<\/li>\n\n\n\n<li><strong>F\u00e1cil de limpiar: <\/strong>Estas vajillas de cer\u00e1mica a granel tienen una superficie lisa que dif\u00edcilmente absorber\u00edan los sabores y colorantes de los alimentos. Son f\u00e1ciles de limpiar y pueden lavarse en el lavavajillas.<\/li>\n<\/ul>\n<\/div>\n\n\n\n<div class=\"wp-block-column is-layout-flow wp-block-column-is-layout-flow\">\n<figure class=\"wp-block-image size-full\"><img fetchpriority=\"high\" decoding=\"async\" width=\"1500\" height=\"1500\" src=\"https:\/\/jinhuaceramic.com\/wp-content\/uploads\/2024\/12\/Green-Custom-Dinnerware-Set-Deals-Wholesale-Tableware-Dinner-Services-5.webp\" alt=\"Vajilla al por mayor de primera calidad, Vajilla de cer\u00e1mica a granel Proveedores-1\" class=\"wp-image-7503\" srcset=\"https:\/\/jinhuaceramic.com\/wp-content\/uploads\/2024\/12\/Green-Custom-Dinnerware-Set-Deals-Wholesale-Tableware-Dinner-Services-5.webp 1500w, https:\/\/jinhuaceramic.com\/wp-content\/uploads\/2024\/12\/Green-Custom-Dinnerware-Set-Deals-Wholesale-Tableware-Dinner-Services-5-300x300.webp 300w, https:\/\/jinhuaceramic.com\/wp-content\/uploads\/2024\/12\/Green-Custom-Dinnerware-Set-Deals-Wholesale-Tableware-Dinner-Services-5-150x150.webp 150w, https:\/\/jinhuaceramic.com\/wp-content\/uploads\/2024\/12\/Green-Custom-Dinnerware-Set-Deals-Wholesale-Tableware-Dinner-Services-5-768x768.webp 768w, https:\/\/jinhuaceramic.com\/wp-content\/uploads\/2024\/12\/Green-Custom-Dinnerware-Set-Deals-Wholesale-Tableware-Dinner-Services-5-12x12.webp 12w, https:\/\/jinhuaceramic.com\/wp-content\/uploads\/2024\/12\/Green-Custom-Dinnerware-Set-Deals-Wholesale-Tableware-Dinner-Services-5-285x285.webp 285w, https:\/\/jinhuaceramic.com\/wp-content\/uploads\/2024\/12\/Green-Custom-Dinnerware-Set-Deals-Wholesale-Tableware-Dinner-Services-5-270x270.webp 270w, https:\/\/jinhuaceramic.com\/wp-content\/uploads\/2024\/12\/Green-Custom-Dinnerware-Set-Deals-Wholesale-Tableware-Dinner-Services-5-540x540.webp 540w, https:\/\/jinhuaceramic.com\/wp-content\/uploads\/2024\/12\/Green-Custom-Dinnerware-Set-Deals-Wholesale-Tableware-Dinner-Services-5-660x660.webp 660w\" sizes=\"(max-width: 1500px) 100vw, 1500px\" \/><\/figure>\n<\/div>\n<\/div>\n\n\n\n<p><\/p>","protected":false},"excerpt":{"rendered":"<p>Bienvenido a comprar vajilla al por mayor. Dise\u00f1o elegante, material cer\u00e1mico duradero, funciones pr\u00e1cticas y f\u00e1cil limpieza hacen de estas vajillas de cer\u00e1mica al por mayor una elecci\u00f3n indispensable. Estos juegos de vajilla de cer\u00e1mica son a la vez hermoso y pr\u00e1ctico, que puede mejorar efectivamente el placer de comer y hacer cada comida un ritual elegante de la vida.<\/p>","protected":false},"featured_media":7506,"comment_status":"closed","ping_status":"closed","template":"","meta":{"_acf_changed":false},"product_brand":[],"product_cat":[54,83],"product_tag":[78,76],"class_list":{"0":"post-7499","1":"product","2":"type-product","3":"status-publish","4":"has-post-thumbnail","6":"product_cat-tableware-wholesale","7":"product_cat-wholesale-dinnerware-sets","8":"product_tag-bulk-ceramic-bowls","9":"product_tag-dinner-plates-bulk","11":"first","12":"instock","13":"shipping-taxable","14":"product-type-simple"},"acf":[],"_links":{"self":[{"href":"https:\/\/jinhuaceramic.com\/es\/wp-json\/wp\/v2\/product\/7499","targetHints":{"allow":["GET"]}}],"collection":[{"href":"https:\/\/jinhuaceramic.com\/es\/wp-json\/wp\/v2\/product"}],"about":[{"href":"https:\/\/jinhuaceramic.com\/es\/wp-json\/wp\/v2\/types\/product"}],"replies":[{"embeddable":true,"href":"https:\/\/jinhuaceramic.com\/es\/wp-json\/wp\/v2\/comments?post=7499"}],"version-history":[{"count":0,"href":"https:\/\/jinhuaceramic.com\/es\/wp-json\/wp\/v2\/product\/7499\/revisions"}],"wp:featuredmedia":[{"embeddable":true,"href":"https:\/\/jinhuaceramic.com\/es\/wp-json\/wp\/v2\/media\/7506"}],"wp:attachment":[{"href":"https:\/\/jinhuaceramic.com\/es\/wp-json\/wp\/v2\/media?parent=7499"}],"wp:term":[{"taxonomy":"product_brand","embeddable":true,"href":"https:\/\/jinhuaceramic.com\/es\/wp-json\/wp\/v2\/product_brand?post=7499"},{"taxonomy":"product_cat","embeddable":true,"href":"https:\/\/jinhuaceramic.com\/es\/wp-json\/wp\/v2\/product_cat?post=7499"},{"taxonomy":"product_tag","embeddable":true,"href":"https:\/\/jinhuaceramic.com\/es\/wp-json\/wp\/v2\/product_tag?post=7499"}],"curies":[{"name":"wp","href":"https:\/\/api.w.org\/{rel}","templated":true}]}}