{"id":7510,"date":"2024-12-26T10:47:15","date_gmt":"2024-12-26T10:47:15","guid":{"rendered":"https:\/\/jinhuaceramic.com\/?post_type=product&#038;p=7510"},"modified":"2024-12-30T01:39:51","modified_gmt":"2024-12-30T01:39:51","slug":"customized-bathroom-sets","status":"publish","type":"product","link":"https:\/\/jinhuaceramic.com\/es\/product\/customized-bathroom-sets\/","title":{"rendered":"Conjuntos de ba\u00f1o personalizados, Accesorios de ba\u00f1o de cer\u00e1mica al por mayor"},"content":{"rendered":"<div class=\"wp-block-columns is-layout-flex wp-container-core-columns-is-layout-9d6595d7 wp-block-columns-is-layout-flex\">\n<div class=\"wp-block-column is-layout-flow wp-block-column-is-layout-flow\">\n<h3 class=\"wp-block-heading\">Caracter\u00edsticas de los conjuntos de ba\u00f1o personalizados de alta calidad:<\/h3>\n\n\n\n<ul class=\"wp-block-list\">\n<li><strong>Dise\u00f1o elegante: <\/strong>Estos juegos de ba\u00f1o personalizados son todos de color negro, con un dise\u00f1o sencillo, elegante y moderno. Se pueden aplicar a cualquier estilo de decoraci\u00f3n de ba\u00f1o y a\u00f1aden un toque de moda a una decoraci\u00f3n minimalista, industrial o moderna.<\/li>\n\n\n\n<li><strong>Material de alta calidad: <\/strong>Fabricados en cer\u00e1mica de alta calidad, estos accesorios de ba\u00f1o de cer\u00e1mica al por mayor destacan por su resistencia y durabilidad. La cer\u00e1mica no se da\u00f1a en poco tiempo ni se desgasta el color. Su vida \u00fatil es bastante larga. La superficie lisa de la cer\u00e1mica no se mancha f\u00e1cilmente y se limpia con facilidad. Basta con pasar un pa\u00f1o h\u00famedo para mantenerla limpia.<\/li>\n\n\n\n<li><strong>Gran sentido pr\u00e1ctico: <\/strong>Estos juegos de ba\u00f1o personalizados tienen m\u00faltiples formatos, como botellas con dosificador para jab\u00f3n de manos o gel de ducha, recipientes con orificios para cepillos de dientes y algunos con tapas para guardar peque\u00f1os art\u00edculos como bolas de algod\u00f3n, con el fin de satisfacer las necesidades diarias del cuarto de ba\u00f1o.<\/li>\n\n\n\n<li><strong>Respetuoso con el medio ambiente: <\/strong>Estos accesorios de ba\u00f1o de cer\u00e1mica al por mayor son reciclables y evitan el uso de botellas de pl\u00e1stico desechables, lo que es mucho m\u00e1s respetuoso con el medio ambiente.<\/li>\n<\/ul>\n<\/div>\n\n\n\n<div class=\"wp-block-column is-layout-flow wp-block-column-is-layout-flow\">\n<figure class=\"wp-block-image size-full\"><img fetchpriority=\"high\" decoding=\"async\" width=\"2000\" height=\"2000\" src=\"https:\/\/jinhuaceramic.com\/wp-content\/uploads\/2024\/12\/Ceramic-Designer-Bathroom-Sets-Wholesale-Bath-Accessories-Suppliers-5-1.webp\" alt=\"Juegos de ba\u00f1o personalizados, accesorios de ba\u00f1o de cer\u00e1mica al por mayor-4\" class=\"wp-image-7520\" srcset=\"https:\/\/jinhuaceramic.com\/wp-content\/uploads\/2024\/12\/Ceramic-Designer-Bathroom-Sets-Wholesale-Bath-Accessories-Suppliers-5-1.webp 2000w, https:\/\/jinhuaceramic.com\/wp-content\/uploads\/2024\/12\/Ceramic-Designer-Bathroom-Sets-Wholesale-Bath-Accessories-Suppliers-5-1-300x300.webp 300w, https:\/\/jinhuaceramic.com\/wp-content\/uploads\/2024\/12\/Ceramic-Designer-Bathroom-Sets-Wholesale-Bath-Accessories-Suppliers-5-1-150x150.webp 150w, https:\/\/jinhuaceramic.com\/wp-content\/uploads\/2024\/12\/Ceramic-Designer-Bathroom-Sets-Wholesale-Bath-Accessories-Suppliers-5-1-768x768.webp 768w, https:\/\/jinhuaceramic.com\/wp-content\/uploads\/2024\/12\/Ceramic-Designer-Bathroom-Sets-Wholesale-Bath-Accessories-Suppliers-5-1-12x12.webp 12w, https:\/\/jinhuaceramic.com\/wp-content\/uploads\/2024\/12\/Ceramic-Designer-Bathroom-Sets-Wholesale-Bath-Accessories-Suppliers-5-1-285x285.webp 285w, https:\/\/jinhuaceramic.com\/wp-content\/uploads\/2024\/12\/Ceramic-Designer-Bathroom-Sets-Wholesale-Bath-Accessories-Suppliers-5-1-1600x1600.webp 1600w, https:\/\/jinhuaceramic.com\/wp-content\/uploads\/2024\/12\/Ceramic-Designer-Bathroom-Sets-Wholesale-Bath-Accessories-Suppliers-5-1-270x270.webp 270w, https:\/\/jinhuaceramic.com\/wp-content\/uploads\/2024\/12\/Ceramic-Designer-Bathroom-Sets-Wholesale-Bath-Accessories-Suppliers-5-1-540x540.webp 540w, https:\/\/jinhuaceramic.com\/wp-content\/uploads\/2024\/12\/Ceramic-Designer-Bathroom-Sets-Wholesale-Bath-Accessories-Suppliers-5-1-660x660.webp 660w\" sizes=\"(max-width: 2000px) 100vw, 2000px\" \/><\/figure>\n<\/div>\n<\/div>","protected":false},"excerpt":{"rendered":"<p>Bienvenido a la compra de juegos de ba\u00f1o personalizados. Estos accesorios de ba\u00f1o de cer\u00e1mica al por mayor tienen una estructura sencilla y elegante, y su color negro combina con muchos estilos de ba\u00f1o. Hay diferentes tipos para su uso: dispensador de jab\u00f3n, vaso para cepillos de dientes y tarro para bolas de algod\u00f3n, para satisfacer las necesidades de aseo diario. Los materiales cer\u00e1micos garantizan la durabilidad, sin complicaciones de limpieza ni mantenimiento.<\/p>","protected":false},"featured_media":7522,"comment_status":"closed","ping_status":"closed","template":"","meta":{"_acf_changed":false},"product_brand":[],"product_cat":[51],"product_tag":[74],"class_list":{"0":"post-7510","1":"product","2":"type-product","3":"status-publish","4":"has-post-thumbnail","6":"product_cat-bathroom-accessories-wholesale","7":"product_tag-ceramic-bath-accessories-wholesale","9":"first","10":"instock","11":"shipping-taxable","12":"product-type-simple"},"acf":[],"_links":{"self":[{"href":"https:\/\/jinhuaceramic.com\/es\/wp-json\/wp\/v2\/product\/7510","targetHints":{"allow":["GET"]}}],"collection":[{"href":"https:\/\/jinhuaceramic.com\/es\/wp-json\/wp\/v2\/product"}],"about":[{"href":"https:\/\/jinhuaceramic.com\/es\/wp-json\/wp\/v2\/types\/product"}],"replies":[{"embeddable":true,"href":"https:\/\/jinhuaceramic.com\/es\/wp-json\/wp\/v2\/comments?post=7510"}],"version-history":[{"count":0,"href":"https:\/\/jinhuaceramic.com\/es\/wp-json\/wp\/v2\/product\/7510\/revisions"}],"wp:featuredmedia":[{"embeddable":true,"href":"https:\/\/jinhuaceramic.com\/es\/wp-json\/wp\/v2\/media\/7522"}],"wp:attachment":[{"href":"https:\/\/jinhuaceramic.com\/es\/wp-json\/wp\/v2\/media?parent=7510"}],"wp:term":[{"taxonomy":"product_brand","embeddable":true,"href":"https:\/\/jinhuaceramic.com\/es\/wp-json\/wp\/v2\/product_brand?post=7510"},{"taxonomy":"product_cat","embeddable":true,"href":"https:\/\/jinhuaceramic.com\/es\/wp-json\/wp\/v2\/product_cat?post=7510"},{"taxonomy":"product_tag","embeddable":true,"href":"https:\/\/jinhuaceramic.com\/es\/wp-json\/wp\/v2\/product_tag?post=7510"}],"curies":[{"name":"wp","href":"https:\/\/api.w.org\/{rel}","templated":true}]}}