{"id":7547,"date":"2024-12-28T07:54:34","date_gmt":"2024-12-28T07:54:34","guid":{"rendered":"https:\/\/jinhuaceramic.com\/?post_type=product&#038;p=7547"},"modified":"2024-12-30T01:39:28","modified_gmt":"2024-12-30T01:39:28","slug":"candle-holder-wholesale","status":"publish","type":"product","link":"https:\/\/jinhuaceramic.com\/es\/product\/candle-holder-wholesale\/","title":{"rendered":"Portavelas unico al por mayor, Portavelas de ceramica a granel"},"content":{"rendered":"<div class=\"wp-block-columns is-layout-flex wp-container-core-columns-is-layout-9d6595d7 wp-block-columns-is-layout-flex\">\n<div class=\"wp-block-column is-layout-flow wp-block-column-is-layout-flow\">\n<h3 class=\"wp-block-heading\">Caracter\u00edsticas del portavelas premium al por mayor:<\/h3>\n\n\n\n<ul class=\"wp-block-list\">\n<li><strong>Bonito dise\u00f1o: <\/strong>Estos portavelas de cer\u00e1mica al por mayor tienen una forma irregular, pero con l\u00edneas encantadoras. Los candelabros negros combinan con las manchas blancas, mientras que los candelabros blancos combinan con las manchas negras, como las manchas de una vaca. Este dise\u00f1o es tan bonito y \u00fanico que podr\u00eda convertirse en el elemento destacado de la decoraci\u00f3n interior.<\/li>\n\n\n\n<li>Alta calidad<strong>Material cer\u00e1mico de calidad: <\/strong>Estos portavelas personalizados a granel est\u00e1n fabricados con cer\u00e1mica de alta calidad que soporta altas temperaturas y no se da\u00f1a ni emite sustancias nocivas durante la combusti\u00f3n de las velas, lo que los hace muy seguros.<\/li>\n\n\n\n<li><strong>Versatilidad: <\/strong>Estos portavelas de cer\u00e1mica al por mayor tienen 3 formas diferentes: uno con un solo orificio para una vela, otro en forma de \u201cY\u201d para dos velas y otro con varios orificios para tres velas. Son muy adecuados para crear un ambiente rom\u00e1ntico y c\u00e1lido y se pueden elegir seg\u00fan el n\u00famero de velas.<\/li>\n\n\n\n<li><strong>Buena estabilidad: <\/strong>Estos candelabros de cer\u00e1mica a granel tienen una base amplia para mayor estabilidad, con el fin de reducir la probabilidad de que las velas se vuelquen.<\/li>\n<\/ul>\n<\/div>\n\n\n\n<div class=\"wp-block-column is-layout-flow wp-block-column-is-layout-flow\">\n<figure class=\"wp-block-image size-full\"><img fetchpriority=\"high\" decoding=\"async\" width=\"800\" height=\"800\" src=\"https:\/\/jinhuaceramic.com\/wp-content\/uploads\/2024\/12\/Various-Wholesale-Candle-Holders-Ceramic-White-Candlesticks-Bulk-4.webp\" alt=\"Varios-Mayoristas-Candeleros,-Cer\u00e1mica-Blanca-Candeleros-Granel\" class=\"wp-image-7550\" srcset=\"https:\/\/jinhuaceramic.com\/wp-content\/uploads\/2024\/12\/Various-Wholesale-Candle-Holders-Ceramic-White-Candlesticks-Bulk-4.webp 800w, https:\/\/jinhuaceramic.com\/wp-content\/uploads\/2024\/12\/Various-Wholesale-Candle-Holders-Ceramic-White-Candlesticks-Bulk-4-300x300.webp 300w, https:\/\/jinhuaceramic.com\/wp-content\/uploads\/2024\/12\/Various-Wholesale-Candle-Holders-Ceramic-White-Candlesticks-Bulk-4-150x150.webp 150w, https:\/\/jinhuaceramic.com\/wp-content\/uploads\/2024\/12\/Various-Wholesale-Candle-Holders-Ceramic-White-Candlesticks-Bulk-4-768x768.webp 768w, https:\/\/jinhuaceramic.com\/wp-content\/uploads\/2024\/12\/Various-Wholesale-Candle-Holders-Ceramic-White-Candlesticks-Bulk-4-12x12.webp 12w, https:\/\/jinhuaceramic.com\/wp-content\/uploads\/2024\/12\/Various-Wholesale-Candle-Holders-Ceramic-White-Candlesticks-Bulk-4-285x285.webp 285w, https:\/\/jinhuaceramic.com\/wp-content\/uploads\/2024\/12\/Various-Wholesale-Candle-Holders-Ceramic-White-Candlesticks-Bulk-4-270x270.webp 270w, https:\/\/jinhuaceramic.com\/wp-content\/uploads\/2024\/12\/Various-Wholesale-Candle-Holders-Ceramic-White-Candlesticks-Bulk-4-540x540.webp 540w, https:\/\/jinhuaceramic.com\/wp-content\/uploads\/2024\/12\/Various-Wholesale-Candle-Holders-Ceramic-White-Candlesticks-Bulk-4-660x660.webp 660w\" sizes=\"(max-width: 800px) 100vw, 800px\" \/><\/figure>\n<\/div>\n<\/div>","protected":false},"excerpt":{"rendered":"<p>Bienvenido a la compra al por mayor de portavelas de cer\u00e1mica. Estos portavelas a granel de forma irregular \u00fanica son bonitos y tienen un dise\u00f1o exclusivo, con diversas formas y materiales de primera calidad. No solo tienen un dise\u00f1o ingenioso, sino que tambi\u00e9n son excelentes en cuanto a practicidad y seguridad, y pueden a\u00f1adir un ambiente c\u00e1lido y art\u00edstico al entorno del hogar.<\/p>","protected":false},"featured_media":7550,"comment_status":"closed","ping_status":"closed","template":"","meta":{"_acf_changed":false},"product_brand":[],"product_cat":[52],"product_tag":[68],"class_list":{"0":"post-7547","1":"product","2":"type-product","3":"status-publish","4":"has-post-thumbnail","6":"product_cat-wholesale-candle-containers","7":"product_tag-ceramic-candlesticks-bulk","9":"first","10":"instock","11":"shipping-taxable","12":"product-type-simple"},"acf":[],"_links":{"self":[{"href":"https:\/\/jinhuaceramic.com\/es\/wp-json\/wp\/v2\/product\/7547","targetHints":{"allow":["GET"]}}],"collection":[{"href":"https:\/\/jinhuaceramic.com\/es\/wp-json\/wp\/v2\/product"}],"about":[{"href":"https:\/\/jinhuaceramic.com\/es\/wp-json\/wp\/v2\/types\/product"}],"replies":[{"embeddable":true,"href":"https:\/\/jinhuaceramic.com\/es\/wp-json\/wp\/v2\/comments?post=7547"}],"version-history":[{"count":0,"href":"https:\/\/jinhuaceramic.com\/es\/wp-json\/wp\/v2\/product\/7547\/revisions"}],"wp:featuredmedia":[{"embeddable":true,"href":"https:\/\/jinhuaceramic.com\/es\/wp-json\/wp\/v2\/media\/7550"}],"wp:attachment":[{"href":"https:\/\/jinhuaceramic.com\/es\/wp-json\/wp\/v2\/media?parent=7547"}],"wp:term":[{"taxonomy":"product_brand","embeddable":true,"href":"https:\/\/jinhuaceramic.com\/es\/wp-json\/wp\/v2\/product_brand?post=7547"},{"taxonomy":"product_cat","embeddable":true,"href":"https:\/\/jinhuaceramic.com\/es\/wp-json\/wp\/v2\/product_cat?post=7547"},{"taxonomy":"product_tag","embeddable":true,"href":"https:\/\/jinhuaceramic.com\/es\/wp-json\/wp\/v2\/product_tag?post=7547"}],"curies":[{"name":"wp","href":"https:\/\/api.w.org\/{rel}","templated":true}]}}