{"id":7563,"date":"2025-01-02T02:35:23","date_gmt":"2025-01-02T02:35:23","guid":{"rendered":"https:\/\/jinhuaceramic.com\/?post_type=product&#038;p=7563"},"modified":"2025-01-02T02:35:48","modified_gmt":"2025-01-02T02:35:48","slug":"bath-accessories-bulk","status":"publish","type":"product","link":"https:\/\/jinhuaceramic.com\/es\/product\/bath-accessories-bulk\/","title":{"rendered":"Accesorios de Ba\u00f1o de Cer\u00e1mica a Granel, Conjuntos de Ba\u00f1o Personalizados de 5 Piezas"},"content":{"rendered":"<div class=\"wp-block-columns is-layout-flex wp-container-core-columns-is-layout-9d6595d7 wp-block-columns-is-layout-flex\">\n<div class=\"wp-block-column is-layout-flow wp-block-column-is-layout-flow\">\n<h3 class=\"wp-block-heading\">Premium Bath Accessories Bulk Features:<\/h3>\n\n\n\n<ul class=\"wp-block-list\">\n<li><strong>Unified Minimalist Design: <\/strong>The design of these ceramic bath accessories is unified, white with the simple vertical stripes can be rather simple and fashionable and offer a beautiful outlook in any bathroom. The unified style also makes a bathroom neat and well-organized.<\/li>\n\n\n\n<li><strong>Material cer\u00e1mico de alta calidad: <\/strong>These ceramic custom bathroom sets of high-quality ceramic material are durable, their surface is smooth and easy to clean. This ensures that the product will not be damaged in the humid bathroom environment for a long time.<\/li>\n\n\n\n<li><strong>Juego completo: <\/strong>These ceramic bath accessories bulk include multi-functional containers, including cups for toothbrushes, jars for cotton swabs, soap dishes for soap, and bottles for liquid soap. They are fully functional and can meet the storage needs of daily bathroom supplies.<\/li>\n\n\n\n<li><strong>Practical and Strong:<\/strong> Equipped with two different soap dispensers, a foaming soap dispenser, and a regular soap dispenser, these custom bathroom sets can meet varied needs. The soap dispenser has a large mouth for easy filling, replacing, and cleaning, while the head of the pump is big and soft to press.<\/li>\n<\/ul>\n<\/div>\n\n\n\n<div class=\"wp-block-column is-layout-flow wp-block-column-is-layout-flow\">\n<figure class=\"wp-block-image size-full\"><img fetchpriority=\"high\" decoding=\"async\" width=\"1600\" height=\"1600\" src=\"https:\/\/jinhuaceramic.com\/wp-content\/uploads\/2024\/12\/5-Piece-Customized-Bathroom-Sets-Wholesale-Bath-And-Body-Accessories-2.webp\" alt=\"Ceramic Bath Accessories Bulk, 5-Piece Customized Bathroom Sets-1\" class=\"wp-image-7564\" srcset=\"https:\/\/jinhuaceramic.com\/wp-content\/uploads\/2024\/12\/5-Piece-Customized-Bathroom-Sets-Wholesale-Bath-And-Body-Accessories-2.webp 1600w, https:\/\/jinhuaceramic.com\/wp-content\/uploads\/2024\/12\/5-Piece-Customized-Bathroom-Sets-Wholesale-Bath-And-Body-Accessories-2-300x300.webp 300w, https:\/\/jinhuaceramic.com\/wp-content\/uploads\/2024\/12\/5-Piece-Customized-Bathroom-Sets-Wholesale-Bath-And-Body-Accessories-2-150x150.webp 150w, https:\/\/jinhuaceramic.com\/wp-content\/uploads\/2024\/12\/5-Piece-Customized-Bathroom-Sets-Wholesale-Bath-And-Body-Accessories-2-768x768.webp 768w, https:\/\/jinhuaceramic.com\/wp-content\/uploads\/2024\/12\/5-Piece-Customized-Bathroom-Sets-Wholesale-Bath-And-Body-Accessories-2-12x12.webp 12w, https:\/\/jinhuaceramic.com\/wp-content\/uploads\/2024\/12\/5-Piece-Customized-Bathroom-Sets-Wholesale-Bath-And-Body-Accessories-2-285x285.webp 285w, https:\/\/jinhuaceramic.com\/wp-content\/uploads\/2024\/12\/5-Piece-Customized-Bathroom-Sets-Wholesale-Bath-And-Body-Accessories-2-270x270.webp 270w, https:\/\/jinhuaceramic.com\/wp-content\/uploads\/2024\/12\/5-Piece-Customized-Bathroom-Sets-Wholesale-Bath-And-Body-Accessories-2-540x540.webp 540w, https:\/\/jinhuaceramic.com\/wp-content\/uploads\/2024\/12\/5-Piece-Customized-Bathroom-Sets-Wholesale-Bath-And-Body-Accessories-2-660x660.webp 660w\" sizes=\"(max-width: 1600px) 100vw, 1600px\" \/><\/figure>\n<\/div>\n<\/div>","protected":false},"excerpt":{"rendered":"<p>Welcome to custom bathroom sets. These ceramic bath accessories bulk are mainly white, with simple and beautiful designs. The style of the soap dispenser, cotton jar, soap dish, and toothbrush holder is consistent. Such wholesale ceramic bathroom sets highlight durability and easiness to clean, utilizing space entirely in the bathroom to emphasize cleanliness and beauty.<\/p>","protected":false},"featured_media":7565,"comment_status":"closed","ping_status":"closed","template":"","meta":{"_acf_changed":false},"product_brand":[],"product_cat":[51],"product_tag":[74],"class_list":{"0":"post-7563","1":"product","2":"type-product","3":"status-publish","4":"has-post-thumbnail","6":"product_cat-bathroom-accessories-wholesale","7":"product_tag-ceramic-bath-accessories-wholesale","9":"first","10":"instock","11":"shipping-taxable","12":"product-type-simple"},"acf":[],"_links":{"self":[{"href":"https:\/\/jinhuaceramic.com\/es\/wp-json\/wp\/v2\/product\/7563","targetHints":{"allow":["GET"]}}],"collection":[{"href":"https:\/\/jinhuaceramic.com\/es\/wp-json\/wp\/v2\/product"}],"about":[{"href":"https:\/\/jinhuaceramic.com\/es\/wp-json\/wp\/v2\/types\/product"}],"replies":[{"embeddable":true,"href":"https:\/\/jinhuaceramic.com\/es\/wp-json\/wp\/v2\/comments?post=7563"}],"version-history":[{"count":0,"href":"https:\/\/jinhuaceramic.com\/es\/wp-json\/wp\/v2\/product\/7563\/revisions"}],"wp:featuredmedia":[{"embeddable":true,"href":"https:\/\/jinhuaceramic.com\/es\/wp-json\/wp\/v2\/media\/7565"}],"wp:attachment":[{"href":"https:\/\/jinhuaceramic.com\/es\/wp-json\/wp\/v2\/media?parent=7563"}],"wp:term":[{"taxonomy":"product_brand","embeddable":true,"href":"https:\/\/jinhuaceramic.com\/es\/wp-json\/wp\/v2\/product_brand?post=7563"},{"taxonomy":"product_cat","embeddable":true,"href":"https:\/\/jinhuaceramic.com\/es\/wp-json\/wp\/v2\/product_cat?post=7563"},{"taxonomy":"product_tag","embeddable":true,"href":"https:\/\/jinhuaceramic.com\/es\/wp-json\/wp\/v2\/product_tag?post=7563"}],"curies":[{"name":"wp","href":"https:\/\/api.w.org\/{rel}","templated":true}]}}