{"id":7576,"date":"2025-01-03T01:29:31","date_gmt":"2025-01-03T01:29:31","guid":{"rendered":"https:\/\/jinhuaceramic.com\/?post_type=product&#038;p=7576"},"modified":"2025-01-03T01:56:12","modified_gmt":"2025-01-03T01:56:12","slug":"candle-vessel-wholesale","status":"publish","type":"product","link":"https:\/\/jinhuaceramic.com\/es\/product\/candle-vessel-wholesale\/","title":{"rendered":"Recipiente para Velas en Forma de Concha al por Mayor, Tarros Vacios para Velas al por Mayor"},"content":{"rendered":"<div class=\"wp-block-columns is-layout-flex wp-container-core-columns-is-layout-9d6595d7 wp-block-columns-is-layout-flex\">\n<div class=\"wp-block-column is-layout-flow wp-block-column-is-layout-flow\">\n<h3 class=\"wp-block-heading\">Recipiente para velas Premium al por mayor Caracter\u00edsticas:<\/h3>\n\n\n\n<ul class=\"wp-block-list\">\n<li><strong>Forma de concha \u00fanica:<\/strong> Este recipiente para velas imita al por mayor la forma de una caracola, incluida la forma en espiral, la textura de la superficie y el borde ondulado de la abertura. Es muy realista. El dise\u00f1o de elemento natural representado aqu\u00ed puede a\u00f1adir un sabor oce\u00e1nico a la decoraci\u00f3n de interiores y aportar una sensaci\u00f3n de frescura y tranquilidad.<\/li>\n\n\n\n<li><strong>Material cer\u00e1mico duradero: <\/strong>Estos tarros vac\u00edos para velas a granel en forma de concha est\u00e1n fabricados con material cer\u00e1mico de alta calidad en forma de concha, con resistencia al calor y adecuados para contener velas. Durante la combusti\u00f3n, el recipiente de cer\u00e1mica aislar\u00e1 bien y evitar\u00e1 el sobrecalentamiento, permitiendo as\u00ed un uso seguro.<\/li>\n\n\n\n<li><strong>Varios colores:<\/strong> Este recipiente para velas al por mayor tiene dos colores: azul oscuro y blanco en contraste con el azul claro. Los tonos blanco y azul dan una sensaci\u00f3n visual pl\u00e1cida y elegante. As\u00ed, puede aplicarse cualquier estilo en la decoraci\u00f3n del hogar. Tanto el estilo minimalista moderno como el estilo retro, todos pueden aplic\u00e1rseles perfectamente.<\/li>\n\n\n\n<li><strong>Versatilidad:<\/strong> Adem\u00e1s de utilizarse como tarros para velas, estos tarros vac\u00edos con forma de concha a granel pueden colocarse en casa como decoraci\u00f3n una vez consumida la vela. Tambi\u00e9n se pueden utilizar para guardar peque\u00f1os objetos como joyas o llaves.<\/li>\n<\/ul>\n<\/div>\n\n\n\n<div class=\"wp-block-column is-layout-flow wp-block-column-is-layout-flow\">\n<figure class=\"wp-block-image size-full\"><img fetchpriority=\"high\" decoding=\"async\" width=\"1024\" height=\"1024\" src=\"https:\/\/jinhuaceramic.com\/wp-content\/uploads\/2025\/01\/Conch-Shape-Unique-Candle-Jars-Wholesale-Ceramic-Candle-Containers-6.webp\" alt=\"Recipiente para Velas en Forma de Concha al por Mayor, Tarros Vacios para Velas a Granel-1\" class=\"wp-image-7581\" srcset=\"https:\/\/jinhuaceramic.com\/wp-content\/uploads\/2025\/01\/Conch-Shape-Unique-Candle-Jars-Wholesale-Ceramic-Candle-Containers-6.webp 1024w, https:\/\/jinhuaceramic.com\/wp-content\/uploads\/2025\/01\/Conch-Shape-Unique-Candle-Jars-Wholesale-Ceramic-Candle-Containers-6-300x300.webp 300w, https:\/\/jinhuaceramic.com\/wp-content\/uploads\/2025\/01\/Conch-Shape-Unique-Candle-Jars-Wholesale-Ceramic-Candle-Containers-6-150x150.webp 150w, https:\/\/jinhuaceramic.com\/wp-content\/uploads\/2025\/01\/Conch-Shape-Unique-Candle-Jars-Wholesale-Ceramic-Candle-Containers-6-768x768.webp 768w, https:\/\/jinhuaceramic.com\/wp-content\/uploads\/2025\/01\/Conch-Shape-Unique-Candle-Jars-Wholesale-Ceramic-Candle-Containers-6-12x12.webp 12w, https:\/\/jinhuaceramic.com\/wp-content\/uploads\/2025\/01\/Conch-Shape-Unique-Candle-Jars-Wholesale-Ceramic-Candle-Containers-6-285x285.webp 285w, https:\/\/jinhuaceramic.com\/wp-content\/uploads\/2025\/01\/Conch-Shape-Unique-Candle-Jars-Wholesale-Ceramic-Candle-Containers-6-270x270.webp 270w, https:\/\/jinhuaceramic.com\/wp-content\/uploads\/2025\/01\/Conch-Shape-Unique-Candle-Jars-Wholesale-Ceramic-Candle-Containers-6-540x540.webp 540w, https:\/\/jinhuaceramic.com\/wp-content\/uploads\/2025\/01\/Conch-Shape-Unique-Candle-Jars-Wholesale-Ceramic-Candle-Containers-6-660x660.webp 660w\" sizes=\"(max-width: 1024px) 100vw, 1024px\" \/><\/figure>\n<\/div>\n<\/div>","protected":false},"excerpt":{"rendered":"<p>Bienvenido a comprar tarros de velas vac\u00edos al por mayor. Este recipiente para velas al por mayor con forma de concha a\u00f1ade sensaciones oce\u00e1nicas a la decoraci\u00f3n del hogar. Est\u00e1 hecho de cer\u00e1mica, que es duradera, segura y de calidad superior. La integraci\u00f3n de belleza y practicidad puede hacer de este tarro de cer\u00e1mica para velas al por mayor una fant\u00e1stica elecci\u00f3n para la decoraci\u00f3n del hogar.<\/p>","protected":false},"featured_media":7577,"comment_status":"closed","ping_status":"closed","template":"","meta":{"_acf_changed":false},"product_brand":[],"product_cat":[52],"product_tag":[66],"class_list":{"0":"post-7576","1":"product","2":"type-product","3":"status-publish","4":"has-post-thumbnail","6":"product_cat-wholesale-candle-containers","7":"product_tag-candle-jars-wholesale","9":"first","10":"instock","11":"shipping-taxable","12":"product-type-simple"},"acf":[],"_links":{"self":[{"href":"https:\/\/jinhuaceramic.com\/es\/wp-json\/wp\/v2\/product\/7576","targetHints":{"allow":["GET"]}}],"collection":[{"href":"https:\/\/jinhuaceramic.com\/es\/wp-json\/wp\/v2\/product"}],"about":[{"href":"https:\/\/jinhuaceramic.com\/es\/wp-json\/wp\/v2\/types\/product"}],"replies":[{"embeddable":true,"href":"https:\/\/jinhuaceramic.com\/es\/wp-json\/wp\/v2\/comments?post=7576"}],"version-history":[{"count":0,"href":"https:\/\/jinhuaceramic.com\/es\/wp-json\/wp\/v2\/product\/7576\/revisions"}],"wp:featuredmedia":[{"embeddable":true,"href":"https:\/\/jinhuaceramic.com\/es\/wp-json\/wp\/v2\/media\/7577"}],"wp:attachment":[{"href":"https:\/\/jinhuaceramic.com\/es\/wp-json\/wp\/v2\/media?parent=7576"}],"wp:term":[{"taxonomy":"product_brand","embeddable":true,"href":"https:\/\/jinhuaceramic.com\/es\/wp-json\/wp\/v2\/product_brand?post=7576"},{"taxonomy":"product_cat","embeddable":true,"href":"https:\/\/jinhuaceramic.com\/es\/wp-json\/wp\/v2\/product_cat?post=7576"},{"taxonomy":"product_tag","embeddable":true,"href":"https:\/\/jinhuaceramic.com\/es\/wp-json\/wp\/v2\/product_tag?post=7576"}],"curies":[{"name":"wp","href":"https:\/\/api.w.org\/{rel}","templated":true}]}}