{"id":7613,"date":"2025-01-09T03:42:49","date_gmt":"2025-01-09T03:42:49","guid":{"rendered":"https:\/\/jinhuaceramic.com\/?post_type=product&#038;p=7613"},"modified":"2025-01-09T03:42:53","modified_gmt":"2025-01-09T03:42:53","slug":"pillar-candle-holders-in-bulk","status":"publish","type":"product","link":"https:\/\/jinhuaceramic.com\/es\/product\/pillar-candle-holders-in-bulk\/","title":{"rendered":"Elegantes Candelabros de Pilar al por mayor, Candelabros Altos de Cer\u00e1mica al por mayor"},"content":{"rendered":"<div class=\"wp-block-columns is-layout-flex wp-container-core-columns-is-layout-9d6595d7 wp-block-columns-is-layout-flex\">\n<div class=\"wp-block-column is-layout-flow wp-block-column-is-layout-flow\">\n<h3 class=\"wp-block-heading\">Premium Pillar Candle Holders In Bulk Caracter\u00edsticas:<\/h3>\n\n\n\n<ul class=\"wp-block-list\">\n<li><strong>Formas geom\u00e9tricas: <\/strong>Estos portavelas de cer\u00e1mica a granel est\u00e1n dise\u00f1ados en forma de cilindros, conos y poliedros. La mezcla de estas formas geom\u00e9tricas da un aspecto ordenado e interesante a los portavelas.<\/li>\n\n\n\n<li><strong>Dise\u00f1o en capas: <\/strong>Cada uno de estos candelabros altos al por mayor tiene diferentes tipos de dise\u00f1os en capas. Algunos de ellos contienen partes salientes en forma de anillo en pocos n\u00fameros, mientras que otros tienen una estructura escalonada. Estas capas tambi\u00e9n mejoran la estabilidad del soporte de la vela cuando se trata de su uso.<\/li>\n\n\n\n<li><strong>Tono de color uniforme:<\/strong> Todos los portavelas pilares de cer\u00e1mica a granel son de color blanco, muy arm\u00f3nico, formando un efecto decorativo integral. El blanco es vers\u00e1til y se adapta a varios estilos de decoraci\u00f3n de interiores.<\/li>\n\n\n\n<li><strong>Textura Premium: <\/strong>El material utilizado en la fabricaci\u00f3n de nuestros candelabros altos al por mayor es la cer\u00e1mica, que tiene una textura c\u00e1lida. Estos portavelas muestran una belleza natural y sencilla utilizando los materiales de la cer\u00e1mica. Adem\u00e1s, el material cer\u00e1mico es resistente a las altas temperaturas y puede contener velas encendidas de forma segura.<\/li>\n<\/ul>\n<\/div>\n\n\n\n<div class=\"wp-block-column is-layout-flow wp-block-column-is-layout-flow\">\n<figure class=\"wp-block-image size-full\"><img fetchpriority=\"high\" decoding=\"async\" width=\"800\" height=\"800\" src=\"https:\/\/jinhuaceramic.com\/wp-content\/uploads\/2025\/01\/Various-White-Candle-Stick-Holders-In-Bulk-Tall-Candlesticks-Wholesale-2.webp\" alt=\"Elegante Pilar Candelabros Al Por Mayor, Candelabros Altos De Cer\u00e1mica Al Por Mayor-1\" class=\"wp-image-7614\" srcset=\"https:\/\/jinhuaceramic.com\/wp-content\/uploads\/2025\/01\/Various-White-Candle-Stick-Holders-In-Bulk-Tall-Candlesticks-Wholesale-2.webp 800w, https:\/\/jinhuaceramic.com\/wp-content\/uploads\/2025\/01\/Various-White-Candle-Stick-Holders-In-Bulk-Tall-Candlesticks-Wholesale-2-300x300.webp 300w, https:\/\/jinhuaceramic.com\/wp-content\/uploads\/2025\/01\/Various-White-Candle-Stick-Holders-In-Bulk-Tall-Candlesticks-Wholesale-2-150x150.webp 150w, https:\/\/jinhuaceramic.com\/wp-content\/uploads\/2025\/01\/Various-White-Candle-Stick-Holders-In-Bulk-Tall-Candlesticks-Wholesale-2-768x768.webp 768w, https:\/\/jinhuaceramic.com\/wp-content\/uploads\/2025\/01\/Various-White-Candle-Stick-Holders-In-Bulk-Tall-Candlesticks-Wholesale-2-12x12.webp 12w, https:\/\/jinhuaceramic.com\/wp-content\/uploads\/2025\/01\/Various-White-Candle-Stick-Holders-In-Bulk-Tall-Candlesticks-Wholesale-2-285x285.webp 285w, https:\/\/jinhuaceramic.com\/wp-content\/uploads\/2025\/01\/Various-White-Candle-Stick-Holders-In-Bulk-Tall-Candlesticks-Wholesale-2-270x270.webp 270w, https:\/\/jinhuaceramic.com\/wp-content\/uploads\/2025\/01\/Various-White-Candle-Stick-Holders-In-Bulk-Tall-Candlesticks-Wholesale-2-540x540.webp 540w, https:\/\/jinhuaceramic.com\/wp-content\/uploads\/2025\/01\/Various-White-Candle-Stick-Holders-In-Bulk-Tall-Candlesticks-Wholesale-2-660x660.webp 660w\" sizes=\"(max-width: 800px) 100vw, 800px\" \/><\/figure>\n<\/div>\n<\/div>","protected":false},"excerpt":{"rendered":"<p>Bienvenido a comprar candeleros altos al por mayor. Estos candelabros de pilar al por mayor muestran un estilo distintivo en el dise\u00f1o, adoptando la forma geom\u00e9trica, el dise\u00f1o en capas, el tono de color unificado y la textura del material cer\u00e1mico; por lo tanto, es atractivo y pr\u00e1ctico para la decoraci\u00f3n de interiores y exteriores.<\/p>","protected":false},"featured_media":7620,"comment_status":"closed","ping_status":"closed","template":"","meta":{"_acf_changed":false},"product_brand":[],"product_cat":[52],"product_tag":[68],"class_list":{"0":"post-7613","1":"product","2":"type-product","3":"status-publish","4":"has-post-thumbnail","6":"product_cat-wholesale-candle-containers","7":"product_tag-ceramic-candlesticks-bulk","9":"first","10":"instock","11":"shipping-taxable","12":"product-type-simple"},"acf":[],"_links":{"self":[{"href":"https:\/\/jinhuaceramic.com\/es\/wp-json\/wp\/v2\/product\/7613","targetHints":{"allow":["GET"]}}],"collection":[{"href":"https:\/\/jinhuaceramic.com\/es\/wp-json\/wp\/v2\/product"}],"about":[{"href":"https:\/\/jinhuaceramic.com\/es\/wp-json\/wp\/v2\/types\/product"}],"replies":[{"embeddable":true,"href":"https:\/\/jinhuaceramic.com\/es\/wp-json\/wp\/v2\/comments?post=7613"}],"version-history":[{"count":0,"href":"https:\/\/jinhuaceramic.com\/es\/wp-json\/wp\/v2\/product\/7613\/revisions"}],"wp:featuredmedia":[{"embeddable":true,"href":"https:\/\/jinhuaceramic.com\/es\/wp-json\/wp\/v2\/media\/7620"}],"wp:attachment":[{"href":"https:\/\/jinhuaceramic.com\/es\/wp-json\/wp\/v2\/media?parent=7613"}],"wp:term":[{"taxonomy":"product_brand","embeddable":true,"href":"https:\/\/jinhuaceramic.com\/es\/wp-json\/wp\/v2\/product_brand?post=7613"},{"taxonomy":"product_cat","embeddable":true,"href":"https:\/\/jinhuaceramic.com\/es\/wp-json\/wp\/v2\/product_cat?post=7613"},{"taxonomy":"product_tag","embeddable":true,"href":"https:\/\/jinhuaceramic.com\/es\/wp-json\/wp\/v2\/product_tag?post=7613"}],"curies":[{"name":"wp","href":"https:\/\/api.w.org\/{rel}","templated":true}]}}