{"id":7623,"date":"2025-01-09T06:29:46","date_gmt":"2025-01-09T06:29:46","guid":{"rendered":"https:\/\/jinhuaceramic.com\/?post_type=product&#038;p=7623"},"modified":"2025-01-09T06:29:55","modified_gmt":"2025-01-09T06:29:55","slug":"ramekins-wholesale","status":"publish","type":"product","link":"https:\/\/jinhuaceramic.com\/es\/product\/ramekins-wholesale\/","title":{"rendered":"Ramekines Cuadrados al por mayor, moldes ceramicos para hornear a granel"},"content":{"rendered":"<div class=\"wp-block-columns is-layout-flex wp-container-core-columns-is-layout-9d6595d7 wp-block-columns-is-layout-flex\">\n<div class=\"wp-block-column is-layout-flow wp-block-column-is-layout-flow\">\n<h3 class=\"wp-block-heading\">Ramekins Premium al por mayor Caracter\u00edsticas:<\/h3>\n\n\n\n<ul class=\"wp-block-list\">\n<li><strong>Dise\u00f1o minimalista: <\/strong>El dise\u00f1o minimalista de los laterales de estos ramequines de cer\u00e1mica blanca al por mayor incluye un dise\u00f1o de rayas verticales con decoraci\u00f3n de l\u00edneas negras en los bordes. Esta l\u00ednea decorativa es simple y llamativo, a\u00f1adiendo refinamiento y la moda a los platos para hornear para que los platos para hornear podr\u00eda ser simple pero detallada, una decoraci\u00f3n deslumbrante en la cocina.<\/li>\n\n\n\n<li><strong>Excelente Material cer\u00e1mico: <\/strong>Estos moldes para hornear peque\u00f1os al por mayor est\u00e1n fabricados con cer\u00e1mica de calidad superior, excelente resistencia al calor, y pueden soportar altas temperaturas sin deformarse ni agrietarse.<\/li>\n\n\n\n<li><strong>Versatilidad: <\/strong>El volumen de estos peque\u00f1os moldes cuadrados al por mayor es de 350 ml, lo que permite hornear una sola raci\u00f3n de comida. Ser\u00eda bueno no s\u00f3lo utilizar el molde de cer\u00e1mica para hornear alimentos, sino tambi\u00e9n para mantener muchas delicias, como ensaladas y frutas, a\u00f1adiendo color y belleza al plato principal en la mesa de comedor.<\/li>\n\n\n\n<li><strong>C\u00f3modas asas: <\/strong>Las asas de estas bandejas de cer\u00e1mica para hornear peque\u00f1as a granel est\u00e1n dise\u00f1adas para facilitar el agarre, lo que proporciona un mejor control al sacar la bandeja del horno o moverla a la mesa, evitando que resbale y reduciendo el riesgo de quemaduras.<\/li>\n<\/ul>\n<\/div>\n\n\n\n<div class=\"wp-block-column is-layout-flow wp-block-column-is-layout-flow\">\n<figure class=\"wp-block-image size-full\"><img fetchpriority=\"high\" decoding=\"async\" width=\"1600\" height=\"1600\" src=\"https:\/\/jinhuaceramic.com\/wp-content\/uploads\/2025\/01\/Ceramic-Square-Small-Baking-Dish-Custom-Bakeware-Wholesale-8.webp\" alt=\"Ramekines Cuadrados al por mayor, Peque\u00f1os moldes de cer\u00e1mica para hornear a granel-1\" class=\"wp-image-7630\" srcset=\"https:\/\/jinhuaceramic.com\/wp-content\/uploads\/2025\/01\/Ceramic-Square-Small-Baking-Dish-Custom-Bakeware-Wholesale-8.webp 1600w, https:\/\/jinhuaceramic.com\/wp-content\/uploads\/2025\/01\/Ceramic-Square-Small-Baking-Dish-Custom-Bakeware-Wholesale-8-300x300.webp 300w, https:\/\/jinhuaceramic.com\/wp-content\/uploads\/2025\/01\/Ceramic-Square-Small-Baking-Dish-Custom-Bakeware-Wholesale-8-150x150.webp 150w, https:\/\/jinhuaceramic.com\/wp-content\/uploads\/2025\/01\/Ceramic-Square-Small-Baking-Dish-Custom-Bakeware-Wholesale-8-768x768.webp 768w, https:\/\/jinhuaceramic.com\/wp-content\/uploads\/2025\/01\/Ceramic-Square-Small-Baking-Dish-Custom-Bakeware-Wholesale-8-12x12.webp 12w, https:\/\/jinhuaceramic.com\/wp-content\/uploads\/2025\/01\/Ceramic-Square-Small-Baking-Dish-Custom-Bakeware-Wholesale-8-285x285.webp 285w, https:\/\/jinhuaceramic.com\/wp-content\/uploads\/2025\/01\/Ceramic-Square-Small-Baking-Dish-Custom-Bakeware-Wholesale-8-270x270.webp 270w, https:\/\/jinhuaceramic.com\/wp-content\/uploads\/2025\/01\/Ceramic-Square-Small-Baking-Dish-Custom-Bakeware-Wholesale-8-540x540.webp 540w, https:\/\/jinhuaceramic.com\/wp-content\/uploads\/2025\/01\/Ceramic-Square-Small-Baking-Dish-Custom-Bakeware-Wholesale-8-660x660.webp 660w\" sizes=\"(max-width: 1600px) 100vw, 1600px\" \/><\/figure>\n<\/div>\n<\/div>","protected":false},"excerpt":{"rendered":"<p>Bienvenido a comprar ramequines de cer\u00e1mica al por mayor. Estos peque\u00f1os moldes cuadrados para hornear no s\u00f3lo tienen un dise\u00f1o m\u00ednimo y bonito, sino que tambi\u00e9n presentan varias ventajas: son resistentes al calor, conservan la temperatura, son sanos y respetuosos con el medio ambiente, vers\u00e1tiles y duraderos. Tales ventajas hacen de este tipo de recipientes uno de los utensilios indispensables en la cocina.<\/p>","protected":false},"featured_media":7627,"comment_status":"closed","ping_status":"closed","template":"","meta":{"_acf_changed":false},"product_brand":[],"product_cat":[53],"product_tag":[69],"class_list":{"0":"post-7623","1":"product","2":"type-product","3":"status-publish","4":"has-post-thumbnail","6":"product_cat-bakeware-in-bulk","7":"product_tag-bulk-ramekins","9":"first","10":"instock","11":"shipping-taxable","12":"product-type-simple"},"acf":[],"_links":{"self":[{"href":"https:\/\/jinhuaceramic.com\/es\/wp-json\/wp\/v2\/product\/7623","targetHints":{"allow":["GET"]}}],"collection":[{"href":"https:\/\/jinhuaceramic.com\/es\/wp-json\/wp\/v2\/product"}],"about":[{"href":"https:\/\/jinhuaceramic.com\/es\/wp-json\/wp\/v2\/types\/product"}],"replies":[{"embeddable":true,"href":"https:\/\/jinhuaceramic.com\/es\/wp-json\/wp\/v2\/comments?post=7623"}],"version-history":[{"count":0,"href":"https:\/\/jinhuaceramic.com\/es\/wp-json\/wp\/v2\/product\/7623\/revisions"}],"wp:featuredmedia":[{"embeddable":true,"href":"https:\/\/jinhuaceramic.com\/es\/wp-json\/wp\/v2\/media\/7627"}],"wp:attachment":[{"href":"https:\/\/jinhuaceramic.com\/es\/wp-json\/wp\/v2\/media?parent=7623"}],"wp:term":[{"taxonomy":"product_brand","embeddable":true,"href":"https:\/\/jinhuaceramic.com\/es\/wp-json\/wp\/v2\/product_brand?post=7623"},{"taxonomy":"product_cat","embeddable":true,"href":"https:\/\/jinhuaceramic.com\/es\/wp-json\/wp\/v2\/product_cat?post=7623"},{"taxonomy":"product_tag","embeddable":true,"href":"https:\/\/jinhuaceramic.com\/es\/wp-json\/wp\/v2\/product_tag?post=7623"}],"curies":[{"name":"wp","href":"https:\/\/api.w.org\/{rel}","templated":true}]}}