{"id":7635,"date":"2025-01-09T04:03:42","date_gmt":"2025-01-09T04:03:42","guid":{"rendered":"https:\/\/jinhuaceramic.com\/?post_type=product&#038;p=7635"},"modified":"2025-01-09T04:03:44","modified_gmt":"2025-01-09T04:03:44","slug":"soap-dish-wholesale","status":"publish","type":"product","link":"https:\/\/jinhuaceramic.com\/es\/product\/soap-dish-wholesale\/","title":{"rendered":"Jabonera de Cer\u00e1mica al por mayor, Jabonera de Ba\u00f1o al por mayor"},"content":{"rendered":"<div class=\"wp-block-columns is-layout-flex wp-container-core-columns-is-layout-9d6595d7 wp-block-columns-is-layout-flex\">\n<div class=\"wp-block-column is-layout-flow wp-block-column-is-layout-flow\">\n<h3 class=\"wp-block-heading\">Jabonera Premium al por mayor Caracter\u00edsticas:<\/h3>\n\n\n\n<ul class=\"wp-block-list\">\n<li><strong>Forma ovalada:<\/strong> Estas jaboneras de cer\u00e1mica al por mayor tienen forma ovalada con l\u00edneas suaves, lo que proporciona una experiencia visual suave y redondeada, y los bordes son prominentes. Esta forma no s\u00f3lo es hermosa, sino que tambi\u00e9n puede acomodar mejor el jab\u00f3n y mantenerlo firmemente colocado.<\/li>\n\n\n\n<li><strong>Varios colores:<\/strong> Estas jaboneras de primera calidad al por mayor vienen en tonos suaves de beige, amarillo p\u00e1lido y blanco, as\u00ed como en un blanco especial con puntos negros. Estos colores combinan con cualquier decoraci\u00f3n de ba\u00f1o y crean una sensaci\u00f3n c\u00e1lida y natural.<\/li>\n\n\n\n<li><strong>Material de primera calidad:<\/strong> Estas bonitas jaboneras al por mayor est\u00e1n fabricadas en cer\u00e1mica de buena calidad con una gran durabilidad y textura, y presentan una superficie lisa y delicada para facilitar su limpieza y mantenimiento.<\/li>\n\n\n\n<li><strong>Dise\u00f1o detallado:<\/strong> Hay 4 peque\u00f1os agujeros en estas jaboneras de cer\u00e1mica al por mayor que pueden drenar el agua del jab\u00f3n a tiempo para evitar que el jab\u00f3n se ablande y se derrita durante mucho tiempo debido al remojo en agua, lo que prolonga la vida \u00fatil del jab\u00f3n.<\/li>\n<\/ul>\n<\/div>\n\n\n\n<div class=\"wp-block-column is-layout-flow wp-block-column-is-layout-flow\">\n<figure class=\"wp-block-image size-full\"><img fetchpriority=\"high\" decoding=\"async\" width=\"685\" height=\"644\" src=\"https:\/\/jinhuaceramic.com\/wp-content\/uploads\/2025\/01\/Wholesale-Ceramic-Soap-Dishes-Bulk-Soap-Holder-Custom.webp\" alt=\"Jabonera de Cer\u00e1mica al por mayor, Jabonera de Ba\u00f1o Bulk-7\" class=\"wp-image-7644\" srcset=\"https:\/\/jinhuaceramic.com\/wp-content\/uploads\/2025\/01\/Wholesale-Ceramic-Soap-Dishes-Bulk-Soap-Holder-Custom.webp 685w, https:\/\/jinhuaceramic.com\/wp-content\/uploads\/2025\/01\/Wholesale-Ceramic-Soap-Dishes-Bulk-Soap-Holder-Custom-300x282.webp 300w, https:\/\/jinhuaceramic.com\/wp-content\/uploads\/2025\/01\/Wholesale-Ceramic-Soap-Dishes-Bulk-Soap-Holder-Custom-13x12.webp 13w, https:\/\/jinhuaceramic.com\/wp-content\/uploads\/2025\/01\/Wholesale-Ceramic-Soap-Dishes-Bulk-Soap-Holder-Custom-285x268.webp 285w, https:\/\/jinhuaceramic.com\/wp-content\/uploads\/2025\/01\/Wholesale-Ceramic-Soap-Dishes-Bulk-Soap-Holder-Custom-660x620.webp 660w, https:\/\/jinhuaceramic.com\/wp-content\/uploads\/2025\/01\/Wholesale-Ceramic-Soap-Dishes-Bulk-Soap-Holder-Custom-150x141.webp 150w\" sizes=\"(max-width: 685px) 100vw, 685px\" \/><\/figure>\n<\/div>\n<\/div>","protected":false},"excerpt":{"rendered":"<p>Bienvenido a comprar jaboneras de cer\u00e1mica al por mayor. Nuestra jabonera al por mayor son pr\u00e1cticos, pero tambi\u00e9n decorativo debido a sus formas distintivas, tonos varicolored, dise\u00f1o detallado, y texturas finas de sus materiales, por lo tanto, la adici\u00f3n de elegancia y gracia a cualquier cuarto de ba\u00f1o.<\/p>","protected":false},"featured_media":7636,"comment_status":"closed","ping_status":"closed","template":"","meta":{"_acf_changed":false},"product_brand":[],"product_cat":[51],"product_tag":[72],"class_list":{"0":"post-7635","1":"product","2":"type-product","3":"status-publish","4":"has-post-thumbnail","6":"product_cat-bathroom-accessories-wholesale","7":"product_tag-wholesale-soap-dishes","9":"first","10":"instock","11":"shipping-taxable","12":"product-type-simple"},"acf":[],"_links":{"self":[{"href":"https:\/\/jinhuaceramic.com\/es\/wp-json\/wp\/v2\/product\/7635","targetHints":{"allow":["GET"]}}],"collection":[{"href":"https:\/\/jinhuaceramic.com\/es\/wp-json\/wp\/v2\/product"}],"about":[{"href":"https:\/\/jinhuaceramic.com\/es\/wp-json\/wp\/v2\/types\/product"}],"replies":[{"embeddable":true,"href":"https:\/\/jinhuaceramic.com\/es\/wp-json\/wp\/v2\/comments?post=7635"}],"version-history":[{"count":0,"href":"https:\/\/jinhuaceramic.com\/es\/wp-json\/wp\/v2\/product\/7635\/revisions"}],"wp:featuredmedia":[{"embeddable":true,"href":"https:\/\/jinhuaceramic.com\/es\/wp-json\/wp\/v2\/media\/7636"}],"wp:attachment":[{"href":"https:\/\/jinhuaceramic.com\/es\/wp-json\/wp\/v2\/media?parent=7635"}],"wp:term":[{"taxonomy":"product_brand","embeddable":true,"href":"https:\/\/jinhuaceramic.com\/es\/wp-json\/wp\/v2\/product_brand?post=7635"},{"taxonomy":"product_cat","embeddable":true,"href":"https:\/\/jinhuaceramic.com\/es\/wp-json\/wp\/v2\/product_cat?post=7635"},{"taxonomy":"product_tag","embeddable":true,"href":"https:\/\/jinhuaceramic.com\/es\/wp-json\/wp\/v2\/product_tag?post=7635"}],"curies":[{"name":"wp","href":"https:\/\/api.w.org\/{rel}","templated":true}]}}