{"id":7647,"date":"2025-01-09T06:18:39","date_gmt":"2025-01-09T06:18:39","guid":{"rendered":"https:\/\/jinhuaceramic.com\/?post_type=product&#038;p=7647"},"modified":"2025-01-09T06:19:11","modified_gmt":"2025-01-09T06:19:11","slug":"custom-casserole-dishes","status":"publish","type":"product","link":"https:\/\/jinhuaceramic.com\/es\/product\/custom-casserole-dishes\/","title":{"rendered":"Cazuelas redondas a medida, Platos de cer\u00e1mica para hornear a granel"},"content":{"rendered":"<div class=\"wp-block-columns is-layout-flex wp-container-core-columns-is-layout-9d6595d7 wp-block-columns-is-layout-flex\">\n<div class=\"wp-block-column is-layout-flow wp-block-column-is-layout-flow\">\n<h3 class=\"wp-block-heading\">Premium Custom Cacerola Platos Caracter\u00edsticas:<\/h3>\n\n\n\n<ul class=\"wp-block-list\">\n<li><strong>Patr\u00f3n exquisito: <\/strong>Estas cacerolas personalizadas son principalmente de color verde, con una pared interior de color hueso para dar a la gente una sensaci\u00f3n natural y fresca. Los motivos florales blancos de las paredes exterior e interior de las cazuelas son muy art\u00edsticos.<\/li>\n\n\n\n<li><strong>Decoraci\u00f3n de bordes: <\/strong>En los bordes de estos platos de cer\u00e1mica para hornear a granel hay un c\u00edrculo de l\u00edneas decorativas marrones, y las l\u00edneas est\u00e1n dentadas, lo que aumenta la sensaci\u00f3n tridimensional y de capas de los platos para hornear, de modo que parecen m\u00e1s refinados.<\/li>\n\n\n\n<li><strong>C\u00f3modas asas: <\/strong>Estas cazuelas personalizadas de cer\u00e1mica tienen asas marrones a ambos lados para facilitar el agarre. Con este tipo de dise\u00f1o, ser\u00e1 muy f\u00e1cil meter y sacar la cazuela del horno sin quemarse las manos. Mientras tanto, las asas marrones hacen eco del cuerpo verde, lo que hace que todo el dise\u00f1o resulte armonioso y unificado.<\/li>\n\n\n\n<li><strong>Material cer\u00e1mico de alta calidad:<\/strong> El material cer\u00e1mico de alta calidad se utiliza para fabricar fuentes de cer\u00e1mica para hornear a granel de primera calidad. Gozan de buena resistencia al calor y estabilidad; por lo tanto, se pueden utilizar para hornear alimentos en el horno, como hornear pasteles, hornear pizza, hornear arroz, etc.<\/li>\n<\/ul>\n<\/div>\n\n\n\n<div class=\"wp-block-column is-layout-flow wp-block-column-is-layout-flow\">\n<figure class=\"wp-block-image size-full\"><img fetchpriority=\"high\" decoding=\"async\" width=\"1600\" height=\"1600\" src=\"https:\/\/jinhuaceramic.com\/wp-content\/uploads\/2025\/01\/Round-Custom-Casserole-Dish-Ceramic-Food-Service-Baking-Pans-Wholesale.webp\" alt=\"Cazuelas redondas a medida, Platos de cer\u00e1mica para hornear a granel-1\" class=\"wp-image-7653\" srcset=\"https:\/\/jinhuaceramic.com\/wp-content\/uploads\/2025\/01\/Round-Custom-Casserole-Dish-Ceramic-Food-Service-Baking-Pans-Wholesale.webp 1600w, https:\/\/jinhuaceramic.com\/wp-content\/uploads\/2025\/01\/Round-Custom-Casserole-Dish-Ceramic-Food-Service-Baking-Pans-Wholesale-300x300.webp 300w, https:\/\/jinhuaceramic.com\/wp-content\/uploads\/2025\/01\/Round-Custom-Casserole-Dish-Ceramic-Food-Service-Baking-Pans-Wholesale-150x150.webp 150w, https:\/\/jinhuaceramic.com\/wp-content\/uploads\/2025\/01\/Round-Custom-Casserole-Dish-Ceramic-Food-Service-Baking-Pans-Wholesale-768x768.webp 768w, https:\/\/jinhuaceramic.com\/wp-content\/uploads\/2025\/01\/Round-Custom-Casserole-Dish-Ceramic-Food-Service-Baking-Pans-Wholesale-12x12.webp 12w, https:\/\/jinhuaceramic.com\/wp-content\/uploads\/2025\/01\/Round-Custom-Casserole-Dish-Ceramic-Food-Service-Baking-Pans-Wholesale-285x285.webp 285w, https:\/\/jinhuaceramic.com\/wp-content\/uploads\/2025\/01\/Round-Custom-Casserole-Dish-Ceramic-Food-Service-Baking-Pans-Wholesale-270x270.webp 270w, https:\/\/jinhuaceramic.com\/wp-content\/uploads\/2025\/01\/Round-Custom-Casserole-Dish-Ceramic-Food-Service-Baking-Pans-Wholesale-540x540.webp 540w, https:\/\/jinhuaceramic.com\/wp-content\/uploads\/2025\/01\/Round-Custom-Casserole-Dish-Ceramic-Food-Service-Baking-Pans-Wholesale-660x660.webp 660w\" sizes=\"(max-width: 1600px) 100vw, 1600px\" \/><\/figure>\n<\/div>\n<\/div>","protected":false},"excerpt":{"rendered":"<p>Bienvenido a comprar cacerolas de cer\u00e1mica para hornear a granel. Estas cacerolas personalizadas tienen colores vivos, dibujos exquisitos, est\u00e1n fabricadas con materias primas de alta calidad y equipadas con c\u00f3modas asas: la belleza y la practicidad coexisten. Estos platos de cer\u00e1mica para hornear no s\u00f3lo satisfacen las diversas necesidades de la cocina, sino que tambi\u00e9n proporcionan una agradable sensaci\u00f3n visual y muestran un hermoso paisaje en la cocina.<\/p>","protected":false},"featured_media":7652,"comment_status":"closed","ping_status":"closed","template":"","meta":{"_acf_changed":false},"product_brand":[],"product_cat":[53],"product_tag":[71],"class_list":{"0":"post-7647","1":"product","2":"type-product","3":"status-publish","4":"has-post-thumbnail","6":"product_cat-bakeware-in-bulk","7":"product_tag-wholesale-baking-pans","9":"first","10":"instock","11":"shipping-taxable","12":"product-type-simple"},"acf":[],"_links":{"self":[{"href":"https:\/\/jinhuaceramic.com\/es\/wp-json\/wp\/v2\/product\/7647","targetHints":{"allow":["GET"]}}],"collection":[{"href":"https:\/\/jinhuaceramic.com\/es\/wp-json\/wp\/v2\/product"}],"about":[{"href":"https:\/\/jinhuaceramic.com\/es\/wp-json\/wp\/v2\/types\/product"}],"replies":[{"embeddable":true,"href":"https:\/\/jinhuaceramic.com\/es\/wp-json\/wp\/v2\/comments?post=7647"}],"version-history":[{"count":0,"href":"https:\/\/jinhuaceramic.com\/es\/wp-json\/wp\/v2\/product\/7647\/revisions"}],"wp:featuredmedia":[{"embeddable":true,"href":"https:\/\/jinhuaceramic.com\/es\/wp-json\/wp\/v2\/media\/7652"}],"wp:attachment":[{"href":"https:\/\/jinhuaceramic.com\/es\/wp-json\/wp\/v2\/media?parent=7647"}],"wp:term":[{"taxonomy":"product_brand","embeddable":true,"href":"https:\/\/jinhuaceramic.com\/es\/wp-json\/wp\/v2\/product_brand?post=7647"},{"taxonomy":"product_cat","embeddable":true,"href":"https:\/\/jinhuaceramic.com\/es\/wp-json\/wp\/v2\/product_cat?post=7647"},{"taxonomy":"product_tag","embeddable":true,"href":"https:\/\/jinhuaceramic.com\/es\/wp-json\/wp\/v2\/product_tag?post=7647"}],"curies":[{"name":"wp","href":"https:\/\/api.w.org\/{rel}","templated":true}]}}