{"id":7672,"date":"2025-01-17T06:49:30","date_gmt":"2025-01-17T06:49:30","guid":{"rendered":"https:\/\/jinhuaceramic.com\/?post_type=product&#038;p=7672"},"modified":"2025-01-17T06:50:11","modified_gmt":"2025-01-17T06:50:11","slug":"wholesale-bathroom-vanity-sets","status":"publish","type":"product","link":"https:\/\/jinhuaceramic.com\/es\/product\/wholesale-bathroom-vanity-sets\/","title":{"rendered":"Textured Wholesale Bathroom Vanity Sets, Accesorios De Ba\u00f1o De Cer\u00e1mica Al Por Mayor"},"content":{"rendered":"<div class=\"wp-block-columns is-layout-flex wp-container-core-columns-is-layout-9d6595d7 wp-block-columns-is-layout-flex\">\n<div class=\"wp-block-column is-layout-flow wp-block-column-is-layout-flow\">\n<h3 class=\"wp-block-heading\">Caracter\u00edsticas de los conjuntos de tocador de ba\u00f1o al por mayor de primera calidad:<\/h3>\n\n\n\n<ul class=\"wp-block-list\">\n<li><strong>Forma \u00fanica:<\/strong> Estos juegos de tocador de ba\u00f1o de cer\u00e1mica al por mayor no tienen las formas tradicionales habituales, sino que transmiten una sensaci\u00f3n natural y desenfadada. Las formas de los jaboneras, los portacepillos de dientes y las jaboneras son irregulares, con ligeras ondulaciones, como si fueran formas rocosas formadas de forma natural, lo que transmite una sensaci\u00f3n de belleza primitiva.<\/li>\n\n\n\n<li><strong>Exquisita textura tallada:<\/strong> El dise\u00f1o floral de estos accesorios de ba\u00f1o de cer\u00e1mica a granel est\u00e1 delicadamente tallado y resulta muy realista. La integraci\u00f3n de estos elementos naturales hace que los accesorios de ba\u00f1o dejen de ser mon\u00f3tonos y se conviertan en elementos decorativos, realzando el estilo y el gusto de todo el cuarto de ba\u00f1o.<\/li>\n\n\n\n<li><strong>Material duradero: <\/strong>Estos conjuntos de tocadores para ba\u00f1o al por mayor est\u00e1n fabricados en cer\u00e1mica resistente, dise\u00f1ados para soportar el uso diario y el ambiente h\u00famedo del cuarto de ba\u00f1o, lo que los hace menos propensos a sufrir da\u00f1os y m\u00e1s duraderos.<\/li>\n\n\n\n<li><strong>Juego completo: <\/strong>Estos accesorios de ba\u00f1o de cer\u00e1mica a granel incluyen art\u00edculos comunes para el ba\u00f1o, como botellas de jab\u00f3n de manos, vasos para enjuague bucal, portacepillos de dientes y jaboneras, que satisfacen necesidades b\u00e1sicas como lavarse y colocar los art\u00edculos de aseo.<\/li>\n<\/ul>\n<\/div>\n\n\n\n<div class=\"wp-block-column is-layout-flow wp-block-column-is-layout-flow\">\n<figure class=\"wp-block-image size-full\"><img fetchpriority=\"high\" decoding=\"async\" width=\"1600\" height=\"1600\" src=\"https:\/\/jinhuaceramic.com\/wp-content\/uploads\/2025\/01\/White-Wholesale-Bathroom-Sets-Custom-Made-Bathroom-Accessories-3.webp\" alt=\"Conjuntos de tocador para ba\u00f1o con textura al por mayor, accesorios de ba\u00f1o de cer\u00e1mica a granel-1\" class=\"wp-image-7674\" srcset=\"https:\/\/jinhuaceramic.com\/wp-content\/uploads\/2025\/01\/White-Wholesale-Bathroom-Sets-Custom-Made-Bathroom-Accessories-3.webp 1600w, https:\/\/jinhuaceramic.com\/wp-content\/uploads\/2025\/01\/White-Wholesale-Bathroom-Sets-Custom-Made-Bathroom-Accessories-3-300x300.webp 300w, https:\/\/jinhuaceramic.com\/wp-content\/uploads\/2025\/01\/White-Wholesale-Bathroom-Sets-Custom-Made-Bathroom-Accessories-3-150x150.webp 150w, https:\/\/jinhuaceramic.com\/wp-content\/uploads\/2025\/01\/White-Wholesale-Bathroom-Sets-Custom-Made-Bathroom-Accessories-3-768x768.webp 768w, https:\/\/jinhuaceramic.com\/wp-content\/uploads\/2025\/01\/White-Wholesale-Bathroom-Sets-Custom-Made-Bathroom-Accessories-3-12x12.webp 12w, https:\/\/jinhuaceramic.com\/wp-content\/uploads\/2025\/01\/White-Wholesale-Bathroom-Sets-Custom-Made-Bathroom-Accessories-3-285x285.webp 285w, https:\/\/jinhuaceramic.com\/wp-content\/uploads\/2025\/01\/White-Wholesale-Bathroom-Sets-Custom-Made-Bathroom-Accessories-3-270x270.webp 270w, https:\/\/jinhuaceramic.com\/wp-content\/uploads\/2025\/01\/White-Wholesale-Bathroom-Sets-Custom-Made-Bathroom-Accessories-3-540x540.webp 540w, https:\/\/jinhuaceramic.com\/wp-content\/uploads\/2025\/01\/White-Wholesale-Bathroom-Sets-Custom-Made-Bathroom-Accessories-3-660x660.webp 660w\" sizes=\"(max-width: 1600px) 100vw, 1600px\" \/><\/figure>\n<\/div>\n<\/div>\n\n\n\n<p><\/p>","protected":false},"excerpt":{"rendered":"<p>Bienvenido a la compra al por mayor de juegos de tocador para ba\u00f1o. Estos accesorios de ba\u00f1o de cer\u00e1mica blanca a granel combinan a la perfecci\u00f3n la practicidad y el arte a trav\u00e9s de dise\u00f1os \u00fanicos en materiales, colores, formas, texturas y detalles, a\u00f1adiendo un encanto \u00fanico y un ambiente c\u00e1lido al cuarto de ba\u00f1o.<\/p>","protected":false},"featured_media":7678,"comment_status":"closed","ping_status":"closed","template":"","meta":{"_acf_changed":false},"product_brand":[],"product_cat":[51],"product_tag":[74],"class_list":{"0":"post-7672","1":"product","2":"type-product","3":"status-publish","4":"has-post-thumbnail","6":"product_cat-bathroom-accessories-wholesale","7":"product_tag-ceramic-bath-accessories-wholesale","9":"first","10":"instock","11":"shipping-taxable","12":"product-type-simple"},"acf":[],"_links":{"self":[{"href":"https:\/\/jinhuaceramic.com\/es\/wp-json\/wp\/v2\/product\/7672","targetHints":{"allow":["GET"]}}],"collection":[{"href":"https:\/\/jinhuaceramic.com\/es\/wp-json\/wp\/v2\/product"}],"about":[{"href":"https:\/\/jinhuaceramic.com\/es\/wp-json\/wp\/v2\/types\/product"}],"replies":[{"embeddable":true,"href":"https:\/\/jinhuaceramic.com\/es\/wp-json\/wp\/v2\/comments?post=7672"}],"version-history":[{"count":0,"href":"https:\/\/jinhuaceramic.com\/es\/wp-json\/wp\/v2\/product\/7672\/revisions"}],"wp:featuredmedia":[{"embeddable":true,"href":"https:\/\/jinhuaceramic.com\/es\/wp-json\/wp\/v2\/media\/7678"}],"wp:attachment":[{"href":"https:\/\/jinhuaceramic.com\/es\/wp-json\/wp\/v2\/media?parent=7672"}],"wp:term":[{"taxonomy":"product_brand","embeddable":true,"href":"https:\/\/jinhuaceramic.com\/es\/wp-json\/wp\/v2\/product_brand?post=7672"},{"taxonomy":"product_cat","embeddable":true,"href":"https:\/\/jinhuaceramic.com\/es\/wp-json\/wp\/v2\/product_cat?post=7672"},{"taxonomy":"product_tag","embeddable":true,"href":"https:\/\/jinhuaceramic.com\/es\/wp-json\/wp\/v2\/product_tag?post=7672"}],"curies":[{"name":"wp","href":"https:\/\/api.w.org\/{rel}","templated":true}]}}