{"id":7681,"date":"2025-01-17T06:41:07","date_gmt":"2025-01-17T06:41:07","guid":{"rendered":"https:\/\/jinhuaceramic.com\/?post_type=product&#038;p=7681"},"modified":"2025-01-17T06:41:08","modified_gmt":"2025-01-17T06:41:08","slug":"wholesale-ceramic-baking-pans","status":"publish","type":"product","link":"https:\/\/jinhuaceramic.com\/es\/product\/wholesale-ceramic-baking-pans\/","title":{"rendered":"Mayorista Bandejas de Cer\u00e1mica para Hornear, Bandejas de Cer\u00e1mica para Hornear Personalizadas Blancas"},"content":{"rendered":"<div class=\"wp-block-columns is-layout-flex wp-container-core-columns-is-layout-9d6595d7 wp-block-columns-is-layout-flex\">\n<div class=\"wp-block-column is-layout-flow wp-block-column-is-layout-flow\">\n<h3 class=\"wp-block-heading\">Caracter\u00edsticas de los moldes para hornear de cer\u00e1mica de primera calidad al por mayor:<\/h3>\n\n\n\n<ul class=\"wp-block-list\">\n<li><strong>Dise\u00f1o elegante: <\/strong>Estas bandejas de cer\u00e1mica para hornear al por mayor tienen un dise\u00f1o elegante y sencillo, y son de color blanco, lo que les da un aspecto refrescante que combina bien con diversos entornos de cocina y estilos de mesa. La textura ondulada del lateral de la bandeja realza las capas y la sensaci\u00f3n tridimensional de los platos horneados, lo que les da m\u00e1s textura y un aspecto m\u00e1s art\u00edstico.<\/li>\n\n\n\n<li><strong>Material cer\u00e1mico de alta calidad: <\/strong>El material cer\u00e1mico de alta calidad de estos moldes para hornear personalizados proporciona una buena conductividad t\u00e9rmica y es at\u00f3xico e inocuo.<\/li>\n\n\n\n<li><strong>Versatilidad:<\/strong> Estas bandejas de cer\u00e1mica para hornear al por mayor est\u00e1n disponibles en dos tama\u00f1os, por lo que satisfar\u00e1n las necesidades diarias de horneado, ya sea para preparar peque\u00f1as cantidades de verduras o carne para la familia, por ejemplo. Al mismo tiempo, estos art\u00edculos permiten almacenar ingredientes con capacidad suficiente para preparar platos durante algunas reuniones.<\/li>\n\n\n\n<li><strong>F\u00e1cil de limpiar: <\/strong>La superficie de estos moldes para hornear personalizados de cer\u00e1mica es lisa y las manchas de comida no se adhieren f\u00e1cilmente. Por lo tanto, son m\u00e1s f\u00e1ciles de limpiar en comparaci\u00f3n con los moldes para hornear de metal. No se rayan ni se manchan y mantienen un buen aspecto durante mucho tiempo despu\u00e9s de su uso.<\/li>\n<\/ul>\n<\/div>\n\n\n\n<div class=\"wp-block-column is-layout-flow wp-block-column-is-layout-flow\">\n<figure class=\"wp-block-image size-full\"><img fetchpriority=\"high\" decoding=\"async\" width=\"2400\" height=\"2400\" src=\"https:\/\/jinhuaceramic.com\/wp-content\/uploads\/2025\/01\/White-Ceramic-Custom-Baking-Dish-Kitchen-Bakeware-Wholesale-5.webp\" alt=\"Bandejas de cer\u00e1mica para hornear al por mayor, bandejas de hornear personalizadas blancas-1\" class=\"wp-image-7685\" srcset=\"https:\/\/jinhuaceramic.com\/wp-content\/uploads\/2025\/01\/White-Ceramic-Custom-Baking-Dish-Kitchen-Bakeware-Wholesale-5.webp 2400w, https:\/\/jinhuaceramic.com\/wp-content\/uploads\/2025\/01\/White-Ceramic-Custom-Baking-Dish-Kitchen-Bakeware-Wholesale-5-300x300.webp 300w, https:\/\/jinhuaceramic.com\/wp-content\/uploads\/2025\/01\/White-Ceramic-Custom-Baking-Dish-Kitchen-Bakeware-Wholesale-5-150x150.webp 150w, https:\/\/jinhuaceramic.com\/wp-content\/uploads\/2025\/01\/White-Ceramic-Custom-Baking-Dish-Kitchen-Bakeware-Wholesale-5-768x768.webp 768w, https:\/\/jinhuaceramic.com\/wp-content\/uploads\/2025\/01\/White-Ceramic-Custom-Baking-Dish-Kitchen-Bakeware-Wholesale-5-12x12.webp 12w, https:\/\/jinhuaceramic.com\/wp-content\/uploads\/2025\/01\/White-Ceramic-Custom-Baking-Dish-Kitchen-Bakeware-Wholesale-5-285x285.webp 285w, https:\/\/jinhuaceramic.com\/wp-content\/uploads\/2025\/01\/White-Ceramic-Custom-Baking-Dish-Kitchen-Bakeware-Wholesale-5-1600x1600.webp 1600w, https:\/\/jinhuaceramic.com\/wp-content\/uploads\/2025\/01\/White-Ceramic-Custom-Baking-Dish-Kitchen-Bakeware-Wholesale-5-270x270.webp 270w, https:\/\/jinhuaceramic.com\/wp-content\/uploads\/2025\/01\/White-Ceramic-Custom-Baking-Dish-Kitchen-Bakeware-Wholesale-5-540x540.webp 540w, https:\/\/jinhuaceramic.com\/wp-content\/uploads\/2025\/01\/White-Ceramic-Custom-Baking-Dish-Kitchen-Bakeware-Wholesale-5-660x660.webp 660w\" sizes=\"(max-width: 2400px) 100vw, 2400px\" \/><\/figure>\n<\/div>\n<\/div>","protected":false},"excerpt":{"rendered":"<p>Bienvenido a la compra al por mayor de bandejas de cer\u00e1mica para hornear. Nuestras bandejas de cer\u00e1mica personalizadas para hornear son bonitas y vers\u00e1tiles, de color blanco y con texturas \u00fanicas. El dise\u00f1o de doble asa facilita su sujeci\u00f3n y evita quemaduras. Combinando est\u00e9tica y practicidad, estas bandejas para hornear se han convertido en un art\u00edculo indispensable en la cocina.<\/p>","protected":false},"featured_media":7682,"comment_status":"closed","ping_status":"closed","template":"","meta":{"_acf_changed":false},"product_brand":[],"product_cat":[53],"product_tag":[71],"class_list":{"0":"post-7681","1":"product","2":"type-product","3":"status-publish","4":"has-post-thumbnail","6":"product_cat-bakeware-in-bulk","7":"product_tag-wholesale-baking-pans","9":"first","10":"instock","11":"shipping-taxable","12":"product-type-simple"},"acf":[],"_links":{"self":[{"href":"https:\/\/jinhuaceramic.com\/es\/wp-json\/wp\/v2\/product\/7681","targetHints":{"allow":["GET"]}}],"collection":[{"href":"https:\/\/jinhuaceramic.com\/es\/wp-json\/wp\/v2\/product"}],"about":[{"href":"https:\/\/jinhuaceramic.com\/es\/wp-json\/wp\/v2\/types\/product"}],"replies":[{"embeddable":true,"href":"https:\/\/jinhuaceramic.com\/es\/wp-json\/wp\/v2\/comments?post=7681"}],"version-history":[{"count":0,"href":"https:\/\/jinhuaceramic.com\/es\/wp-json\/wp\/v2\/product\/7681\/revisions"}],"wp:featuredmedia":[{"embeddable":true,"href":"https:\/\/jinhuaceramic.com\/es\/wp-json\/wp\/v2\/media\/7682"}],"wp:attachment":[{"href":"https:\/\/jinhuaceramic.com\/es\/wp-json\/wp\/v2\/media?parent=7681"}],"wp:term":[{"taxonomy":"product_brand","embeddable":true,"href":"https:\/\/jinhuaceramic.com\/es\/wp-json\/wp\/v2\/product_brand?post=7681"},{"taxonomy":"product_cat","embeddable":true,"href":"https:\/\/jinhuaceramic.com\/es\/wp-json\/wp\/v2\/product_cat?post=7681"},{"taxonomy":"product_tag","embeddable":true,"href":"https:\/\/jinhuaceramic.com\/es\/wp-json\/wp\/v2\/product_tag?post=7681"}],"curies":[{"name":"wp","href":"https:\/\/api.w.org\/{rel}","templated":true}]}}