{"id":7690,"date":"2025-01-17T06:32:58","date_gmt":"2025-01-17T06:32:58","guid":{"rendered":"https:\/\/jinhuaceramic.com\/?post_type=product&#038;p=7690"},"modified":"2025-01-17T06:33:00","modified_gmt":"2025-01-17T06:33:00","slug":"restaurant-tableware-wholesale","status":"publish","type":"product","link":"https:\/\/jinhuaceramic.com\/es\/product\/restaurant-tableware-wholesale\/","title":{"rendered":"Vajilla Restaurante Azul al por mayor, Vajilla esmalte reactivo a granel"},"content":{"rendered":"<div class=\"wp-block-columns is-layout-flex wp-container-core-columns-is-layout-9d6595d7 wp-block-columns-is-layout-flex\">\n<div class=\"wp-block-column is-layout-flow wp-block-column-is-layout-flow\">\n<h3 class=\"wp-block-heading\">Premium Restaurante Vajilla al por mayor Caracter\u00edsticas:<\/h3>\n\n\n\n<ul class=\"wp-block-list\">\n<li><strong>Dise\u00f1o elegante: <\/strong>Estas vajillas de cer\u00e1mica para restaurantes al por mayor son de color azul oscuro, lo que a\u00f1ade valor de lujo y refinamiento a los ojos de la gente. Esto ser\u00e1 lo suficientemente agradable como para a\u00f1adir un poco de refinamiento y belleza a la mesa de comedor para cualquiera que sea el estilo de la casa es.<\/li>\n\n\n\n<li><strong>Transmutaci\u00f3n del horno: <\/strong>La superficie de estos juegos de vajilla a granel presenta varias tonalidades de azul con ricas capas, un efecto visual \u00fanico producido por la tecnolog\u00eda de transmutaci\u00f3n en horno. Estas texturas complementan a\u00fan m\u00e1s los colores para dar a este juego un aspecto muy diferente de los dem\u00e1s.<\/li>\n\n\n\n<li><strong>Material cer\u00e1mico de alta calidad: <\/strong>Estas vajillas de cer\u00e1mica de alta calidad para restaurantes al por mayor tienen buena dureza y resistencia al desgaste, pueden soportar los choques y la fricci\u00f3n en el uso diario, no se da\u00f1an f\u00e1cilmente y tienen una larga vida \u00fatil.<\/li>\n\n\n\n<li><strong>Practicidad: <\/strong>Estas vajillas de cer\u00e1mica a granel incluyen cuencos de 5,6 pulgadas, platos de 8 pulgadas y platos de 10,8 pulgadas. Los platos grandes pueden contener los platos principales, los platos peque\u00f1os para guarniciones o aperitivos, y los cuencos adecuados para sopas, arroz, etc., para satisfacer las necesidades diversificadas de la cena de cada d\u00eda.<\/li>\n<\/ul>\n<\/div>\n\n\n\n<div class=\"wp-block-column is-layout-flow wp-block-column-is-layout-flow\">\n<figure class=\"wp-block-image size-full\"><img fetchpriority=\"high\" decoding=\"async\" width=\"1500\" height=\"1500\" src=\"https:\/\/jinhuaceramic.com\/wp-content\/uploads\/2025\/01\/Blue-Wholesale-Tableware-Set-Dinnerware-Kitchenware-Supplies-Custom.webp\" alt=\"Vajilla Restaurante Azul al por mayor, Vajilla esmalte reactivo a granel-1\" class=\"wp-image-7697\" srcset=\"https:\/\/jinhuaceramic.com\/wp-content\/uploads\/2025\/01\/Blue-Wholesale-Tableware-Set-Dinnerware-Kitchenware-Supplies-Custom.webp 1500w, https:\/\/jinhuaceramic.com\/wp-content\/uploads\/2025\/01\/Blue-Wholesale-Tableware-Set-Dinnerware-Kitchenware-Supplies-Custom-300x300.webp 300w, https:\/\/jinhuaceramic.com\/wp-content\/uploads\/2025\/01\/Blue-Wholesale-Tableware-Set-Dinnerware-Kitchenware-Supplies-Custom-150x150.webp 150w, https:\/\/jinhuaceramic.com\/wp-content\/uploads\/2025\/01\/Blue-Wholesale-Tableware-Set-Dinnerware-Kitchenware-Supplies-Custom-768x768.webp 768w, https:\/\/jinhuaceramic.com\/wp-content\/uploads\/2025\/01\/Blue-Wholesale-Tableware-Set-Dinnerware-Kitchenware-Supplies-Custom-12x12.webp 12w, https:\/\/jinhuaceramic.com\/wp-content\/uploads\/2025\/01\/Blue-Wholesale-Tableware-Set-Dinnerware-Kitchenware-Supplies-Custom-285x285.webp 285w, https:\/\/jinhuaceramic.com\/wp-content\/uploads\/2025\/01\/Blue-Wholesale-Tableware-Set-Dinnerware-Kitchenware-Supplies-Custom-270x270.webp 270w, https:\/\/jinhuaceramic.com\/wp-content\/uploads\/2025\/01\/Blue-Wholesale-Tableware-Set-Dinnerware-Kitchenware-Supplies-Custom-540x540.webp 540w, https:\/\/jinhuaceramic.com\/wp-content\/uploads\/2025\/01\/Blue-Wholesale-Tableware-Set-Dinnerware-Kitchenware-Supplies-Custom-660x660.webp 660w\" sizes=\"(max-width: 1500px) 100vw, 1500px\" \/><\/figure>\n<\/div>\n<\/div>","protected":false},"excerpt":{"rendered":"<p>Bienvenido a comprar vajilla al por mayor. Nuestra vajilla restaurante azul esmalte reactivo al por mayor tienen texturas azules \u00fanicas y aspecto hermoso, que combina el sentido est\u00e9tico y pr\u00e1ctico El material cer\u00e1mico de nuestra vajilla al por mayor no es t\u00f3xico, inofensivo, resistente a altas temperaturas, y seguro de usar.<\/p>","protected":false},"featured_media":7693,"comment_status":"closed","ping_status":"closed","template":"","meta":{"_acf_changed":false},"product_brand":[],"product_cat":[83,54],"product_tag":[],"class_list":{"0":"post-7690","1":"product","2":"type-product","3":"status-publish","4":"has-post-thumbnail","6":"product_cat-wholesale-dinnerware-sets","7":"product_cat-tableware-wholesale","9":"first","10":"instock","11":"shipping-taxable","12":"product-type-simple"},"acf":[],"_links":{"self":[{"href":"https:\/\/jinhuaceramic.com\/es\/wp-json\/wp\/v2\/product\/7690","targetHints":{"allow":["GET"]}}],"collection":[{"href":"https:\/\/jinhuaceramic.com\/es\/wp-json\/wp\/v2\/product"}],"about":[{"href":"https:\/\/jinhuaceramic.com\/es\/wp-json\/wp\/v2\/types\/product"}],"replies":[{"embeddable":true,"href":"https:\/\/jinhuaceramic.com\/es\/wp-json\/wp\/v2\/comments?post=7690"}],"version-history":[{"count":0,"href":"https:\/\/jinhuaceramic.com\/es\/wp-json\/wp\/v2\/product\/7690\/revisions"}],"wp:featuredmedia":[{"embeddable":true,"href":"https:\/\/jinhuaceramic.com\/es\/wp-json\/wp\/v2\/media\/7693"}],"wp:attachment":[{"href":"https:\/\/jinhuaceramic.com\/es\/wp-json\/wp\/v2\/media?parent=7690"}],"wp:term":[{"taxonomy":"product_brand","embeddable":true,"href":"https:\/\/jinhuaceramic.com\/es\/wp-json\/wp\/v2\/product_brand?post=7690"},{"taxonomy":"product_cat","embeddable":true,"href":"https:\/\/jinhuaceramic.com\/es\/wp-json\/wp\/v2\/product_cat?post=7690"},{"taxonomy":"product_tag","embeddable":true,"href":"https:\/\/jinhuaceramic.com\/es\/wp-json\/wp\/v2\/product_tag?post=7690"}],"curies":[{"name":"wp","href":"https:\/\/api.w.org\/{rel}","templated":true}]}}