{"id":7738,"date":"2025-01-18T06:20:43","date_gmt":"2025-01-18T06:20:43","guid":{"rendered":"https:\/\/jinhuaceramic.com\/?post_type=product&#038;p=7738"},"modified":"2025-01-18T06:20:46","modified_gmt":"2025-01-18T06:20:46","slug":"wholesale-dinnerware-sets","status":"publish","type":"product","link":"https:\/\/jinhuaceramic.com\/es\/product\/wholesale-dinnerware-sets\/","title":{"rendered":"Gradient Wholesale Vajillas, Platos y Tazones a Granel para Catering"},"content":{"rendered":"<div class=\"wp-block-columns is-layout-flex wp-container-core-columns-is-layout-9d6595d7 wp-block-columns-is-layout-flex\">\n<div class=\"wp-block-column is-layout-flow wp-block-column-is-layout-flow\">\n<h3 class=\"wp-block-heading\">Caracter\u00edsticas de los juegos de vajilla al por mayor de primera calidad:<\/h3>\n\n\n\n<ul class=\"wp-block-list\">\n<li><strong>Dise\u00f1o con colores degradados: <\/strong>El color de estos juegos de vajilla al por mayor es un degradado de azul a negro, que cambia de azul oscuro a negro de forma natural, lo que proporciona un efecto visual elegante y con profundidad. No solo es un color moderno, sino tambi\u00e9n muy exclusivo y especial, que a\u00f1ade encanto a su mesa.<\/li>\n\n\n\n<li><strong>Material cer\u00e1mico de alta calidad: <\/strong>Las ventajas de estos platos y cuencos a granel fabricados con cer\u00e1mica de alta calidad son su buena capacidad para conservar el calor y su resistencia a altas temperaturas, lo que los hace duraderos y resistentes al desgaste. Se pueden utilizar en hornos, microondas, freidoras sin aceite, frigor\u00edficos, lavavajillas, etc.<\/li>\n\n\n\n<li><strong>Esmalte liso: <\/strong>El esmalte de la superficie de estos juegos de vajilla al por mayor es suave y delicado, con un buen brillo. Esto no solo mejora la belleza de la vajilla, sino que tambi\u00e9n dificulta que las manchas se adhieran y se queden, por lo que la limpieza resulta m\u00e1s f\u00e1cil.<\/li>\n\n\n\n<li><strong>Practicidad: <\/strong>Estos platos y cuencos a granel est\u00e1n disponibles en dos tama\u00f1os para satisfacer diversas necesidades gastron\u00f3micas. Los platos grandes se pueden utilizar para platos principales, los platos peque\u00f1os se pueden utilizar para aperitivos, tentempi\u00e9s o ensaladas, y los cuencos son adecuados para sopas, cereales, arroz, etc.<\/li>\n<\/ul>\n<\/div>\n\n\n\n<div class=\"wp-block-column is-layout-flow wp-block-column-is-layout-flow\">\n<figure class=\"wp-block-image size-full\"><img fetchpriority=\"high\" decoding=\"async\" width=\"1500\" height=\"1500\" src=\"https:\/\/jinhuaceramic.com\/wp-content\/uploads\/2025\/01\/Gradient-Wholesale-Dinnerware-Set-Custom-Tableware-Ceramic-Plates-Bulk-7.webp\" alt=\"Juegos de vajilla al por mayor Gradient, platos y cuencos al por mayor para catering-2\" class=\"wp-image-7744\" srcset=\"https:\/\/jinhuaceramic.com\/wp-content\/uploads\/2025\/01\/Gradient-Wholesale-Dinnerware-Set-Custom-Tableware-Ceramic-Plates-Bulk-7.webp 1500w, https:\/\/jinhuaceramic.com\/wp-content\/uploads\/2025\/01\/Gradient-Wholesale-Dinnerware-Set-Custom-Tableware-Ceramic-Plates-Bulk-7-300x300.webp 300w, https:\/\/jinhuaceramic.com\/wp-content\/uploads\/2025\/01\/Gradient-Wholesale-Dinnerware-Set-Custom-Tableware-Ceramic-Plates-Bulk-7-150x150.webp 150w, https:\/\/jinhuaceramic.com\/wp-content\/uploads\/2025\/01\/Gradient-Wholesale-Dinnerware-Set-Custom-Tableware-Ceramic-Plates-Bulk-7-768x768.webp 768w, https:\/\/jinhuaceramic.com\/wp-content\/uploads\/2025\/01\/Gradient-Wholesale-Dinnerware-Set-Custom-Tableware-Ceramic-Plates-Bulk-7-12x12.webp 12w, https:\/\/jinhuaceramic.com\/wp-content\/uploads\/2025\/01\/Gradient-Wholesale-Dinnerware-Set-Custom-Tableware-Ceramic-Plates-Bulk-7-285x285.webp 285w, https:\/\/jinhuaceramic.com\/wp-content\/uploads\/2025\/01\/Gradient-Wholesale-Dinnerware-Set-Custom-Tableware-Ceramic-Plates-Bulk-7-270x270.webp 270w, https:\/\/jinhuaceramic.com\/wp-content\/uploads\/2025\/01\/Gradient-Wholesale-Dinnerware-Set-Custom-Tableware-Ceramic-Plates-Bulk-7-540x540.webp 540w, https:\/\/jinhuaceramic.com\/wp-content\/uploads\/2025\/01\/Gradient-Wholesale-Dinnerware-Set-Custom-Tableware-Ceramic-Plates-Bulk-7-660x660.webp 660w\" sizes=\"(max-width: 1500px) 100vw, 1500px\" \/><\/figure>\n<\/div>\n<\/div>","protected":false},"excerpt":{"rendered":"<p>Bienvenido a la compra de platos y cuencos al por mayor. Estos juegos de vajilla al por mayor vienen en colores degradados modernos y a la moda para a\u00f1adir color a su mesa. Fabricados con materiales cer\u00e1micos resistentes, estos juegos de vajilla de exquisito dise\u00f1o no solo son incre\u00edbles en cuanto a su aspecto, sino que tambi\u00e9n son funcionales para mejorar la calidad de la comida y aportar m\u00e1s felicidad.<\/p>","protected":false},"featured_media":7742,"comment_status":"closed","ping_status":"closed","template":"","meta":{"_acf_changed":false},"product_brand":[],"product_cat":[83,54],"product_tag":[],"class_list":{"0":"post-7738","1":"product","2":"type-product","3":"status-publish","4":"has-post-thumbnail","6":"product_cat-wholesale-dinnerware-sets","7":"product_cat-tableware-wholesale","9":"first","10":"instock","11":"shipping-taxable","12":"product-type-simple"},"acf":[],"_links":{"self":[{"href":"https:\/\/jinhuaceramic.com\/es\/wp-json\/wp\/v2\/product\/7738","targetHints":{"allow":["GET"]}}],"collection":[{"href":"https:\/\/jinhuaceramic.com\/es\/wp-json\/wp\/v2\/product"}],"about":[{"href":"https:\/\/jinhuaceramic.com\/es\/wp-json\/wp\/v2\/types\/product"}],"replies":[{"embeddable":true,"href":"https:\/\/jinhuaceramic.com\/es\/wp-json\/wp\/v2\/comments?post=7738"}],"version-history":[{"count":0,"href":"https:\/\/jinhuaceramic.com\/es\/wp-json\/wp\/v2\/product\/7738\/revisions"}],"wp:featuredmedia":[{"embeddable":true,"href":"https:\/\/jinhuaceramic.com\/es\/wp-json\/wp\/v2\/media\/7742"}],"wp:attachment":[{"href":"https:\/\/jinhuaceramic.com\/es\/wp-json\/wp\/v2\/media?parent=7738"}],"wp:term":[{"taxonomy":"product_brand","embeddable":true,"href":"https:\/\/jinhuaceramic.com\/es\/wp-json\/wp\/v2\/product_brand?post=7738"},{"taxonomy":"product_cat","embeddable":true,"href":"https:\/\/jinhuaceramic.com\/es\/wp-json\/wp\/v2\/product_cat?post=7738"},{"taxonomy":"product_tag","embeddable":true,"href":"https:\/\/jinhuaceramic.com\/es\/wp-json\/wp\/v2\/product_tag?post=7738"}],"curies":[{"name":"wp","href":"https:\/\/api.w.org\/{rel}","templated":true}]}}