{"id":7751,"date":"2025-01-21T02:34:31","date_gmt":"2025-01-21T02:34:31","guid":{"rendered":"https:\/\/jinhuaceramic.com\/?post_type=product&#038;p=7751"},"modified":"2025-01-21T02:34:34","modified_gmt":"2025-01-21T02:34:34","slug":"bulk-dinnerware","status":"publish","type":"product","link":"https:\/\/jinhuaceramic.com\/es\/product\/bulk-dinnerware\/","title":{"rendered":"Vajilla a Granel de Alta Gama, Vajilla Exquisita para Restaurante al por Mayor"},"content":{"rendered":"<div class=\"wp-block-columns is-layout-flex wp-container-core-columns-is-layout-9d6595d7 wp-block-columns-is-layout-flex\">\n<div class=\"wp-block-column is-layout-flow wp-block-column-is-layout-flow\">\n<h3 class=\"wp-block-heading\">Caracter\u00edsticas de la vajilla premium a granel:<\/h3>\n\n\n\n<ul class=\"wp-block-list\">\n<li><strong>Dise\u00f1o elegante: <\/strong>La mayor\u00eda de la vajilla a granel es de color verde fresco, con motivos florales blancos, lo que transmite una sensaci\u00f3n de ligereza y naturalidad, a\u00f1ade un toque art\u00edstico a la mesa y embellece y estiliza el ambiente del comedor.<\/li>\n\n\n\n<li><strong>No t\u00f3xico e inocuo: <\/strong>Esta vajilla de alta calidad para restaurantes, fabricada al por mayor, est\u00e1 hecha de arcilla cer\u00e1mica natural y se somete a una temperatura muy alta durante la cocci\u00f3n. No hay posibilidad de fugas, es inocua para la salud humana y se pueden guardar en ella todo tipo de alimentos calientes.<\/li>\n\n\n\n<li><strong>Duradero:<\/strong> Esta vajilla cer\u00e1mica a granel tiene una gran dureza y resistencia, no se desgasta ni se raya f\u00e1cilmente, soporta los golpes y la fricci\u00f3n del uso diario y tiene una larga vida \u00fatil.<\/li>\n\n\n\n<li><strong>Practicidad: <\/strong>Esta vajilla para restaurantes al por mayor incluye cuencos y platos de dos tama\u00f1os. Los platos grandes tienen mayor capacidad, lo que facilita compartir la comida en reuniones familiares o banquetes; los platos peque\u00f1os son ideales para aperitivos, postres o guarniciones; y los cuencos son perfectos para sopas, cereales y arroz.<\/li>\n<\/ul>\n<\/div>\n\n\n\n<div class=\"wp-block-column is-layout-flow wp-block-column-is-layout-flow\">\n<figure class=\"wp-block-image size-full\"><img fetchpriority=\"high\" decoding=\"async\" width=\"1500\" height=\"1500\" src=\"https:\/\/jinhuaceramic.com\/wp-content\/uploads\/2025\/01\/High-End-Wholesale-Tableware-Set-Dinner-Services-Custom-Ceramic-Plates-4.webp\" alt=\"Vajilla a Granel de Alta Gama, Vajilla Exquisita para Restaurante al por Mayor-5\" class=\"wp-image-7754\" srcset=\"https:\/\/jinhuaceramic.com\/wp-content\/uploads\/2025\/01\/High-End-Wholesale-Tableware-Set-Dinner-Services-Custom-Ceramic-Plates-4.webp 1500w, https:\/\/jinhuaceramic.com\/wp-content\/uploads\/2025\/01\/High-End-Wholesale-Tableware-Set-Dinner-Services-Custom-Ceramic-Plates-4-300x300.webp 300w, https:\/\/jinhuaceramic.com\/wp-content\/uploads\/2025\/01\/High-End-Wholesale-Tableware-Set-Dinner-Services-Custom-Ceramic-Plates-4-150x150.webp 150w, https:\/\/jinhuaceramic.com\/wp-content\/uploads\/2025\/01\/High-End-Wholesale-Tableware-Set-Dinner-Services-Custom-Ceramic-Plates-4-768x768.webp 768w, https:\/\/jinhuaceramic.com\/wp-content\/uploads\/2025\/01\/High-End-Wholesale-Tableware-Set-Dinner-Services-Custom-Ceramic-Plates-4-12x12.webp 12w, https:\/\/jinhuaceramic.com\/wp-content\/uploads\/2025\/01\/High-End-Wholesale-Tableware-Set-Dinner-Services-Custom-Ceramic-Plates-4-285x285.webp 285w, https:\/\/jinhuaceramic.com\/wp-content\/uploads\/2025\/01\/High-End-Wholesale-Tableware-Set-Dinner-Services-Custom-Ceramic-Plates-4-270x270.webp 270w, https:\/\/jinhuaceramic.com\/wp-content\/uploads\/2025\/01\/High-End-Wholesale-Tableware-Set-Dinner-Services-Custom-Ceramic-Plates-4-540x540.webp 540w, https:\/\/jinhuaceramic.com\/wp-content\/uploads\/2025\/01\/High-End-Wholesale-Tableware-Set-Dinner-Services-Custom-Ceramic-Plates-4-660x660.webp 660w\" sizes=\"(max-width: 1500px) 100vw, 1500px\" \/><\/figure>\n<\/div>\n<\/div>\n\n\n\n<p><\/p>","protected":false},"excerpt":{"rendered":"<p>Bienvenido a la compra al por mayor de vajilla para restaurantes. Nuestra vajilla a granel tiene un refrescante color verde, un exquisito dise\u00f1o floral y un material cer\u00e1mico duradero, no t\u00f3xico e inocuo. La belleza y la practicidad de esta vajilla personalizada mejorar\u00e1n el ambiente y la calidad de la comida.<\/p>","protected":false},"featured_media":7756,"comment_status":"closed","ping_status":"closed","template":"","meta":{"_acf_changed":false},"product_brand":[],"product_cat":[83,54],"product_tag":[],"class_list":{"0":"post-7751","1":"product","2":"type-product","3":"status-publish","4":"has-post-thumbnail","6":"product_cat-wholesale-dinnerware-sets","7":"product_cat-tableware-wholesale","9":"first","10":"instock","11":"shipping-taxable","12":"product-type-simple"},"acf":[],"_links":{"self":[{"href":"https:\/\/jinhuaceramic.com\/es\/wp-json\/wp\/v2\/product\/7751","targetHints":{"allow":["GET"]}}],"collection":[{"href":"https:\/\/jinhuaceramic.com\/es\/wp-json\/wp\/v2\/product"}],"about":[{"href":"https:\/\/jinhuaceramic.com\/es\/wp-json\/wp\/v2\/types\/product"}],"replies":[{"embeddable":true,"href":"https:\/\/jinhuaceramic.com\/es\/wp-json\/wp\/v2\/comments?post=7751"}],"version-history":[{"count":0,"href":"https:\/\/jinhuaceramic.com\/es\/wp-json\/wp\/v2\/product\/7751\/revisions"}],"wp:featuredmedia":[{"embeddable":true,"href":"https:\/\/jinhuaceramic.com\/es\/wp-json\/wp\/v2\/media\/7756"}],"wp:attachment":[{"href":"https:\/\/jinhuaceramic.com\/es\/wp-json\/wp\/v2\/media?parent=7751"}],"wp:term":[{"taxonomy":"product_brand","embeddable":true,"href":"https:\/\/jinhuaceramic.com\/es\/wp-json\/wp\/v2\/product_brand?post=7751"},{"taxonomy":"product_cat","embeddable":true,"href":"https:\/\/jinhuaceramic.com\/es\/wp-json\/wp\/v2\/product_cat?post=7751"},{"taxonomy":"product_tag","embeddable":true,"href":"https:\/\/jinhuaceramic.com\/es\/wp-json\/wp\/v2\/product_tag?post=7751"}],"curies":[{"name":"wp","href":"https:\/\/api.w.org\/{rel}","templated":true}]}}