{"id":7762,"date":"2025-01-21T02:18:36","date_gmt":"2025-01-21T02:18:36","guid":{"rendered":"https:\/\/jinhuaceramic.com\/?post_type=product&#038;p=7762"},"modified":"2025-01-21T02:18:38","modified_gmt":"2025-01-21T02:18:38","slug":"customize-bathroom-sets","status":"publish","type":"product","link":"https:\/\/jinhuaceramic.com\/es\/product\/customize-bathroom-sets\/","title":{"rendered":"Conjuntos de Ba\u00f1o de 4 Piezas a Medida, Accesorios de Ba\u00f1o de Cer\u00e1mica a Granel"},"content":{"rendered":"<div class=\"wp-block-columns is-layout-flex wp-container-core-columns-is-layout-9d6595d7 wp-block-columns-is-layout-flex\">\n<div class=\"wp-block-column is-layout-flow wp-block-column-is-layout-flow\">\n<h3 class=\"wp-block-heading\">Premium Customize Conjuntos de ba\u00f1o Caracter\u00edsticas:<\/h3>\n\n\n\n<ul class=\"wp-block-list\">\n<li><strong>Dise\u00f1o elegante:<\/strong> Estos juegos de ba\u00f1o personalizados son de color blanco con decoraci\u00f3n de textura hexagonal en la superficie. El dise\u00f1o puede combinarse con todo tipo de estilos decorativos, sin importar si su cuarto de ba\u00f1o es de estilo minimalista, n\u00f3rdico o incluso moderno. Esto podr\u00eda a\u00f1adir belleza y lujo a todo el cuarto de ba\u00f1o.<\/li>\n\n\n\n<li><strong>Material cer\u00e1mico de alta calidad: <\/strong>Estos accesorios de cer\u00e1mica para el ba\u00f1o a granel vienen en material de alta calidad que los hace resistentes y duraderos al desgaste y los da\u00f1os y les proporciona una mayor esperanza de vida. Adem\u00e1s, la superficie exterior de la cer\u00e1mica es lisa y f\u00e1cil de limpiar.<\/li>\n\n\n\n<li><strong>Juego completo: <\/strong>Con dispensador de jab\u00f3n, portacepillos de dientes, vaso para enjuague bucal y jabonera, estos sets de ba\u00f1o personalizados de cer\u00e1mica de 4 piezas satisfacen las necesidades de almacenamiento y aseo del cuarto de ba\u00f1o y lo mantienen ordenado.<\/li>\n\n\n\n<li><strong>Dise\u00f1o detallado: <\/strong>El dispensador de jab\u00f3n al por mayor tiene una gran abertura para facilitar el llenado. Adem\u00e1s, el cabezal es de tama\u00f1o considerable y, por tanto, muy f\u00e1cil de presionar. Adem\u00e1s de eso, la jabonera al por mayor tiene pies elevados en la parte inferior para evitar que se empape, lo que puede aumentar la estabilidad, las rayas elevadas en el centro de la jabonera son capaces de aumentar la fricci\u00f3n para evitar el deslizamiento del jab\u00f3n.<\/li>\n<\/ul>\n<\/div>\n\n\n\n<div class=\"wp-block-column is-layout-flow wp-block-column-is-layout-flow\">\n<figure class=\"wp-block-image size-full\"><img fetchpriority=\"high\" decoding=\"async\" width=\"1600\" height=\"1600\" src=\"https:\/\/jinhuaceramic.com\/wp-content\/uploads\/2025\/01\/4-Piece-Designer-Bathroom-Sets-Wholesale-Ceramic-Bathroom-Supplies-3.webp\" alt=\"Conjuntos de Ba\u00f1o de 4 Piezas a Medida, Accesorios de Ba\u00f1o de Cer\u00e1mica a Granel-1\" class=\"wp-image-7764\" srcset=\"https:\/\/jinhuaceramic.com\/wp-content\/uploads\/2025\/01\/4-Piece-Designer-Bathroom-Sets-Wholesale-Ceramic-Bathroom-Supplies-3.webp 1600w, https:\/\/jinhuaceramic.com\/wp-content\/uploads\/2025\/01\/4-Piece-Designer-Bathroom-Sets-Wholesale-Ceramic-Bathroom-Supplies-3-300x300.webp 300w, https:\/\/jinhuaceramic.com\/wp-content\/uploads\/2025\/01\/4-Piece-Designer-Bathroom-Sets-Wholesale-Ceramic-Bathroom-Supplies-3-150x150.webp 150w, https:\/\/jinhuaceramic.com\/wp-content\/uploads\/2025\/01\/4-Piece-Designer-Bathroom-Sets-Wholesale-Ceramic-Bathroom-Supplies-3-768x768.webp 768w, https:\/\/jinhuaceramic.com\/wp-content\/uploads\/2025\/01\/4-Piece-Designer-Bathroom-Sets-Wholesale-Ceramic-Bathroom-Supplies-3-12x12.webp 12w, https:\/\/jinhuaceramic.com\/wp-content\/uploads\/2025\/01\/4-Piece-Designer-Bathroom-Sets-Wholesale-Ceramic-Bathroom-Supplies-3-285x285.webp 285w, https:\/\/jinhuaceramic.com\/wp-content\/uploads\/2025\/01\/4-Piece-Designer-Bathroom-Sets-Wholesale-Ceramic-Bathroom-Supplies-3-270x270.webp 270w, https:\/\/jinhuaceramic.com\/wp-content\/uploads\/2025\/01\/4-Piece-Designer-Bathroom-Sets-Wholesale-Ceramic-Bathroom-Supplies-3-540x540.webp 540w, https:\/\/jinhuaceramic.com\/wp-content\/uploads\/2025\/01\/4-Piece-Designer-Bathroom-Sets-Wholesale-Ceramic-Bathroom-Supplies-3-660x660.webp 660w\" sizes=\"(max-width: 1600px) 100vw, 1600px\" \/><\/figure>\n<\/div>\n<\/div>\n\n\n\n<p><\/p>","protected":false},"excerpt":{"rendered":"<p>Bienvenido a comprar accesorios de ba\u00f1o de cer\u00e1mica al por mayor. Estos conjuntos de ba\u00f1o de cer\u00e1mica a medida son muy atractivos, el color blanco es f\u00e1cil de mezclar en cada estilo de decoraci\u00f3n de ba\u00f1o, mostrando la elegancia plenamente y a\u00f1adiendo belleza en el ba\u00f1o integralmente. El material cer\u00e1mico, duradero y limpio, presta mucha atenci\u00f3n a los detalles. Elegante y pr\u00e1ctico, cada conjunto a\u00f1ade pulcritud y aplomo al ba\u00f1o.<\/p>","protected":false},"featured_media":7768,"comment_status":"closed","ping_status":"closed","template":"","meta":{"_acf_changed":false},"product_brand":[],"product_cat":[51],"product_tag":[74],"class_list":{"0":"post-7762","1":"product","2":"type-product","3":"status-publish","4":"has-post-thumbnail","6":"product_cat-bathroom-accessories-wholesale","7":"product_tag-ceramic-bath-accessories-wholesale","9":"first","10":"instock","11":"shipping-taxable","12":"product-type-simple"},"acf":[],"_links":{"self":[{"href":"https:\/\/jinhuaceramic.com\/es\/wp-json\/wp\/v2\/product\/7762","targetHints":{"allow":["GET"]}}],"collection":[{"href":"https:\/\/jinhuaceramic.com\/es\/wp-json\/wp\/v2\/product"}],"about":[{"href":"https:\/\/jinhuaceramic.com\/es\/wp-json\/wp\/v2\/types\/product"}],"replies":[{"embeddable":true,"href":"https:\/\/jinhuaceramic.com\/es\/wp-json\/wp\/v2\/comments?post=7762"}],"version-history":[{"count":0,"href":"https:\/\/jinhuaceramic.com\/es\/wp-json\/wp\/v2\/product\/7762\/revisions"}],"wp:featuredmedia":[{"embeddable":true,"href":"https:\/\/jinhuaceramic.com\/es\/wp-json\/wp\/v2\/media\/7768"}],"wp:attachment":[{"href":"https:\/\/jinhuaceramic.com\/es\/wp-json\/wp\/v2\/media?parent=7762"}],"wp:term":[{"taxonomy":"product_brand","embeddable":true,"href":"https:\/\/jinhuaceramic.com\/es\/wp-json\/wp\/v2\/product_brand?post=7762"},{"taxonomy":"product_cat","embeddable":true,"href":"https:\/\/jinhuaceramic.com\/es\/wp-json\/wp\/v2\/product_cat?post=7762"},{"taxonomy":"product_tag","embeddable":true,"href":"https:\/\/jinhuaceramic.com\/es\/wp-json\/wp\/v2\/product_tag?post=7762"}],"curies":[{"name":"wp","href":"https:\/\/api.w.org\/{rel}","templated":true}]}}