{"id":7782,"date":"2025-01-22T07:19:22","date_gmt":"2025-01-22T07:19:22","guid":{"rendered":"https:\/\/jinhuaceramic.com\/?post_type=product&#038;p=7782"},"modified":"2025-01-22T07:19:24","modified_gmt":"2025-01-22T07:19:24","slug":"customized-baking-pan","status":"publish","type":"product","link":"https:\/\/jinhuaceramic.com\/es\/product\/customized-baking-pan\/","title":{"rendered":"Sart\u00e9n antiadherente, utensilios de cer\u00e1mica al por mayor"},"content":{"rendered":"<div class=\"wp-block-columns is-layout-flex wp-container-core-columns-is-layout-9d6595d7 wp-block-columns-is-layout-flex\">\n<div class=\"wp-block-column is-layout-flow wp-block-column-is-layout-flow\">\n<h3 class=\"wp-block-heading\">Sart\u00e9n para hornear personalizada Premium Caracter\u00edsticas:<\/h3>\n\n\n\n<ul class=\"wp-block-list\">\n<li><strong>Forma rectangular:<\/strong> Este molde personalizado tiene forma rectangular, es m\u00e1s pr\u00e1ctico y puede contener m\u00e1s ingredientes. Adem\u00e1s, este tipo de bandeja es m\u00e1s f\u00e1cil de meter en el horno porque puede aprovechar al m\u00e1ximo el espacio del horno para mejorar la eficiencia en el uso de un horno.<\/li>\n\n\n\n<li><strong>Combinaci\u00f3n de colores cl\u00e1sica: <\/strong>Estos utensilios de cer\u00e1mica para hornear al por mayor son de color blanco con bordes y asas negros, que forman un marcado contraste de color, sencillo pero elegante. Esta combinaci\u00f3n de colores puede combinar f\u00e1cilmente con varios estilos de cocina y realzar la belleza de la cocina.<\/li>\n\n\n\n<li><strong>Material de alta calidad: <\/strong>Estas bandejas de cer\u00e1mica para hornear personalizadas de alta calidad tienen una buena resistencia a las altas temperaturas. Pueden utilizarse en el entorno de alta temperatura del horno y soportar varios cientos de grados Celsius sin agrietarse ni deformarse.<\/li>\n\n\n\n<li><strong>C\u00f3modas asas: <\/strong>Estos utensilios para hornear de cer\u00e1mica al por mayor han proporcionado ambos lados asas que hacen el trabajo conveniente, mientras que no quemarse las manos son un riesgo involucrado con el transporte de sus platos para hornear - especialmente cuando s\u00f3lo reci\u00e9n sacado del horno - que mejora la seguridad en el uso, as\u00ed como comodidades.<\/li>\n<\/ul>\n<\/div>\n\n\n\n<div class=\"wp-block-column is-layout-flow wp-block-column-is-layout-flow\">\n<figure class=\"wp-block-image size-full\"><img fetchpriority=\"high\" decoding=\"async\" width=\"1600\" height=\"1600\" src=\"https:\/\/jinhuaceramic.com\/wp-content\/uploads\/2025\/01\/Rectangular-Nonstick-Custom-Baking-Dish-Ceramic-Professional-Bakeware-Supplies-2.webp\" alt=\"Sart\u00e9n antiadherente, utensilios para hornear de cer\u00e1mica al por mayor-1\" class=\"wp-image-7783\" srcset=\"https:\/\/jinhuaceramic.com\/wp-content\/uploads\/2025\/01\/Rectangular-Nonstick-Custom-Baking-Dish-Ceramic-Professional-Bakeware-Supplies-2.webp 1600w, https:\/\/jinhuaceramic.com\/wp-content\/uploads\/2025\/01\/Rectangular-Nonstick-Custom-Baking-Dish-Ceramic-Professional-Bakeware-Supplies-2-300x300.webp 300w, https:\/\/jinhuaceramic.com\/wp-content\/uploads\/2025\/01\/Rectangular-Nonstick-Custom-Baking-Dish-Ceramic-Professional-Bakeware-Supplies-2-150x150.webp 150w, https:\/\/jinhuaceramic.com\/wp-content\/uploads\/2025\/01\/Rectangular-Nonstick-Custom-Baking-Dish-Ceramic-Professional-Bakeware-Supplies-2-768x768.webp 768w, https:\/\/jinhuaceramic.com\/wp-content\/uploads\/2025\/01\/Rectangular-Nonstick-Custom-Baking-Dish-Ceramic-Professional-Bakeware-Supplies-2-12x12.webp 12w, https:\/\/jinhuaceramic.com\/wp-content\/uploads\/2025\/01\/Rectangular-Nonstick-Custom-Baking-Dish-Ceramic-Professional-Bakeware-Supplies-2-285x285.webp 285w, https:\/\/jinhuaceramic.com\/wp-content\/uploads\/2025\/01\/Rectangular-Nonstick-Custom-Baking-Dish-Ceramic-Professional-Bakeware-Supplies-2-270x270.webp 270w, https:\/\/jinhuaceramic.com\/wp-content\/uploads\/2025\/01\/Rectangular-Nonstick-Custom-Baking-Dish-Ceramic-Professional-Bakeware-Supplies-2-540x540.webp 540w, https:\/\/jinhuaceramic.com\/wp-content\/uploads\/2025\/01\/Rectangular-Nonstick-Custom-Baking-Dish-Ceramic-Professional-Bakeware-Supplies-2-660x660.webp 660w\" sizes=\"(max-width: 1600px) 100vw, 1600px\" \/><\/figure>\n<\/div>\n<\/div>","protected":false},"excerpt":{"rendered":"<p>Bienvenido a comprar utensilios de cer\u00e1mica para hornear al por mayor. Este molde para hornear personalizado tiene una pr\u00e1ctica forma rectangular, una cl\u00e1sica combinaci\u00f3n de colores blanco y negro, una resistente estructura de cer\u00e1mica y c\u00f3modas asas, lo que lo convierte en un elemento indispensable en la cocina. Combinando est\u00e9tica y practicidad, estos recipientes para hornear son una excelente elecci\u00f3n para quienes persiguen una vida de calidad.<\/p>","protected":false},"featured_media":7784,"comment_status":"closed","ping_status":"closed","template":"","meta":{"_acf_changed":false},"product_brand":[],"product_cat":[53],"product_tag":[71],"class_list":{"0":"post-7782","1":"product","2":"type-product","3":"status-publish","4":"has-post-thumbnail","6":"product_cat-bakeware-in-bulk","7":"product_tag-wholesale-baking-pans","9":"first","10":"instock","11":"shipping-taxable","12":"product-type-simple"},"acf":[],"_links":{"self":[{"href":"https:\/\/jinhuaceramic.com\/es\/wp-json\/wp\/v2\/product\/7782","targetHints":{"allow":["GET"]}}],"collection":[{"href":"https:\/\/jinhuaceramic.com\/es\/wp-json\/wp\/v2\/product"}],"about":[{"href":"https:\/\/jinhuaceramic.com\/es\/wp-json\/wp\/v2\/types\/product"}],"replies":[{"embeddable":true,"href":"https:\/\/jinhuaceramic.com\/es\/wp-json\/wp\/v2\/comments?post=7782"}],"version-history":[{"count":0,"href":"https:\/\/jinhuaceramic.com\/es\/wp-json\/wp\/v2\/product\/7782\/revisions"}],"wp:featuredmedia":[{"embeddable":true,"href":"https:\/\/jinhuaceramic.com\/es\/wp-json\/wp\/v2\/media\/7784"}],"wp:attachment":[{"href":"https:\/\/jinhuaceramic.com\/es\/wp-json\/wp\/v2\/media?parent=7782"}],"wp:term":[{"taxonomy":"product_brand","embeddable":true,"href":"https:\/\/jinhuaceramic.com\/es\/wp-json\/wp\/v2\/product_brand?post=7782"},{"taxonomy":"product_cat","embeddable":true,"href":"https:\/\/jinhuaceramic.com\/es\/wp-json\/wp\/v2\/product_cat?post=7782"},{"taxonomy":"product_tag","embeddable":true,"href":"https:\/\/jinhuaceramic.com\/es\/wp-json\/wp\/v2\/product_tag?post=7782"}],"curies":[{"name":"wp","href":"https:\/\/api.w.org\/{rel}","templated":true}]}}