{"id":7796,"date":"2025-01-24T07:08:17","date_gmt":"2025-01-24T07:08:17","guid":{"rendered":"https:\/\/jinhuaceramic.com\/?post_type=product&#038;p=7796"},"modified":"2025-01-24T07:08:43","modified_gmt":"2025-01-24T07:08:43","slug":"restaurant-crockery-wholesale","status":"publish","type":"product","link":"https:\/\/jinhuaceramic.com\/es\/product\/restaurant-crockery-wholesale\/","title":{"rendered":"Vajilla de Restaurante Tan al por mayor, Platos y cuencos de cer\u00e1mica personalizados"},"content":{"rendered":"<div class=\"wp-block-columns is-layout-flex wp-container-core-columns-is-layout-9d6595d7 wp-block-columns-is-layout-flex\">\n<div class=\"wp-block-column is-layout-flow wp-block-column-is-layout-flow\">\n<h3 class=\"wp-block-heading\">Vajilla de Restaurante Premium al por mayor Caracter\u00edsticas:<\/h3>\n\n\n\n<ul class=\"wp-block-list\">\n<li><strong>Dise\u00f1o elegante:<\/strong> Estas vajillas de restaurante al por mayor son una combinaci\u00f3n natural y r\u00fastica de beige y tostado. Los bordes de color tostado dan una sensaci\u00f3n c\u00e1lida y retro, mientras que las partes de color beige parecen limpias y refrescantes, que bien puede establecer el color de los alimentos y es adecuado para una variedad de escenas de comedor.<\/li>\n\n\n\n<li><strong>Textura esmaltada de alto grado: <\/strong>El esmalte de estos platos y cuencos a granel es liso y brillante, lo que les confiere un aspecto sofisticado y exclusivo, con ligeros efectos de degradado y manchas en el esmalte que a\u00f1aden textura y singularidad.<\/li>\n\n\n\n<li><strong>Material cer\u00e1mico de primera calidad: <\/strong>Fabricada con materiales cer\u00e1micos cocidos de alta calidad, no t\u00f3xicos e inocuos. Resistente a altas temperaturas, nuestra vajilla de restaurante al por mayor puede utilizarse en el microondas o en el horno.<\/li>\n\n\n\n<li><strong>Gran sentido pr\u00e1ctico: <\/strong>Estos platos y cuencos a granel incluyen dos tama\u00f1os de platos y cuencos para satisfacer las necesidades de contener distintos alimentos. Ya se trate de alimentos b\u00e1sicos, platos o sopas, hay vajillas adecuadas.<\/li>\n<\/ul>\n<\/div>\n\n\n\n<div class=\"wp-block-column is-layout-flow wp-block-column-is-layout-flow\">\n<figure class=\"wp-block-image size-full\"><img fetchpriority=\"high\" decoding=\"async\" width=\"1500\" height=\"1500\" src=\"https:\/\/jinhuaceramic.com\/wp-content\/uploads\/2025\/01\/Tan-Wholesale-Tableware-Set-Ceramic-Custom-Dinnerware-Set-Service-For-8-4.webp\" alt=\"Vajilla de restaurante Tan al por mayor, platos y cuencos personalizados-1\" class=\"wp-image-7799\" srcset=\"https:\/\/jinhuaceramic.com\/wp-content\/uploads\/2025\/01\/Tan-Wholesale-Tableware-Set-Ceramic-Custom-Dinnerware-Set-Service-For-8-4.webp 1500w, https:\/\/jinhuaceramic.com\/wp-content\/uploads\/2025\/01\/Tan-Wholesale-Tableware-Set-Ceramic-Custom-Dinnerware-Set-Service-For-8-4-300x300.webp 300w, https:\/\/jinhuaceramic.com\/wp-content\/uploads\/2025\/01\/Tan-Wholesale-Tableware-Set-Ceramic-Custom-Dinnerware-Set-Service-For-8-4-150x150.webp 150w, https:\/\/jinhuaceramic.com\/wp-content\/uploads\/2025\/01\/Tan-Wholesale-Tableware-Set-Ceramic-Custom-Dinnerware-Set-Service-For-8-4-768x768.webp 768w, https:\/\/jinhuaceramic.com\/wp-content\/uploads\/2025\/01\/Tan-Wholesale-Tableware-Set-Ceramic-Custom-Dinnerware-Set-Service-For-8-4-12x12.webp 12w, https:\/\/jinhuaceramic.com\/wp-content\/uploads\/2025\/01\/Tan-Wholesale-Tableware-Set-Ceramic-Custom-Dinnerware-Set-Service-For-8-4-285x285.webp 285w, https:\/\/jinhuaceramic.com\/wp-content\/uploads\/2025\/01\/Tan-Wholesale-Tableware-Set-Ceramic-Custom-Dinnerware-Set-Service-For-8-4-270x270.webp 270w, https:\/\/jinhuaceramic.com\/wp-content\/uploads\/2025\/01\/Tan-Wholesale-Tableware-Set-Ceramic-Custom-Dinnerware-Set-Service-For-8-4-540x540.webp 540w, https:\/\/jinhuaceramic.com\/wp-content\/uploads\/2025\/01\/Tan-Wholesale-Tableware-Set-Ceramic-Custom-Dinnerware-Set-Service-For-8-4-660x660.webp 660w\" sizes=\"(max-width: 1500px) 100vw, 1500px\" \/><\/figure>\n<\/div>\n<\/div>\n\n\n\n<p><\/p>","protected":false},"excerpt":{"rendered":"<p>Bienvenido a comprar platos y cuencos al por mayor. Estas vajillas de restaurante al por mayor de color tostado combinan armoniosamente con el blanco roto y el tostado, y el suave esmalte muestra exquisitez y alta calidad. Los materiales sanos, seguros y resistentes a las altas temperaturas satisfacen las necesidades del uso diario, y los distintos tama\u00f1os satisfacen las necesidades de servir distintos alimentos, que son a la vez pr\u00e1cticos y bonitos.<\/p>","protected":false},"featured_media":7800,"comment_status":"closed","ping_status":"closed","template":"","meta":{"_acf_changed":false},"product_brand":[],"product_cat":[83,54],"product_tag":[],"class_list":{"0":"post-7796","1":"product","2":"type-product","3":"status-publish","4":"has-post-thumbnail","6":"product_cat-wholesale-dinnerware-sets","7":"product_cat-tableware-wholesale","9":"first","10":"instock","11":"shipping-taxable","12":"product-type-simple"},"acf":[],"_links":{"self":[{"href":"https:\/\/jinhuaceramic.com\/es\/wp-json\/wp\/v2\/product\/7796","targetHints":{"allow":["GET"]}}],"collection":[{"href":"https:\/\/jinhuaceramic.com\/es\/wp-json\/wp\/v2\/product"}],"about":[{"href":"https:\/\/jinhuaceramic.com\/es\/wp-json\/wp\/v2\/types\/product"}],"replies":[{"embeddable":true,"href":"https:\/\/jinhuaceramic.com\/es\/wp-json\/wp\/v2\/comments?post=7796"}],"version-history":[{"count":0,"href":"https:\/\/jinhuaceramic.com\/es\/wp-json\/wp\/v2\/product\/7796\/revisions"}],"wp:featuredmedia":[{"embeddable":true,"href":"https:\/\/jinhuaceramic.com\/es\/wp-json\/wp\/v2\/media\/7800"}],"wp:attachment":[{"href":"https:\/\/jinhuaceramic.com\/es\/wp-json\/wp\/v2\/media?parent=7796"}],"wp:term":[{"taxonomy":"product_brand","embeddable":true,"href":"https:\/\/jinhuaceramic.com\/es\/wp-json\/wp\/v2\/product_brand?post=7796"},{"taxonomy":"product_cat","embeddable":true,"href":"https:\/\/jinhuaceramic.com\/es\/wp-json\/wp\/v2\/product_cat?post=7796"},{"taxonomy":"product_tag","embeddable":true,"href":"https:\/\/jinhuaceramic.com\/es\/wp-json\/wp\/v2\/product_tag?post=7796"}],"curies":[{"name":"wp","href":"https:\/\/api.w.org\/{rel}","templated":true}]}}