{"id":7805,"date":"2025-01-24T07:00:45","date_gmt":"2025-01-24T07:00:45","guid":{"rendered":"https:\/\/jinhuaceramic.com\/?post_type=product&#038;p=7805"},"modified":"2025-01-24T07:00:46","modified_gmt":"2025-01-24T07:00:46","slug":"wholesale-bathroom-set","status":"publish","type":"product","link":"https:\/\/jinhuaceramic.com\/es\/product\/wholesale-bathroom-set\/","title":{"rendered":"Birdcage Design Mayorista Juegos de Ba\u00f1o, Accesorios de Ba\u00f1o de Cer\u00e1mica"},"content":{"rendered":"<div class=\"wp-block-columns is-layout-flex wp-container-core-columns-is-layout-9d6595d7 wp-block-columns-is-layout-flex\">\n<div class=\"wp-block-column is-layout-flow wp-block-column-is-layout-flow\">\n<h3 class=\"wp-block-heading\">Premium al por mayor Juegos de ba\u00f1o Caracter\u00edsticas:<\/h3>\n\n\n\n<ul class=\"wp-block-list\">\n<li><strong>Dise\u00f1o de jaula de p\u00e1jaros:<\/strong> Los juegos de ba\u00f1o al por mayor con forma de jaula de p\u00e1jaros tienen delicados dibujos en relieve en la superficie, que es igual de real y v\u00edvida. Tales dise\u00f1os pueden a\u00f1adir mucho gusto art\u00edstico y decorativo al cuarto de ba\u00f1o y altamente mostrar su estilo.<\/li>\n\n\n\n<li><strong>Durabilidad: <\/strong>Estos accesorios de ba\u00f1o de cer\u00e1mica a granel se fabrican con materiales cer\u00e1micos de alta calidad, por lo que son firmes, duraderos, resistentes al desgaste y a la corrosi\u00f3n, no se da\u00f1an f\u00e1cilmente con el detergente y otras sustancias en el uso diario, y sirven durante mucho tiempo.<\/li>\n\n\n\n<li><strong>Practicidad: <\/strong>Estos sets de ba\u00f1o al por mayor con dise\u00f1o de jaula de p\u00e1jaro incluyen un dispensador de jab\u00f3n l\u00edquido, un portacepillos de dientes y una jabonera, que satisfacen las necesidades de colocaci\u00f3n de los art\u00edculos de aseo diario en el cuarto de ba\u00f1o. Son totalmente funcionales y f\u00e1ciles de usar.<\/li>\n\n\n\n<li><strong>Reutilizable y f\u00e1cil de limpiar: <\/strong>Estos accesorios de ba\u00f1o de cer\u00e1mica a granel tienen una superficie lisa, no se manchan f\u00e1cilmente, no manchan el agua y son f\u00e1ciles de limpiar. Basta con pasar un pa\u00f1o h\u00famedo para mantenerlos limpios. Se pueden reutilizar despu\u00e9s de lavarlos para reducir el uso de botellas de pl\u00e1stico desechables y ser m\u00e1s ecol\u00f3gicos.<\/li>\n<\/ul>\n<\/div>\n\n\n\n<div class=\"wp-block-column is-layout-flow wp-block-column-is-layout-flow\">\n<figure class=\"wp-block-image size-full\"><img fetchpriority=\"high\" decoding=\"async\" width=\"1600\" height=\"1600\" src=\"https:\/\/jinhuaceramic.com\/wp-content\/uploads\/2025\/01\/Birdcage-Design-Wholesale-Bathroom-Sets-Custom-Made-Bathroom-Accessories-2.webp\" alt=\"Birdcage Design Mayorista Juegos de Ba\u00f1o, Accesorios de Ba\u00f1o de Cer\u00e1mica-1\" class=\"wp-image-7806\" srcset=\"https:\/\/jinhuaceramic.com\/wp-content\/uploads\/2025\/01\/Birdcage-Design-Wholesale-Bathroom-Sets-Custom-Made-Bathroom-Accessories-2.webp 1600w, https:\/\/jinhuaceramic.com\/wp-content\/uploads\/2025\/01\/Birdcage-Design-Wholesale-Bathroom-Sets-Custom-Made-Bathroom-Accessories-2-300x300.webp 300w, https:\/\/jinhuaceramic.com\/wp-content\/uploads\/2025\/01\/Birdcage-Design-Wholesale-Bathroom-Sets-Custom-Made-Bathroom-Accessories-2-150x150.webp 150w, https:\/\/jinhuaceramic.com\/wp-content\/uploads\/2025\/01\/Birdcage-Design-Wholesale-Bathroom-Sets-Custom-Made-Bathroom-Accessories-2-768x768.webp 768w, https:\/\/jinhuaceramic.com\/wp-content\/uploads\/2025\/01\/Birdcage-Design-Wholesale-Bathroom-Sets-Custom-Made-Bathroom-Accessories-2-12x12.webp 12w, https:\/\/jinhuaceramic.com\/wp-content\/uploads\/2025\/01\/Birdcage-Design-Wholesale-Bathroom-Sets-Custom-Made-Bathroom-Accessories-2-285x285.webp 285w, https:\/\/jinhuaceramic.com\/wp-content\/uploads\/2025\/01\/Birdcage-Design-Wholesale-Bathroom-Sets-Custom-Made-Bathroom-Accessories-2-270x270.webp 270w, https:\/\/jinhuaceramic.com\/wp-content\/uploads\/2025\/01\/Birdcage-Design-Wholesale-Bathroom-Sets-Custom-Made-Bathroom-Accessories-2-540x540.webp 540w, https:\/\/jinhuaceramic.com\/wp-content\/uploads\/2025\/01\/Birdcage-Design-Wholesale-Bathroom-Sets-Custom-Made-Bathroom-Accessories-2-660x660.webp 660w\" sizes=\"(max-width: 1600px) 100vw, 1600px\" \/><\/figure>\n<\/div>\n<\/div>","protected":false},"excerpt":{"rendered":"<p>Bienvenido a comprar juegos de ba\u00f1o al por mayor. Estos accesorios de ba\u00f1o de cer\u00e1mica al por mayor presentan un dise\u00f1o de jaula \u00fanico y elegante que puede realzar el estilo general de su cuarto de ba\u00f1o. Al mismo tiempo, el material cer\u00e1mico es duradero y f\u00e1cil de limpiar, combinando la belleza con la practicidad, haciendo de estos conjuntos de ba\u00f1o una necesidad para aquellos que persiguen una vida de calidad.<\/p>","protected":false},"featured_media":7814,"comment_status":"closed","ping_status":"closed","template":"","meta":{"_acf_changed":false},"product_brand":[],"product_cat":[51],"product_tag":[74],"class_list":{"0":"post-7805","1":"product","2":"type-product","3":"status-publish","4":"has-post-thumbnail","6":"product_cat-bathroom-accessories-wholesale","7":"product_tag-ceramic-bath-accessories-wholesale","9":"first","10":"instock","11":"shipping-taxable","12":"product-type-simple"},"acf":[],"_links":{"self":[{"href":"https:\/\/jinhuaceramic.com\/es\/wp-json\/wp\/v2\/product\/7805","targetHints":{"allow":["GET"]}}],"collection":[{"href":"https:\/\/jinhuaceramic.com\/es\/wp-json\/wp\/v2\/product"}],"about":[{"href":"https:\/\/jinhuaceramic.com\/es\/wp-json\/wp\/v2\/types\/product"}],"replies":[{"embeddable":true,"href":"https:\/\/jinhuaceramic.com\/es\/wp-json\/wp\/v2\/comments?post=7805"}],"version-history":[{"count":0,"href":"https:\/\/jinhuaceramic.com\/es\/wp-json\/wp\/v2\/product\/7805\/revisions"}],"wp:featuredmedia":[{"embeddable":true,"href":"https:\/\/jinhuaceramic.com\/es\/wp-json\/wp\/v2\/media\/7814"}],"wp:attachment":[{"href":"https:\/\/jinhuaceramic.com\/es\/wp-json\/wp\/v2\/media?parent=7805"}],"wp:term":[{"taxonomy":"product_brand","embeddable":true,"href":"https:\/\/jinhuaceramic.com\/es\/wp-json\/wp\/v2\/product_brand?post=7805"},{"taxonomy":"product_cat","embeddable":true,"href":"https:\/\/jinhuaceramic.com\/es\/wp-json\/wp\/v2\/product_cat?post=7805"},{"taxonomy":"product_tag","embeddable":true,"href":"https:\/\/jinhuaceramic.com\/es\/wp-json\/wp\/v2\/product_tag?post=7805"}],"curies":[{"name":"wp","href":"https:\/\/api.w.org\/{rel}","templated":true}]}}