{"id":7821,"date":"2025-01-24T06:51:32","date_gmt":"2025-01-24T06:51:32","guid":{"rendered":"https:\/\/jinhuaceramic.com\/?post_type=product&#038;p=7821"},"modified":"2025-01-24T06:51:34","modified_gmt":"2025-01-24T06:51:34","slug":"ceramic-bakeware-wholesale","status":"publish","type":"product","link":"https:\/\/jinhuaceramic.com\/es\/product\/ceramic-bakeware-wholesale\/","title":{"rendered":"Sartenes de Cer\u00e1mica Antiadherente al por mayor, Sartenes a medida"},"content":{"rendered":"<div class=\"wp-block-columns is-layout-flex wp-container-core-columns-is-layout-9d6595d7 wp-block-columns-is-layout-flex\">\n<div class=\"wp-block-column is-layout-flow wp-block-column-is-layout-flow\">\n<h3 class=\"wp-block-heading\">Premium Bakeware cer\u00e1mica al por mayor Caracter\u00edsticas:<\/h3>\n\n\n\n<ul class=\"wp-block-list\">\n<li><strong>Dise\u00f1o elegante: <\/strong>Estos utensilios de cer\u00e1mica para hornear al por mayor son de color blanco puro, vers\u00e1tiles y adecuados para todos los estilos de cocina, sencillos pero elegantes. Los bordes ondulados rompen con las convencionales l\u00edneas rectas o curvas simples, haci\u00e9ndolos m\u00e1s art\u00edsticos y \u00fanicos, a\u00f1adiendo un toque diferente a la mesa del comedor.<\/li>\n\n\n\n<li><strong>Material cer\u00e1mico de alta calidad:<\/strong> Estas bandejas para hornear a medida est\u00e1n hechas de material cer\u00e1mico de alta calidad con buena conductividad t\u00e9rmica, que puede distribuir uniformemente el calor y ayudar a que los alimentos se cocinen uniformemente para evitar que se quemen o queden poco hechos.<\/li>\n\n\n\n<li><strong>Varios tama\u00f1os: <\/strong>Estas bandejas de cer\u00e1mica para hornear personalizadas contienen 3 fuentes de diferentes tama\u00f1os, adecuadas para situaciones de horneado con diferentes requisitos de cantidad de alimentos, como raciones individuales, reuniones familiares diarias y fiestas para varias personas.<\/li>\n\n\n\n<li><strong>C\u00f3modas asas:<\/strong> Estos utensilios de cer\u00e1mica para hornear al por mayor est\u00e1n equipados con orejas dobles en ambos lados, que no s\u00f3lo son convenientes para sostener y evitar quemaduras, sino que tambi\u00e9n forman una belleza sim\u00e9trica visualmente, mejorando la coordinaci\u00f3n general y la practicidad del plato para hornear.<\/li>\n<\/ul>\n<\/div>\n\n\n\n<div class=\"wp-block-column is-layout-flow wp-block-column-is-layout-flow\">\n<figure class=\"wp-block-image size-full\"><img fetchpriority=\"high\" decoding=\"async\" width=\"1001\" height=\"1001\" src=\"https:\/\/jinhuaceramic.com\/wp-content\/uploads\/2025\/01\/Non-Stick-Custom-Bakeware-Set-Ceramic-Wholesale-Baking-Pans-Dishes.webp\" alt=\"Sartenes de Cer\u00e1mica Antiadherente al por mayor, Sartenes a medida-1\" class=\"wp-image-7827\" srcset=\"https:\/\/jinhuaceramic.com\/wp-content\/uploads\/2025\/01\/Non-Stick-Custom-Bakeware-Set-Ceramic-Wholesale-Baking-Pans-Dishes.webp 1001w, https:\/\/jinhuaceramic.com\/wp-content\/uploads\/2025\/01\/Non-Stick-Custom-Bakeware-Set-Ceramic-Wholesale-Baking-Pans-Dishes-300x300.webp 300w, https:\/\/jinhuaceramic.com\/wp-content\/uploads\/2025\/01\/Non-Stick-Custom-Bakeware-Set-Ceramic-Wholesale-Baking-Pans-Dishes-150x150.webp 150w, https:\/\/jinhuaceramic.com\/wp-content\/uploads\/2025\/01\/Non-Stick-Custom-Bakeware-Set-Ceramic-Wholesale-Baking-Pans-Dishes-768x768.webp 768w, https:\/\/jinhuaceramic.com\/wp-content\/uploads\/2025\/01\/Non-Stick-Custom-Bakeware-Set-Ceramic-Wholesale-Baking-Pans-Dishes-12x12.webp 12w, https:\/\/jinhuaceramic.com\/wp-content\/uploads\/2025\/01\/Non-Stick-Custom-Bakeware-Set-Ceramic-Wholesale-Baking-Pans-Dishes-285x285.webp 285w, https:\/\/jinhuaceramic.com\/wp-content\/uploads\/2025\/01\/Non-Stick-Custom-Bakeware-Set-Ceramic-Wholesale-Baking-Pans-Dishes-270x270.webp 270w, https:\/\/jinhuaceramic.com\/wp-content\/uploads\/2025\/01\/Non-Stick-Custom-Bakeware-Set-Ceramic-Wholesale-Baking-Pans-Dishes-540x540.webp 540w, https:\/\/jinhuaceramic.com\/wp-content\/uploads\/2025\/01\/Non-Stick-Custom-Bakeware-Set-Ceramic-Wholesale-Baking-Pans-Dishes-660x660.webp 660w\" sizes=\"(max-width: 1001px) 100vw, 1001px\" \/><\/figure>\n<\/div>\n<\/div>\n\n\n\n<p><\/p>","protected":false},"excerpt":{"rendered":"<p>Bienvenido a comprar utensilios de cer\u00e1mica para hornear al por mayor. Estas bandejas de hornear personalizadas blancas cuentan con un borde ondulado \u00fanico para una apariencia elegante y vers\u00e1til que eleva su experiencia a la hora de comer, mientras que el material cer\u00e1mico duradero y las asas convenientes hacen que estos platos para hornear de diferentes tama\u00f1os no s\u00f3lo sean hermosos, sino tambi\u00e9n pr\u00e1cticos.<\/p>","protected":false},"featured_media":7824,"comment_status":"closed","ping_status":"closed","template":"","meta":{"_acf_changed":false},"product_brand":[],"product_cat":[53],"product_tag":[71],"class_list":{"0":"post-7821","1":"product","2":"type-product","3":"status-publish","4":"has-post-thumbnail","6":"product_cat-bakeware-in-bulk","7":"product_tag-wholesale-baking-pans","9":"first","10":"instock","11":"shipping-taxable","12":"product-type-simple"},"acf":[],"_links":{"self":[{"href":"https:\/\/jinhuaceramic.com\/es\/wp-json\/wp\/v2\/product\/7821","targetHints":{"allow":["GET"]}}],"collection":[{"href":"https:\/\/jinhuaceramic.com\/es\/wp-json\/wp\/v2\/product"}],"about":[{"href":"https:\/\/jinhuaceramic.com\/es\/wp-json\/wp\/v2\/types\/product"}],"replies":[{"embeddable":true,"href":"https:\/\/jinhuaceramic.com\/es\/wp-json\/wp\/v2\/comments?post=7821"}],"version-history":[{"count":0,"href":"https:\/\/jinhuaceramic.com\/es\/wp-json\/wp\/v2\/product\/7821\/revisions"}],"wp:featuredmedia":[{"embeddable":true,"href":"https:\/\/jinhuaceramic.com\/es\/wp-json\/wp\/v2\/media\/7824"}],"wp:attachment":[{"href":"https:\/\/jinhuaceramic.com\/es\/wp-json\/wp\/v2\/media?parent=7821"}],"wp:term":[{"taxonomy":"product_brand","embeddable":true,"href":"https:\/\/jinhuaceramic.com\/es\/wp-json\/wp\/v2\/product_brand?post=7821"},{"taxonomy":"product_cat","embeddable":true,"href":"https:\/\/jinhuaceramic.com\/es\/wp-json\/wp\/v2\/product_cat?post=7821"},{"taxonomy":"product_tag","embeddable":true,"href":"https:\/\/jinhuaceramic.com\/es\/wp-json\/wp\/v2\/product_tag?post=7821"}],"curies":[{"name":"wp","href":"https:\/\/api.w.org\/{rel}","templated":true}]}}