{"id":7853,"date":"2025-02-11T02:02:28","date_gmt":"2025-02-11T02:02:28","guid":{"rendered":"https:\/\/jinhuaceramic.com\/?post_type=product&#038;p=7853"},"modified":"2025-02-11T02:02:30","modified_gmt":"2025-02-11T02:02:30","slug":"bulk-tableware","status":"publish","type":"product","link":"https:\/\/jinhuaceramic.com\/es\/product\/bulk-tableware\/","title":{"rendered":"Vajilla a Granel Azul Oscuro Mate,12 Platos y Tazones Personalizados"},"content":{"rendered":"<div class=\"wp-block-columns is-layout-flex wp-container-core-columns-is-layout-9d6595d7 wp-block-columns-is-layout-flex\">\n<div class=\"wp-block-column is-layout-flow wp-block-column-is-layout-flow\">\n<h3 class=\"wp-block-heading\">Vajilla a Granel Azul Oscuro Premium Caracter\u00edsticas:<\/h3>\n\n\n\n<ul class=\"wp-block-list\">\n<li><strong>Dise\u00f1o elegante:<\/strong> La superficie de esta vajilla a granel es de esmalte azul oscuro mate, m\u00e1s sobrio y texturado que la superficie brillante. El cuenco y el plato tienen rayas verticales claras, que aumentan el sentido tridimensional y estratificado de la vajilla, y presentan un rico efecto de luces y sombras bajo la luz.<\/li>\n\n\n\n<li><strong>Material cer\u00e1mico de alta calidad:<\/strong> Utilizando materiales cer\u00e1micos de alta calidad, la producci\u00f3n de estos platos y cuencos personalizados ha pasado por un proceso de calcinaci\u00f3n a alta temperatura, que los hace duros, de textura delicada, dif\u00edciles de romper y duraderos.<\/li>\n\n\n\n<li><strong>Varias opciones:<\/strong> Estas vajillas de cer\u00e1mica a granel vienen en diferentes tama\u00f1os de cuencos y platos, que pueden adaptarse a una gran variedad de necesidades culinarias. Los platos grandes se pueden utilizar para platos principales, los peque\u00f1os para aperitivos, bocadillos o ensaladas, y los cuencos ser\u00e1n adecuados para sopas, cereales, arroz, etc.<\/li>\n\n\n\n<li><strong>Salud y seguridad:<\/strong> Estos platos y cuencos de cer\u00e1mica personalizados son ecol\u00f3gicos y saludables, ya que no contienen sustancias t\u00f3xicas como el plomo y el cadmio, por lo que no hacen da\u00f1o al comer en ellos. El suave esmalte facilita la limpieza y no tiende a retener las manchas.<\/li>\n<\/ul>\n<\/div>\n\n\n\n<div class=\"wp-block-column is-layout-flow wp-block-column-is-layout-flow\">\n<figure class=\"wp-block-image size-full\"><img fetchpriority=\"high\" decoding=\"async\" width=\"1000\" height=\"1000\" src=\"https:\/\/jinhuaceramic.com\/wp-content\/uploads\/2025\/02\/Matte-Dark-Blue-Wholesale-Tableware-Service-For-12-Dinnerware-Set-2.webp\" alt=\"Vajilla a Granel Azul Oscuro Mate, 12 Platos y Tazones Personalizados-6\" class=\"wp-image-7854\" srcset=\"https:\/\/jinhuaceramic.com\/wp-content\/uploads\/2025\/02\/Matte-Dark-Blue-Wholesale-Tableware-Service-For-12-Dinnerware-Set-2.webp 1000w, https:\/\/jinhuaceramic.com\/wp-content\/uploads\/2025\/02\/Matte-Dark-Blue-Wholesale-Tableware-Service-For-12-Dinnerware-Set-2-300x300.webp 300w, https:\/\/jinhuaceramic.com\/wp-content\/uploads\/2025\/02\/Matte-Dark-Blue-Wholesale-Tableware-Service-For-12-Dinnerware-Set-2-150x150.webp 150w, https:\/\/jinhuaceramic.com\/wp-content\/uploads\/2025\/02\/Matte-Dark-Blue-Wholesale-Tableware-Service-For-12-Dinnerware-Set-2-768x768.webp 768w, https:\/\/jinhuaceramic.com\/wp-content\/uploads\/2025\/02\/Matte-Dark-Blue-Wholesale-Tableware-Service-For-12-Dinnerware-Set-2-12x12.webp 12w, https:\/\/jinhuaceramic.com\/wp-content\/uploads\/2025\/02\/Matte-Dark-Blue-Wholesale-Tableware-Service-For-12-Dinnerware-Set-2-285x285.webp 285w, https:\/\/jinhuaceramic.com\/wp-content\/uploads\/2025\/02\/Matte-Dark-Blue-Wholesale-Tableware-Service-For-12-Dinnerware-Set-2-270x270.webp 270w, https:\/\/jinhuaceramic.com\/wp-content\/uploads\/2025\/02\/Matte-Dark-Blue-Wholesale-Tableware-Service-For-12-Dinnerware-Set-2-540x540.webp 540w, https:\/\/jinhuaceramic.com\/wp-content\/uploads\/2025\/02\/Matte-Dark-Blue-Wholesale-Tableware-Service-For-12-Dinnerware-Set-2-660x660.webp 660w\" sizes=\"(max-width: 1000px) 100vw, 1000px\" \/><\/figure>\n<\/div>\n<\/div>\n\n\n\n<p><\/p>","protected":false},"excerpt":{"rendered":"<p>Bienvenido a comprar platos y cuencos personalizados. Estas vajillas a granel de color azul oscuro no s\u00f3lo son elegantes, sino tambi\u00e9n pr\u00e1cticas y seguras. Pueden a\u00f1adir un ambiente art\u00edstico \u00fanico a la mesa y aumentar el placer de comer. Tanto para uso personal como para regalo, son una buena elecci\u00f3n.<\/p>","protected":false},"featured_media":7858,"comment_status":"closed","ping_status":"closed","template":"","meta":{"_acf_changed":false},"product_brand":[],"product_cat":[83,54],"product_tag":[],"class_list":{"0":"post-7853","1":"product","2":"type-product","3":"status-publish","4":"has-post-thumbnail","6":"product_cat-wholesale-dinnerware-sets","7":"product_cat-tableware-wholesale","9":"first","10":"instock","11":"shipping-taxable","12":"product-type-simple"},"acf":[],"_links":{"self":[{"href":"https:\/\/jinhuaceramic.com\/es\/wp-json\/wp\/v2\/product\/7853","targetHints":{"allow":["GET"]}}],"collection":[{"href":"https:\/\/jinhuaceramic.com\/es\/wp-json\/wp\/v2\/product"}],"about":[{"href":"https:\/\/jinhuaceramic.com\/es\/wp-json\/wp\/v2\/types\/product"}],"replies":[{"embeddable":true,"href":"https:\/\/jinhuaceramic.com\/es\/wp-json\/wp\/v2\/comments?post=7853"}],"version-history":[{"count":0,"href":"https:\/\/jinhuaceramic.com\/es\/wp-json\/wp\/v2\/product\/7853\/revisions"}],"wp:featuredmedia":[{"embeddable":true,"href":"https:\/\/jinhuaceramic.com\/es\/wp-json\/wp\/v2\/media\/7858"}],"wp:attachment":[{"href":"https:\/\/jinhuaceramic.com\/es\/wp-json\/wp\/v2\/media?parent=7853"}],"wp:term":[{"taxonomy":"product_brand","embeddable":true,"href":"https:\/\/jinhuaceramic.com\/es\/wp-json\/wp\/v2\/product_brand?post=7853"},{"taxonomy":"product_cat","embeddable":true,"href":"https:\/\/jinhuaceramic.com\/es\/wp-json\/wp\/v2\/product_cat?post=7853"},{"taxonomy":"product_tag","embeddable":true,"href":"https:\/\/jinhuaceramic.com\/es\/wp-json\/wp\/v2\/product_tag?post=7853"}],"curies":[{"name":"wp","href":"https:\/\/api.w.org\/{rel}","templated":true}]}}