{"id":7862,"date":"2025-02-11T01:30:49","date_gmt":"2025-02-11T01:30:49","guid":{"rendered":"https:\/\/jinhuaceramic.com\/?post_type=product&#038;p=7862"},"modified":"2025-02-11T01:30:51","modified_gmt":"2025-02-11T01:30:51","slug":"bulk-plates-and-bowls","status":"publish","type":"product","link":"https:\/\/jinhuaceramic.com\/es\/product\/bulk-plates-and-bowls\/","title":{"rendered":"Platos y Cuencos de Lujo Negro Mate a Granel, Vajilla a Medida"},"content":{"rendered":"<div class=\"wp-block-columns is-layout-flex wp-container-core-columns-is-layout-9d6595d7 wp-block-columns-is-layout-flex\">\n<div class=\"wp-block-column is-layout-flow wp-block-column-is-layout-flow\">\n<h3 class=\"wp-block-heading\">Platos y cuencos premium a granel Caracter\u00edsticas:<\/h3>\n\n\n\n<ul class=\"wp-block-list\">\n<li><strong>Estilo retro:<\/strong> Estos platos y cuencos de cer\u00e1mica a granel se fabrican utilizando tecnolog\u00eda de cambio de horno, que confiere al esmalte de la porcelana una textura \u00fanica, mostrando un rastro de a\u00f1os de bautismo y creando una fuerte atm\u00f3sfera retro. Este estilo es a la vez elegante e hist\u00f3rico, y a\u00f1ade un encanto \u00fanico a la mesa del comedor.<\/li>\n\n\n\n<li><strong>Combinaci\u00f3n de colores \u00fanica:<\/strong> Esta vajilla a medida es una combinaci\u00f3n de gris oscuro y gris claro. La superficie exterior en gris oscuro es tranquila y digna, mientras que la interior en gris claro es suave y sobria. La combinaci\u00f3n de ambos colores es a la vez estratificada y armoniosa.<\/li>\n\n\n\n<li><strong>Material cer\u00e1mico de alta calidad:<\/strong> Estos platos y cuencos a granel de material cer\u00e1mico de alta calidad se cuecen a altas temperaturas, de ah\u00ed su dureza, que es resistente al desgaste y soporta altas temperaturas.<\/li>\n\n\n\n<li><strong>Combinaciones diversas: <\/strong>Estas vajillas a medida est\u00e1n disponibles en diversos tama\u00f1os y formas, y pueden combinarse libremente seg\u00fan las necesidades reales. Tanto si se trata de una cena familiar como de una copa con los amigos, puede satisfacerse f\u00e1cilmente.<\/li>\n<\/ul>\n<\/div>\n\n\n\n<div class=\"wp-block-column is-layout-flow wp-block-column-is-layout-flow\">\n<figure class=\"wp-block-image size-full\"><img fetchpriority=\"high\" decoding=\"async\" width=\"1500\" height=\"1500\" src=\"https:\/\/jinhuaceramic.com\/wp-content\/uploads\/2025\/02\/Gray-Wholesale-Tableware-Custom-Dinnerware-Services-Ceramic-Bowl-And-Plate-7.webp\" alt=\"Platos y Cuencos de Lujo Negro Mate a Granel, Vajilla a Medida-1\" class=\"wp-image-7868\" srcset=\"https:\/\/jinhuaceramic.com\/wp-content\/uploads\/2025\/02\/Gray-Wholesale-Tableware-Custom-Dinnerware-Services-Ceramic-Bowl-And-Plate-7.webp 1500w, https:\/\/jinhuaceramic.com\/wp-content\/uploads\/2025\/02\/Gray-Wholesale-Tableware-Custom-Dinnerware-Services-Ceramic-Bowl-And-Plate-7-300x300.webp 300w, https:\/\/jinhuaceramic.com\/wp-content\/uploads\/2025\/02\/Gray-Wholesale-Tableware-Custom-Dinnerware-Services-Ceramic-Bowl-And-Plate-7-150x150.webp 150w, https:\/\/jinhuaceramic.com\/wp-content\/uploads\/2025\/02\/Gray-Wholesale-Tableware-Custom-Dinnerware-Services-Ceramic-Bowl-And-Plate-7-768x768.webp 768w, https:\/\/jinhuaceramic.com\/wp-content\/uploads\/2025\/02\/Gray-Wholesale-Tableware-Custom-Dinnerware-Services-Ceramic-Bowl-And-Plate-7-12x12.webp 12w, https:\/\/jinhuaceramic.com\/wp-content\/uploads\/2025\/02\/Gray-Wholesale-Tableware-Custom-Dinnerware-Services-Ceramic-Bowl-And-Plate-7-285x285.webp 285w, https:\/\/jinhuaceramic.com\/wp-content\/uploads\/2025\/02\/Gray-Wholesale-Tableware-Custom-Dinnerware-Services-Ceramic-Bowl-And-Plate-7-270x270.webp 270w, https:\/\/jinhuaceramic.com\/wp-content\/uploads\/2025\/02\/Gray-Wholesale-Tableware-Custom-Dinnerware-Services-Ceramic-Bowl-And-Plate-7-540x540.webp 540w, https:\/\/jinhuaceramic.com\/wp-content\/uploads\/2025\/02\/Gray-Wholesale-Tableware-Custom-Dinnerware-Services-Ceramic-Bowl-And-Plate-7-660x660.webp 660w\" sizes=\"(max-width: 1500px) 100vw, 1500px\" \/><\/figure>\n<\/div>\n<\/div>\n\n\n\n<p><\/p>","protected":false},"excerpt":{"rendered":"<p>Bienvenido a comprar vajilla a medida. Estos platos y cuencos a granel combinan a la perfecci\u00f3n el estilo retro, la combinaci\u00f3n \u00fanica de colores, los materiales cer\u00e1micos de alta calidad y varios tama\u00f1os, por lo que no s\u00f3lo pueden satisfacer las necesidades de las comidas diarias, sino tambi\u00e9n mejorar el placer de comer. Es la mejor elecci\u00f3n para las personas que persiguen una vida de calidad.<\/p>","protected":false},"featured_media":7863,"comment_status":"closed","ping_status":"closed","template":"","meta":{"_acf_changed":false},"product_brand":[],"product_cat":[83,54],"product_tag":[],"class_list":{"0":"post-7862","1":"product","2":"type-product","3":"status-publish","4":"has-post-thumbnail","6":"product_cat-wholesale-dinnerware-sets","7":"product_cat-tableware-wholesale","9":"first","10":"instock","11":"shipping-taxable","12":"product-type-simple"},"acf":[],"_links":{"self":[{"href":"https:\/\/jinhuaceramic.com\/es\/wp-json\/wp\/v2\/product\/7862","targetHints":{"allow":["GET"]}}],"collection":[{"href":"https:\/\/jinhuaceramic.com\/es\/wp-json\/wp\/v2\/product"}],"about":[{"href":"https:\/\/jinhuaceramic.com\/es\/wp-json\/wp\/v2\/types\/product"}],"replies":[{"embeddable":true,"href":"https:\/\/jinhuaceramic.com\/es\/wp-json\/wp\/v2\/comments?post=7862"}],"version-history":[{"count":0,"href":"https:\/\/jinhuaceramic.com\/es\/wp-json\/wp\/v2\/product\/7862\/revisions"}],"wp:featuredmedia":[{"embeddable":true,"href":"https:\/\/jinhuaceramic.com\/es\/wp-json\/wp\/v2\/media\/7863"}],"wp:attachment":[{"href":"https:\/\/jinhuaceramic.com\/es\/wp-json\/wp\/v2\/media?parent=7862"}],"wp:term":[{"taxonomy":"product_brand","embeddable":true,"href":"https:\/\/jinhuaceramic.com\/es\/wp-json\/wp\/v2\/product_brand?post=7862"},{"taxonomy":"product_cat","embeddable":true,"href":"https:\/\/jinhuaceramic.com\/es\/wp-json\/wp\/v2\/product_cat?post=7862"},{"taxonomy":"product_tag","embeddable":true,"href":"https:\/\/jinhuaceramic.com\/es\/wp-json\/wp\/v2\/product_tag?post=7862"}],"curies":[{"name":"wp","href":"https:\/\/api.w.org\/{rel}","templated":true}]}}