{"id":7894,"date":"2025-02-15T03:19:27","date_gmt":"2025-02-15T03:19:27","guid":{"rendered":"https:\/\/jinhuaceramic.com\/?post_type=product&#038;p=7894"},"modified":"2025-02-15T03:19:28","modified_gmt":"2025-02-15T03:19:28","slug":"custom-ceramic-plates","status":"publish","type":"product","link":"https:\/\/jinhuaceramic.com\/es\/product\/custom-ceramic-plates\/","title":{"rendered":"Platos de cer\u00e1mica personalizados de alta gama, Platos de cer\u00e1mica blanca al por mayor"},"content":{"rendered":"<div class=\"wp-block-columns is-layout-flex wp-container-core-columns-is-layout-9d6595d7 wp-block-columns-is-layout-flex\">\n<div class=\"wp-block-column is-layout-flow wp-block-column-is-layout-flow\">\n<h3 class=\"wp-block-heading\">Placas cer\u00e1micas personalizadas de alta gama y calidad superior Caracter\u00edsticas:<\/h3>\n\n\n\n<ul class=\"wp-block-list\">\n<li><strong>Dise\u00f1o elegante: <\/strong>La elegancia del dise\u00f1o de estos platos de cer\u00e1mica blanca al por mayor reside en su sencillez. La forma redonda tradicional se ve realzada por un original patr\u00f3n en espiral grabado en la superficie del plato, junto con puntos negros en el esmalte. De este modo, se eleva el aspecto mon\u00f3tono de los platos normales.<\/li>\n\n\n\n<li><strong>Varios colores:<\/strong> Estas placas cer\u00e1micas personalizadas est\u00e1n disponibles en numerosos colores, que van desde el beige liso c\u00e1lido hasta el azul natural y fresco. Los clientes tienen la libertad de elegir y seleccionar seg\u00fan sus preferencias. Nosotros, como fabricantes, tambi\u00e9n podemos ofrecer otros colores en funci\u00f3n de los pedidos.<\/li>\n\n\n\n<li><strong>Material cer\u00e1mico de alta calidad:<\/strong> Estas placas cer\u00e1micas personalizadas se fabrican con material cer\u00e1mico de primera calidad sin rastro de plomo ni cadmio, lo que las hace seguras.<\/li>\n\n\n\n<li><strong>Gran sentido pr\u00e1ctico:<\/strong> Estos platos de cer\u00e1mica blanca al por mayor son excepcionalmente pr\u00e1cticos y su tama\u00f1o de 26,7 cm se adapta a diversos platos y alimentos b\u00e1sicos. La vajilla de cer\u00e1mica es excelente para soportar el calor y es apta para su uso en hornos microondas y freidoras sin aceite.<\/li>\n<\/ul>\n<\/div>\n\n\n\n<div class=\"wp-block-column is-layout-flow wp-block-column-is-layout-flow\">\n<figure class=\"wp-block-image size-full\"><img fetchpriority=\"high\" decoding=\"async\" width=\"800\" height=\"800\" src=\"https:\/\/jinhuaceramic.com\/wp-content\/uploads\/2025\/02\/High-End-Custom-Ceramic-Plates-Wholesale-Bulk-Restaurant-Dinner-Dishes-2.webp\" alt=\"Platos de Cer\u00e1mica Personalizados de Alta Gama, Platos de Cer\u00e1mica Blanca al por Mayor-1\" class=\"wp-image-7895\" srcset=\"https:\/\/jinhuaceramic.com\/wp-content\/uploads\/2025\/02\/High-End-Custom-Ceramic-Plates-Wholesale-Bulk-Restaurant-Dinner-Dishes-2.webp 800w, https:\/\/jinhuaceramic.com\/wp-content\/uploads\/2025\/02\/High-End-Custom-Ceramic-Plates-Wholesale-Bulk-Restaurant-Dinner-Dishes-2-300x300.webp 300w, https:\/\/jinhuaceramic.com\/wp-content\/uploads\/2025\/02\/High-End-Custom-Ceramic-Plates-Wholesale-Bulk-Restaurant-Dinner-Dishes-2-150x150.webp 150w, https:\/\/jinhuaceramic.com\/wp-content\/uploads\/2025\/02\/High-End-Custom-Ceramic-Plates-Wholesale-Bulk-Restaurant-Dinner-Dishes-2-768x768.webp 768w, https:\/\/jinhuaceramic.com\/wp-content\/uploads\/2025\/02\/High-End-Custom-Ceramic-Plates-Wholesale-Bulk-Restaurant-Dinner-Dishes-2-12x12.webp 12w, https:\/\/jinhuaceramic.com\/wp-content\/uploads\/2025\/02\/High-End-Custom-Ceramic-Plates-Wholesale-Bulk-Restaurant-Dinner-Dishes-2-285x285.webp 285w, https:\/\/jinhuaceramic.com\/wp-content\/uploads\/2025\/02\/High-End-Custom-Ceramic-Plates-Wholesale-Bulk-Restaurant-Dinner-Dishes-2-270x270.webp 270w, https:\/\/jinhuaceramic.com\/wp-content\/uploads\/2025\/02\/High-End-Custom-Ceramic-Plates-Wholesale-Bulk-Restaurant-Dinner-Dishes-2-540x540.webp 540w, https:\/\/jinhuaceramic.com\/wp-content\/uploads\/2025\/02\/High-End-Custom-Ceramic-Plates-Wholesale-Bulk-Restaurant-Dinner-Dishes-2-660x660.webp 660w\" sizes=\"(max-width: 800px) 100vw, 800px\" \/><\/figure>\n<\/div>\n<\/div>\n\n\n\n<p><\/p>","protected":false},"excerpt":{"rendered":"<p>Bienvenido a la compra de platos de cer\u00e1mica personalizados. Estos platos de cer\u00e1mica blanca al por mayor son una excelente opci\u00f3n para las mesas de comedor familiares modernas, gracias a su aspecto moderno y acogedor, su resistente estructura de cer\u00e1mica y su gran utilidad. Tanto para comer a diario como para cenar con amigos y familiares, aportan belleza y calidez.<\/p>","protected":false},"featured_media":7896,"comment_status":"closed","ping_status":"closed","template":"","meta":{"_acf_changed":false},"product_brand":[],"product_cat":[54,84],"product_tag":[],"class_list":{"0":"post-7894","1":"product","2":"type-product","3":"status-publish","4":"has-post-thumbnail","6":"product_cat-tableware-wholesale","7":"product_cat-wholesale-ceramic-plates","9":"first","10":"instock","11":"shipping-taxable","12":"product-type-simple"},"acf":[],"_links":{"self":[{"href":"https:\/\/jinhuaceramic.com\/es\/wp-json\/wp\/v2\/product\/7894","targetHints":{"allow":["GET"]}}],"collection":[{"href":"https:\/\/jinhuaceramic.com\/es\/wp-json\/wp\/v2\/product"}],"about":[{"href":"https:\/\/jinhuaceramic.com\/es\/wp-json\/wp\/v2\/types\/product"}],"replies":[{"embeddable":true,"href":"https:\/\/jinhuaceramic.com\/es\/wp-json\/wp\/v2\/comments?post=7894"}],"version-history":[{"count":0,"href":"https:\/\/jinhuaceramic.com\/es\/wp-json\/wp\/v2\/product\/7894\/revisions"}],"wp:featuredmedia":[{"embeddable":true,"href":"https:\/\/jinhuaceramic.com\/es\/wp-json\/wp\/v2\/media\/7896"}],"wp:attachment":[{"href":"https:\/\/jinhuaceramic.com\/es\/wp-json\/wp\/v2\/media?parent=7894"}],"wp:term":[{"taxonomy":"product_brand","embeddable":true,"href":"https:\/\/jinhuaceramic.com\/es\/wp-json\/wp\/v2\/product_brand?post=7894"},{"taxonomy":"product_cat","embeddable":true,"href":"https:\/\/jinhuaceramic.com\/es\/wp-json\/wp\/v2\/product_cat?post=7894"},{"taxonomy":"product_tag","embeddable":true,"href":"https:\/\/jinhuaceramic.com\/es\/wp-json\/wp\/v2\/product_tag?post=7894"}],"curies":[{"name":"wp","href":"https:\/\/api.w.org\/{rel}","templated":true}]}}