{"id":7902,"date":"2025-02-15T03:24:40","date_gmt":"2025-02-15T03:24:40","guid":{"rendered":"https:\/\/jinhuaceramic.com\/?post_type=product&#038;p=7902"},"modified":"2025-02-28T07:39:18","modified_gmt":"2025-02-28T07:39:18","slug":"unique-candle-jars-wholesale","status":"publish","type":"product","link":"https:\/\/jinhuaceramic.com\/es\/product\/unique-candle-jars-wholesale\/","title":{"rendered":"Tarros para velas Gradient Unique al por mayor,Recipientes para velas personalizados"},"content":{"rendered":"<div class=\"wp-block-columns is-layout-flex wp-container-core-columns-is-layout-9d6595d7 wp-block-columns-is-layout-flex\">\n<div class=\"wp-block-column is-layout-flow wp-block-column-is-layout-flow\">\n<h3 class=\"wp-block-heading\">Premium Gradiente \u00danico Tarros de Vela al por mayor Caracter\u00edsticas:<\/h3>\n\n\n\n<ul class=\"wp-block-list\">\n<li><strong>Colores degradados \u00fanicos: <\/strong>Estos recipientes personalizados para velas est\u00e1n disponibles en todo tipo de colores, como azul, verde, rosa y beige, y cada color tiene un aspecto degradado de oscuro a claro, que resulta muy suave y reconfortante a la vista. Los colores degradados permiten que los tarros para velas brillen m\u00e1s y evitan los colores apagados, lo cual es una gran ventaja.<\/li>\n\n\n\n<li><strong>Textura geom\u00e9trica:<\/strong> Los exclusivos tarros para velas al por mayor se fabrican normalmente con dos partes superficiales que tienen rayas verticales c\u00f3ncavas y rayas verticales convexas, lo que mejora el atractivo est\u00e9tico y la experiencia t\u00e1ctil, a la vez que cumple una funci\u00f3n antideslizante.<\/li>\n\n\n\n<li><strong>Material cer\u00e1mico de alta calidad:<\/strong> La superficie lisa y delicada de buen brillo permite que los marcos de los recipientes personalizados para velas sean de cer\u00e1mica de alta calidad. El material cer\u00e1mico es seguro, resistente al calor y no se agrieta, lo que evita quemaduras cuando se utilizan las velas.<\/li>\n\n\n\n<li><strong>Respetuoso con el medio ambiente:<\/strong> Estos exclusivos tarros de velas al por mayor son reciclables, de acuerdo con las modernas ideas ecol\u00f3gicas de preservaci\u00f3n del medio ambiente. Una vez consumidas las velas, los tarros pueden utilizarse para almacenar o decorar y seguir aprovechando su valor.<\/li>\n<\/ul>\n<\/div>\n\n\n\n<div class=\"wp-block-column is-layout-flow wp-block-column-is-layout-flow\">\n<figure class=\"wp-block-image size-full\"><img fetchpriority=\"high\" decoding=\"async\" width=\"800\" height=\"800\" src=\"https:\/\/jinhuaceramic.com\/wp-content\/uploads\/2025\/02\/Gradient-Unique-Candle-Jars-Wholesale-Ceramic-Candle-Containers-Bulk.webp\" alt=\"Tarros para velas al por mayor,Recipientes para velas personalizados-1\" class=\"wp-image-7909\" srcset=\"https:\/\/jinhuaceramic.com\/wp-content\/uploads\/2025\/02\/Gradient-Unique-Candle-Jars-Wholesale-Ceramic-Candle-Containers-Bulk.webp 800w, https:\/\/jinhuaceramic.com\/wp-content\/uploads\/2025\/02\/Gradient-Unique-Candle-Jars-Wholesale-Ceramic-Candle-Containers-Bulk-300x300.webp 300w, https:\/\/jinhuaceramic.com\/wp-content\/uploads\/2025\/02\/Gradient-Unique-Candle-Jars-Wholesale-Ceramic-Candle-Containers-Bulk-150x150.webp 150w, https:\/\/jinhuaceramic.com\/wp-content\/uploads\/2025\/02\/Gradient-Unique-Candle-Jars-Wholesale-Ceramic-Candle-Containers-Bulk-768x768.webp 768w, https:\/\/jinhuaceramic.com\/wp-content\/uploads\/2025\/02\/Gradient-Unique-Candle-Jars-Wholesale-Ceramic-Candle-Containers-Bulk-12x12.webp 12w, https:\/\/jinhuaceramic.com\/wp-content\/uploads\/2025\/02\/Gradient-Unique-Candle-Jars-Wholesale-Ceramic-Candle-Containers-Bulk-285x285.webp 285w, https:\/\/jinhuaceramic.com\/wp-content\/uploads\/2025\/02\/Gradient-Unique-Candle-Jars-Wholesale-Ceramic-Candle-Containers-Bulk-270x270.webp 270w, https:\/\/jinhuaceramic.com\/wp-content\/uploads\/2025\/02\/Gradient-Unique-Candle-Jars-Wholesale-Ceramic-Candle-Containers-Bulk-540x540.webp 540w, https:\/\/jinhuaceramic.com\/wp-content\/uploads\/2025\/02\/Gradient-Unique-Candle-Jars-Wholesale-Ceramic-Candle-Containers-Bulk-660x660.webp 660w\" sizes=\"(max-width: 800px) 100vw, 800px\" \/><\/figure>\n<\/div>\n<\/div>","protected":false},"excerpt":{"rendered":"<p>Le damos la bienvenida a la compra de recipientes para velas personalizados. Estos exclusivos tarros para velas al por mayor muestran una belleza sencilla, moderna y a la moda a trav\u00e9s de dise\u00f1os \u00fanicos de gradiente de color, textura geom\u00e9trica, brillo del material, etc. Tanto si se utilizan como decoraci\u00f3n del hogar o como productos de aromaterapia, pueden a\u00f1adir calidez y sentimiento a la vida.<\/p>","protected":false},"featured_media":7906,"comment_status":"closed","ping_status":"closed","template":"","meta":{"_acf_changed":false},"product_brand":[],"product_cat":[52],"product_tag":[66],"class_list":{"0":"post-7902","1":"product","2":"type-product","3":"status-publish","4":"has-post-thumbnail","6":"product_cat-wholesale-candle-containers","7":"product_tag-candle-jars-wholesale","9":"first","10":"instock","11":"shipping-taxable","12":"product-type-simple"},"acf":[],"_links":{"self":[{"href":"https:\/\/jinhuaceramic.com\/es\/wp-json\/wp\/v2\/product\/7902","targetHints":{"allow":["GET"]}}],"collection":[{"href":"https:\/\/jinhuaceramic.com\/es\/wp-json\/wp\/v2\/product"}],"about":[{"href":"https:\/\/jinhuaceramic.com\/es\/wp-json\/wp\/v2\/types\/product"}],"replies":[{"embeddable":true,"href":"https:\/\/jinhuaceramic.com\/es\/wp-json\/wp\/v2\/comments?post=7902"}],"version-history":[{"count":0,"href":"https:\/\/jinhuaceramic.com\/es\/wp-json\/wp\/v2\/product\/7902\/revisions"}],"wp:featuredmedia":[{"embeddable":true,"href":"https:\/\/jinhuaceramic.com\/es\/wp-json\/wp\/v2\/media\/7906"}],"wp:attachment":[{"href":"https:\/\/jinhuaceramic.com\/es\/wp-json\/wp\/v2\/media?parent=7902"}],"wp:term":[{"taxonomy":"product_brand","embeddable":true,"href":"https:\/\/jinhuaceramic.com\/es\/wp-json\/wp\/v2\/product_brand?post=7902"},{"taxonomy":"product_cat","embeddable":true,"href":"https:\/\/jinhuaceramic.com\/es\/wp-json\/wp\/v2\/product_cat?post=7902"},{"taxonomy":"product_tag","embeddable":true,"href":"https:\/\/jinhuaceramic.com\/es\/wp-json\/wp\/v2\/product_tag?post=7902"}],"curies":[{"name":"wp","href":"https:\/\/api.w.org\/{rel}","templated":true}]}}