{"id":7921,"date":"2025-02-18T03:59:50","date_gmt":"2025-02-18T03:59:50","guid":{"rendered":"https:\/\/jinhuaceramic.com\/?post_type=product&#038;p=7921"},"modified":"2025-02-18T03:59:52","modified_gmt":"2025-02-18T03:59:52","slug":"wholesale-dishware","status":"publish","type":"product","link":"https:\/\/jinhuaceramic.com\/es\/product\/wholesale-dishware\/","title":{"rendered":"Mayorista Vajilla Para 6, Platos y Tazones Personalizados"},"content":{"rendered":"<div class=\"wp-block-columns is-layout-flex wp-container-core-columns-is-layout-9d6595d7 wp-block-columns-is-layout-flex\">\n<div class=\"wp-block-column is-layout-flow wp-block-column-is-layout-flow\">\n<h3 class=\"wp-block-heading\">Vajilla al por mayor de primera calidad Caracter\u00edsticas:<\/h3>\n\n\n\n<ul class=\"wp-block-list\">\n<li><strong>Dise\u00f1o elegante:<\/strong> Estos platos y cuencos personalizados son principalmente de color blanco puro, y tienen bordes y asas de taza azules. Tienen un aspecto generalmente nuevo y sin adornos, y la apariencia uniforme puede contribuir a la sensaci\u00f3n de ritual del consumo de alimentos.<\/li>\n\n\n\n<li><strong>Material cer\u00e1mico de alta calidad:<\/strong> Estas vajillas al por mayor est\u00e1n fabricadas con material cer\u00e1mico de alta calidad, sin sustancias nocivas como el plomo y el cadmio, y son seguras de usar. El material cer\u00e1mico es duro y resistente al desgaste, no es f\u00e1cil de rayar ni romper, y es duradero.<\/li>\n\n\n\n<li><strong>Practicidad<\/strong>: Se trata de vajilla al por mayor e incluye dos platos de diferentes tama\u00f1os, cuencos y tazas. Los platos son adecuados para contener una amplia variedad de platos diferentes, los cuencos son adecuados para contener cereales, sopa o arroz, y las tazas con asa son f\u00e1ciles de llevar y adecuadas para contener bebidas, satisfaciendo la necesidad de la comida diaria.<\/li>\n\n\n\n<li><strong>El regalo perfecto: <\/strong>Estos platos y cuencos personalizados de alta gama tienen una buena textura y un aspecto exquisito, y son perfectos como regalo, por ejemplo, de boda o de inauguraci\u00f3n, etc.<\/li>\n<\/ul>\n<\/div>\n\n\n\n<div class=\"wp-block-column is-layout-flow wp-block-column-is-layout-flow\">\n<figure class=\"wp-block-image size-full\"><img fetchpriority=\"high\" decoding=\"async\" width=\"1353\" height=\"1353\" src=\"https:\/\/jinhuaceramic.com\/wp-content\/uploads\/2025\/02\/Custom-Tableware-Set-Wholesale-Dinner-Services-For-6-Dinnerware-Set-5.webp\" alt=\"\" class=\"wp-image-7925\" srcset=\"https:\/\/jinhuaceramic.com\/wp-content\/uploads\/2025\/02\/Custom-Tableware-Set-Wholesale-Dinner-Services-For-6-Dinnerware-Set-5.webp 1353w, https:\/\/jinhuaceramic.com\/wp-content\/uploads\/2025\/02\/Custom-Tableware-Set-Wholesale-Dinner-Services-For-6-Dinnerware-Set-5-300x300.webp 300w, https:\/\/jinhuaceramic.com\/wp-content\/uploads\/2025\/02\/Custom-Tableware-Set-Wholesale-Dinner-Services-For-6-Dinnerware-Set-5-150x150.webp 150w, https:\/\/jinhuaceramic.com\/wp-content\/uploads\/2025\/02\/Custom-Tableware-Set-Wholesale-Dinner-Services-For-6-Dinnerware-Set-5-768x768.webp 768w, https:\/\/jinhuaceramic.com\/wp-content\/uploads\/2025\/02\/Custom-Tableware-Set-Wholesale-Dinner-Services-For-6-Dinnerware-Set-5-12x12.webp 12w, https:\/\/jinhuaceramic.com\/wp-content\/uploads\/2025\/02\/Custom-Tableware-Set-Wholesale-Dinner-Services-For-6-Dinnerware-Set-5-285x285.webp 285w, https:\/\/jinhuaceramic.com\/wp-content\/uploads\/2025\/02\/Custom-Tableware-Set-Wholesale-Dinner-Services-For-6-Dinnerware-Set-5-270x270.webp 270w, https:\/\/jinhuaceramic.com\/wp-content\/uploads\/2025\/02\/Custom-Tableware-Set-Wholesale-Dinner-Services-For-6-Dinnerware-Set-5-540x540.webp 540w, https:\/\/jinhuaceramic.com\/wp-content\/uploads\/2025\/02\/Custom-Tableware-Set-Wholesale-Dinner-Services-For-6-Dinnerware-Set-5-660x660.webp 660w\" sizes=\"(max-width: 1353px) 100vw, 1353px\" \/><\/figure>\n<\/div>\n<\/div>\n\n\n\n<p><\/p>","protected":false},"excerpt":{"rendered":"<p>Bienvenido a comprar nuestros platos y cuencos personalizados. Estas vajillas al por mayor son populares entre los consumidores por su dise\u00f1o moderno y elegante y sus caracter\u00edsticas seguras y pr\u00e1cticas. Estas vajillas personalizadas son adecuadas para diversas ocasiones, ya sea una cena familiar o una fiesta con amigos, pueden satisfacer sus necesidades. Ya sea para uso propio o como regalo, es una buena elecci\u00f3n.<\/p>","protected":false},"featured_media":7928,"comment_status":"closed","ping_status":"closed","template":"","meta":{"_acf_changed":false},"product_brand":[],"product_cat":[83,54],"product_tag":[],"class_list":{"0":"post-7921","1":"product","2":"type-product","3":"status-publish","4":"has-post-thumbnail","6":"product_cat-wholesale-dinnerware-sets","7":"product_cat-tableware-wholesale","9":"first","10":"instock","11":"shipping-taxable","12":"product-type-simple"},"acf":[],"_links":{"self":[{"href":"https:\/\/jinhuaceramic.com\/es\/wp-json\/wp\/v2\/product\/7921","targetHints":{"allow":["GET"]}}],"collection":[{"href":"https:\/\/jinhuaceramic.com\/es\/wp-json\/wp\/v2\/product"}],"about":[{"href":"https:\/\/jinhuaceramic.com\/es\/wp-json\/wp\/v2\/types\/product"}],"replies":[{"embeddable":true,"href":"https:\/\/jinhuaceramic.com\/es\/wp-json\/wp\/v2\/comments?post=7921"}],"version-history":[{"count":0,"href":"https:\/\/jinhuaceramic.com\/es\/wp-json\/wp\/v2\/product\/7921\/revisions"}],"wp:featuredmedia":[{"embeddable":true,"href":"https:\/\/jinhuaceramic.com\/es\/wp-json\/wp\/v2\/media\/7928"}],"wp:attachment":[{"href":"https:\/\/jinhuaceramic.com\/es\/wp-json\/wp\/v2\/media?parent=7921"}],"wp:term":[{"taxonomy":"product_brand","embeddable":true,"href":"https:\/\/jinhuaceramic.com\/es\/wp-json\/wp\/v2\/product_brand?post=7921"},{"taxonomy":"product_cat","embeddable":true,"href":"https:\/\/jinhuaceramic.com\/es\/wp-json\/wp\/v2\/product_cat?post=7921"},{"taxonomy":"product_tag","embeddable":true,"href":"https:\/\/jinhuaceramic.com\/es\/wp-json\/wp\/v2\/product_tag?post=7921"}],"curies":[{"name":"wp","href":"https:\/\/api.w.org\/{rel}","templated":true}]}}