{"id":7938,"date":"2025-02-20T07:43:42","date_gmt":"2025-02-20T07:43:42","guid":{"rendered":"https:\/\/jinhuaceramic.com\/?post_type=product&#038;p=7938"},"modified":"2025-02-22T01:29:15","modified_gmt":"2025-02-22T01:29:15","slug":"dinnerware-wholesale","status":"publish","type":"product","link":"https:\/\/jinhuaceramic.com\/es\/product\/dinnerware-wholesale\/","title":{"rendered":"Vajilla de Cer\u00e1mica R\u00fastica al por Mayor, Vajilla Personalizada"},"content":{"rendered":"<div class=\"wp-block-columns is-layout-flex wp-container-core-columns-is-layout-9d6595d7 wp-block-columns-is-layout-flex\">\n<div class=\"wp-block-column is-layout-flow wp-block-column-is-layout-flow\">\n<h3 class=\"wp-block-heading\">Vajilla Premium al por mayor Caracter\u00edsticas:<\/h3>\n\n\n\n<ul class=\"wp-block-list\">\n<li><strong>Dise\u00f1o elegante:<\/strong> La vajilla de cer\u00e1mica al por mayor es sencilla y elegante en su forma, con el blanco como color principal y los bordes marrones, cl\u00e1sica y hermosa, que puede coordinar con la mayor\u00eda de los estilos de decoraci\u00f3n del hogar y ocasiones de comer. Las motas en el esmalte de cer\u00e1mica a\u00f1aden una sensaci\u00f3n de rural, apareciendo natural y lujoso.<\/li>\n\n\n\n<li><strong>Seguridad de los materiales: <\/strong>La vajilla personalizada no t\u00f3xica est\u00e1 hecha de arcilla cer\u00e1mica de alta temperatura. Por lo tanto, puede soportar temperaturas extremas y mantener los alimentos a alta temperatura. Son no t\u00f3xicos y seguros, sin productos qu\u00edmicos nocivos, y m\u00e1s seguros de usar.<\/li>\n\n\n\n<li><strong>Amplia aplicabilidad: <\/strong>Esta vajilla de cer\u00e1mica al por mayor contiene platos, cuencos y otros de los mismos tipos b\u00e1sicos de vajilla utilizados para servir arroz, platos, sopa, etc. Este art\u00edculo satisfar\u00e1 las necesidades b\u00e1sicas de cualquier comida y es aplicable a todas las ocasiones, desde celebrar una cena familiar hasta recibir invitados.<\/li>\n\n\n\n<li><strong>F\u00e1cil de limpiar: <\/strong>La vajilla personalizada tiene un acabado denso y liso, y los restos de comida y aceite no se adhieren a ella, por lo que es f\u00e1cil de limpiar y puede utilizarse para ahorrar tiempo en la limpieza.<\/li>\n<\/ul>\n<\/div>\n\n\n\n<div class=\"wp-block-column is-layout-flow wp-block-column-is-layout-flow\">\n<figure class=\"wp-block-image size-full\"><img fetchpriority=\"high\" decoding=\"async\" width=\"2000\" height=\"2000\" src=\"https:\/\/jinhuaceramic.com\/wp-content\/uploads\/2025\/02\/Rustic-Wholesale-Dinnerware-Set-Dinner-Services-Custom-Tableware-2.webp\" alt=\"Vajilla de Cer\u00e1mica R\u00fastica al por Mayor, Vajilla Personalizada-1\" class=\"wp-image-7939\" srcset=\"https:\/\/jinhuaceramic.com\/wp-content\/uploads\/2025\/02\/Rustic-Wholesale-Dinnerware-Set-Dinner-Services-Custom-Tableware-2.webp 2000w, https:\/\/jinhuaceramic.com\/wp-content\/uploads\/2025\/02\/Rustic-Wholesale-Dinnerware-Set-Dinner-Services-Custom-Tableware-2-300x300.webp 300w, https:\/\/jinhuaceramic.com\/wp-content\/uploads\/2025\/02\/Rustic-Wholesale-Dinnerware-Set-Dinner-Services-Custom-Tableware-2-150x150.webp 150w, https:\/\/jinhuaceramic.com\/wp-content\/uploads\/2025\/02\/Rustic-Wholesale-Dinnerware-Set-Dinner-Services-Custom-Tableware-2-768x768.webp 768w, https:\/\/jinhuaceramic.com\/wp-content\/uploads\/2025\/02\/Rustic-Wholesale-Dinnerware-Set-Dinner-Services-Custom-Tableware-2-12x12.webp 12w, https:\/\/jinhuaceramic.com\/wp-content\/uploads\/2025\/02\/Rustic-Wholesale-Dinnerware-Set-Dinner-Services-Custom-Tableware-2-285x285.webp 285w, https:\/\/jinhuaceramic.com\/wp-content\/uploads\/2025\/02\/Rustic-Wholesale-Dinnerware-Set-Dinner-Services-Custom-Tableware-2-1600x1600.webp 1600w, https:\/\/jinhuaceramic.com\/wp-content\/uploads\/2025\/02\/Rustic-Wholesale-Dinnerware-Set-Dinner-Services-Custom-Tableware-2-270x270.webp 270w, https:\/\/jinhuaceramic.com\/wp-content\/uploads\/2025\/02\/Rustic-Wholesale-Dinnerware-Set-Dinner-Services-Custom-Tableware-2-540x540.webp 540w, https:\/\/jinhuaceramic.com\/wp-content\/uploads\/2025\/02\/Rustic-Wholesale-Dinnerware-Set-Dinner-Services-Custom-Tableware-2-660x660.webp 660w\" sizes=\"(max-width: 2000px) 100vw, 2000px\" \/><\/figure>\n<\/div>\n<\/div>","protected":false},"excerpt":{"rendered":"<p>Bienvenido a comprar Jinhua vajilla personalizada, Estos vajilla de cer\u00e1mica r\u00fastica al por mayor tienen las ventajas de dise\u00f1o hermoso y elegante, materiales seguros y saludables, amplia aplicabilidad, y f\u00e1cil limpieza, por lo que una opci\u00f3n ideal para las mesas de comedor de la familia moderna. Adem\u00e1s de para uso dom\u00e9stico, tambi\u00e9n son muy adecuadas como regalo.<\/p>","protected":false},"featured_media":7944,"comment_status":"closed","ping_status":"closed","template":"","meta":{"_acf_changed":false},"product_brand":[],"product_cat":[83,54],"product_tag":[],"class_list":{"0":"post-7938","1":"product","2":"type-product","3":"status-publish","4":"has-post-thumbnail","6":"product_cat-wholesale-dinnerware-sets","7":"product_cat-tableware-wholesale","9":"first","10":"instock","11":"shipping-taxable","12":"product-type-simple"},"acf":[],"_links":{"self":[{"href":"https:\/\/jinhuaceramic.com\/es\/wp-json\/wp\/v2\/product\/7938","targetHints":{"allow":["GET"]}}],"collection":[{"href":"https:\/\/jinhuaceramic.com\/es\/wp-json\/wp\/v2\/product"}],"about":[{"href":"https:\/\/jinhuaceramic.com\/es\/wp-json\/wp\/v2\/types\/product"}],"replies":[{"embeddable":true,"href":"https:\/\/jinhuaceramic.com\/es\/wp-json\/wp\/v2\/comments?post=7938"}],"version-history":[{"count":0,"href":"https:\/\/jinhuaceramic.com\/es\/wp-json\/wp\/v2\/product\/7938\/revisions"}],"wp:featuredmedia":[{"embeddable":true,"href":"https:\/\/jinhuaceramic.com\/es\/wp-json\/wp\/v2\/media\/7944"}],"wp:attachment":[{"href":"https:\/\/jinhuaceramic.com\/es\/wp-json\/wp\/v2\/media?parent=7938"}],"wp:term":[{"taxonomy":"product_brand","embeddable":true,"href":"https:\/\/jinhuaceramic.com\/es\/wp-json\/wp\/v2\/product_brand?post=7938"},{"taxonomy":"product_cat","embeddable":true,"href":"https:\/\/jinhuaceramic.com\/es\/wp-json\/wp\/v2\/product_cat?post=7938"},{"taxonomy":"product_tag","embeddable":true,"href":"https:\/\/jinhuaceramic.com\/es\/wp-json\/wp\/v2\/product_tag?post=7938"}],"curies":[{"name":"wp","href":"https:\/\/api.w.org\/{rel}","templated":true}]}}