{"id":7949,"date":"2025-02-20T08:25:09","date_gmt":"2025-02-20T08:25:09","guid":{"rendered":"https:\/\/jinhuaceramic.com\/?post_type=product&#038;p=7949"},"modified":"2025-02-28T07:38:37","modified_gmt":"2025-02-28T07:38:37","slug":"custom-bath-set","status":"publish","type":"product","link":"https:\/\/jinhuaceramic.com\/es\/product\/custom-bath-set\/","title":{"rendered":"Gradient Custom Bath Set, Accesorios de ba\u00f1o de cer\u00e1mica al por mayor"},"content":{"rendered":"<div class=\"wp-block-columns is-layout-flex wp-container-core-columns-is-layout-9d6595d7 wp-block-columns-is-layout-flex\">\n<div class=\"wp-block-column is-layout-flow wp-block-column-is-layout-flow\">\n<h3 class=\"wp-block-heading\">Premium Gradient Custom Bath Set Caracter\u00edsticas:<\/h3>\n\n\n\n<ul class=\"wp-block-list\">\n<li><strong>Color degradado \u00fanico: <\/strong>El juego de ba\u00f1o personalizado est\u00e1 dise\u00f1ado con un exclusivo color degradado y en varios colores como naranja, azul, morado, verde, etc. El aspecto degradado de blanco a color es de tonalidad suave y tiene una gradaci\u00f3n natural, que transmite calidez y confort a las personas.<\/li>\n\n\n\n<li><strong>Exquisita textura geom\u00e9trica: <\/strong>El estampado geom\u00e9trico de la superficie de los accesorios de ba\u00f1o al por mayor no s\u00f3lo es bonito, sino que tambi\u00e9n act\u00faa como revestimiento antideslizante. El estampado es est\u00e9ticamente agradable y, al mismo tiempo, es un complemento funcional del producto.<\/li>\n\n\n\n<li><strong>Material cer\u00e1mico de alta calidad: <\/strong>Estos accesorios de ba\u00f1o de cer\u00e1mica de alta temperatura al por mayor poseen los beneficios de resistencia a altas temperaturas, resistencia a la corrosi\u00f3n, y f\u00e1cil de limpiar. El tratamiento de esmaltado se hace a la superficie de la cer\u00e1mica, y esto hace que la superficie fina y lisa, no mancha, y extremadamente f\u00e1cil de limpiar.<\/li>\n\n\n\n<li><strong>Gran sentido pr\u00e1ctico: <\/strong>El juego de ba\u00f1o a medida con una selecci\u00f3n de accesorios de ba\u00f1o como un vaso para enjuague bucal, un portacepillos de dientes, un dosificador de jab\u00f3n l\u00edquido y una jabonera para satisfacer las necesidades diarias de aseo en el ba\u00f1o.<\/li>\n<\/ul>\n<\/div>\n\n\n\n<div class=\"wp-block-column is-layout-flow wp-block-column-is-layout-flow\">\n<figure class=\"wp-block-image size-full\"><img fetchpriority=\"high\" decoding=\"async\" width=\"1600\" height=\"1600\" src=\"https:\/\/jinhuaceramic.com\/wp-content\/uploads\/2025\/02\/Gradient-Custom-Bathroom-Sets-Bulk-Dispenser-Soap-Dish-Toothbrush-Holder-3.webp\" alt=\"Gradient Custom Bath Set Accesorios de Ba\u00f1o de Cer\u00e1mica al por mayor-1\" class=\"wp-image-7951\" srcset=\"https:\/\/jinhuaceramic.com\/wp-content\/uploads\/2025\/02\/Gradient-Custom-Bathroom-Sets-Bulk-Dispenser-Soap-Dish-Toothbrush-Holder-3.webp 1600w, https:\/\/jinhuaceramic.com\/wp-content\/uploads\/2025\/02\/Gradient-Custom-Bathroom-Sets-Bulk-Dispenser-Soap-Dish-Toothbrush-Holder-3-300x300.webp 300w, https:\/\/jinhuaceramic.com\/wp-content\/uploads\/2025\/02\/Gradient-Custom-Bathroom-Sets-Bulk-Dispenser-Soap-Dish-Toothbrush-Holder-3-150x150.webp 150w, https:\/\/jinhuaceramic.com\/wp-content\/uploads\/2025\/02\/Gradient-Custom-Bathroom-Sets-Bulk-Dispenser-Soap-Dish-Toothbrush-Holder-3-768x768.webp 768w, https:\/\/jinhuaceramic.com\/wp-content\/uploads\/2025\/02\/Gradient-Custom-Bathroom-Sets-Bulk-Dispenser-Soap-Dish-Toothbrush-Holder-3-12x12.webp 12w, https:\/\/jinhuaceramic.com\/wp-content\/uploads\/2025\/02\/Gradient-Custom-Bathroom-Sets-Bulk-Dispenser-Soap-Dish-Toothbrush-Holder-3-285x285.webp 285w, https:\/\/jinhuaceramic.com\/wp-content\/uploads\/2025\/02\/Gradient-Custom-Bathroom-Sets-Bulk-Dispenser-Soap-Dish-Toothbrush-Holder-3-270x270.webp 270w, https:\/\/jinhuaceramic.com\/wp-content\/uploads\/2025\/02\/Gradient-Custom-Bathroom-Sets-Bulk-Dispenser-Soap-Dish-Toothbrush-Holder-3-540x540.webp 540w, https:\/\/jinhuaceramic.com\/wp-content\/uploads\/2025\/02\/Gradient-Custom-Bathroom-Sets-Bulk-Dispenser-Soap-Dish-Toothbrush-Holder-3-660x660.webp 660w\" sizes=\"(max-width: 1600px) 100vw, 1600px\" \/><\/figure>\n<\/div>\n<\/div>","protected":false},"excerpt":{"rendered":"<p>Bienvenido a comprar nuestros accesorios de ba\u00f1o al por mayor. El juego de ba\u00f1era personalizado aporta elegancia y calidez al cuarto de ba\u00f1o gracias a su especial dise\u00f1o de colores degradados, su dise\u00f1o geom\u00e9trico antideslizante, su material cer\u00e1mico de alta calidad y sus \u00fatiles funciones. Su elegante aspecto y fina mano de obra pueden mejorar el estilo de decoraci\u00f3n general del cuarto de ba\u00f1o.<\/p>","protected":false},"featured_media":7957,"comment_status":"closed","ping_status":"closed","template":"","meta":{"_acf_changed":false},"product_brand":[],"product_cat":[51],"product_tag":[74],"class_list":{"0":"post-7949","1":"product","2":"type-product","3":"status-publish","4":"has-post-thumbnail","6":"product_cat-bathroom-accessories-wholesale","7":"product_tag-ceramic-bath-accessories-wholesale","9":"first","10":"instock","11":"shipping-taxable","12":"product-type-simple"},"acf":[],"_links":{"self":[{"href":"https:\/\/jinhuaceramic.com\/es\/wp-json\/wp\/v2\/product\/7949","targetHints":{"allow":["GET"]}}],"collection":[{"href":"https:\/\/jinhuaceramic.com\/es\/wp-json\/wp\/v2\/product"}],"about":[{"href":"https:\/\/jinhuaceramic.com\/es\/wp-json\/wp\/v2\/types\/product"}],"replies":[{"embeddable":true,"href":"https:\/\/jinhuaceramic.com\/es\/wp-json\/wp\/v2\/comments?post=7949"}],"version-history":[{"count":0,"href":"https:\/\/jinhuaceramic.com\/es\/wp-json\/wp\/v2\/product\/7949\/revisions"}],"wp:featuredmedia":[{"embeddable":true,"href":"https:\/\/jinhuaceramic.com\/es\/wp-json\/wp\/v2\/media\/7957"}],"wp:attachment":[{"href":"https:\/\/jinhuaceramic.com\/es\/wp-json\/wp\/v2\/media?parent=7949"}],"wp:term":[{"taxonomy":"product_brand","embeddable":true,"href":"https:\/\/jinhuaceramic.com\/es\/wp-json\/wp\/v2\/product_brand?post=7949"},{"taxonomy":"product_cat","embeddable":true,"href":"https:\/\/jinhuaceramic.com\/es\/wp-json\/wp\/v2\/product_cat?post=7949"},{"taxonomy":"product_tag","embeddable":true,"href":"https:\/\/jinhuaceramic.com\/es\/wp-json\/wp\/v2\/product_tag?post=7949"}],"curies":[{"name":"wp","href":"https:\/\/api.w.org\/{rel}","templated":true}]}}