{"id":7970,"date":"2025-02-22T01:21:44","date_gmt":"2025-02-22T01:21:44","guid":{"rendered":"https:\/\/jinhuaceramic.com\/?post_type=product&#038;p=7970"},"modified":"2025-03-21T01:28:14","modified_gmt":"2025-03-21T01:28:14","slug":"catering-dinnerware-wholesale","status":"publish","type":"product","link":"https:\/\/jinhuaceramic.com\/es\/product\/catering-dinnerware-wholesale\/","title":{"rendered":"Vajilla para Hosteleria al por mayor, Vajillas comerciales a granel"},"content":{"rendered":"<div class=\"wp-block-columns is-layout-flex wp-container-core-columns-is-layout-9d6595d7 wp-block-columns-is-layout-flex\">\n<div class=\"wp-block-column is-layout-flow wp-block-column-is-layout-flow\">\n<h3 class=\"wp-block-heading\">Premium Catering Vajilla al por mayor Caracter\u00edsticas:<\/h3>\n\n\n\n<ul class=\"wp-block-list\">\n<li><strong>Dise\u00f1o elegante:<\/strong> Estas vajillas de catering al por mayor tienen un dise\u00f1o sencillo y elegante, de color blanco roto y bordes grises. Son cl\u00e1sicos y hermosos, adecuados para todos los estilos de mesa, ya sea para uso dom\u00e9stico diario o para uso en restaurantes de alta gama.<\/li>\n\n\n\n<li><strong>Material duradero: <\/strong>Estas vajillas comerciales de cer\u00e1mica se cuecen a altas temperaturas para poseer una gran dureza, son dif\u00edciles de desgastar y rayar, y son duras y resistentes. Son dif\u00edciles de absorber el agua, poseen un buen rendimiento a prueba de humedad y son dif\u00edciles de agrietar.<\/li>\n\n\n\n<li><strong>Practicidad: <\/strong>Estas vajillas de catering al por mayor incluyen un cuenco y dos platos de diferentes tama\u00f1os. Los tama\u00f1os est\u00e1n dise\u00f1ados pr\u00e1cticamente para adaptarse a diferentes alimentos como arroz, platos, sopas, etc. para atender a las necesidades diarias de comedor.<\/li>\n\n\n\n<li><strong>Amplia aplicabilidad: <\/strong>Estas vajillas comerciales son ampliamente aplicables y adecuadas para diversas ocasiones, como cenas familiares, reuniones de amigos, celebraciones de festivales, etc. Adem\u00e1s de para uso dom\u00e9stico, tambi\u00e9n son adecuadas para regalar a amigos y familiares.<\/li>\n<\/ul>\n<\/div>\n\n\n\n<div class=\"wp-block-column is-layout-flow wp-block-column-is-layout-flow\">\n<figure class=\"wp-block-image size-full\"><img fetchpriority=\"high\" decoding=\"async\" width=\"710\" height=\"710\" src=\"https:\/\/jinhuaceramic.com\/wp-content\/uploads\/2025\/02\/High-End-Wholesale-Tableware-Set-Custom-Dinnerware-Dinner-Set-4.webp\" alt=\"Vajilla de hosteler\u00eda de alta gama al por mayor, vajillas comerciales-4\" class=\"wp-image-7973\" srcset=\"https:\/\/jinhuaceramic.com\/wp-content\/uploads\/2025\/02\/High-End-Wholesale-Tableware-Set-Custom-Dinnerware-Dinner-Set-4.webp 710w, https:\/\/jinhuaceramic.com\/wp-content\/uploads\/2025\/02\/High-End-Wholesale-Tableware-Set-Custom-Dinnerware-Dinner-Set-4-300x300.webp 300w, https:\/\/jinhuaceramic.com\/wp-content\/uploads\/2025\/02\/High-End-Wholesale-Tableware-Set-Custom-Dinnerware-Dinner-Set-4-150x150.webp 150w, https:\/\/jinhuaceramic.com\/wp-content\/uploads\/2025\/02\/High-End-Wholesale-Tableware-Set-Custom-Dinnerware-Dinner-Set-4-12x12.webp 12w, https:\/\/jinhuaceramic.com\/wp-content\/uploads\/2025\/02\/High-End-Wholesale-Tableware-Set-Custom-Dinnerware-Dinner-Set-4-285x285.webp 285w, https:\/\/jinhuaceramic.com\/wp-content\/uploads\/2025\/02\/High-End-Wholesale-Tableware-Set-Custom-Dinnerware-Dinner-Set-4-270x270.webp 270w, https:\/\/jinhuaceramic.com\/wp-content\/uploads\/2025\/02\/High-End-Wholesale-Tableware-Set-Custom-Dinnerware-Dinner-Set-4-540x540.webp 540w, https:\/\/jinhuaceramic.com\/wp-content\/uploads\/2025\/02\/High-End-Wholesale-Tableware-Set-Custom-Dinnerware-Dinner-Set-4-660x660.webp 660w\" sizes=\"(max-width: 710px) 100vw, 710px\" \/><\/figure>\n<\/div>\n<\/div>","protected":false},"excerpt":{"rendered":"<p>Bienvenido a comprar vajilla de hosteler\u00eda al por mayor. Estos juegos de vajilla comercial al por mayor de alta gama combinan a la perfecci\u00f3n sencillez, elegancia, durabilidad y practicidad, que no s\u00f3lo satisfacen las necesidades del uso diario, sino que tambi\u00e9n mejoran la calidad de la cena, y son muy bien recibidos por los consumidores.<\/p>","protected":false},"featured_media":7975,"comment_status":"closed","ping_status":"closed","template":"","meta":{"_acf_changed":false},"product_brand":[],"product_cat":[83,54],"product_tag":[],"class_list":{"0":"post-7970","1":"product","2":"type-product","3":"status-publish","4":"has-post-thumbnail","6":"product_cat-wholesale-dinnerware-sets","7":"product_cat-tableware-wholesale","9":"first","10":"instock","11":"shipping-taxable","12":"product-type-simple"},"acf":[],"_links":{"self":[{"href":"https:\/\/jinhuaceramic.com\/es\/wp-json\/wp\/v2\/product\/7970","targetHints":{"allow":["GET"]}}],"collection":[{"href":"https:\/\/jinhuaceramic.com\/es\/wp-json\/wp\/v2\/product"}],"about":[{"href":"https:\/\/jinhuaceramic.com\/es\/wp-json\/wp\/v2\/types\/product"}],"replies":[{"embeddable":true,"href":"https:\/\/jinhuaceramic.com\/es\/wp-json\/wp\/v2\/comments?post=7970"}],"version-history":[{"count":0,"href":"https:\/\/jinhuaceramic.com\/es\/wp-json\/wp\/v2\/product\/7970\/revisions"}],"wp:featuredmedia":[{"embeddable":true,"href":"https:\/\/jinhuaceramic.com\/es\/wp-json\/wp\/v2\/media\/7975"}],"wp:attachment":[{"href":"https:\/\/jinhuaceramic.com\/es\/wp-json\/wp\/v2\/media?parent=7970"}],"wp:term":[{"taxonomy":"product_brand","embeddable":true,"href":"https:\/\/jinhuaceramic.com\/es\/wp-json\/wp\/v2\/product_brand?post=7970"},{"taxonomy":"product_cat","embeddable":true,"href":"https:\/\/jinhuaceramic.com\/es\/wp-json\/wp\/v2\/product_cat?post=7970"},{"taxonomy":"product_tag","embeddable":true,"href":"https:\/\/jinhuaceramic.com\/es\/wp-json\/wp\/v2\/product_tag?post=7970"}],"curies":[{"name":"wp","href":"https:\/\/api.w.org\/{rel}","templated":true}]}}