{"id":7985,"date":"2025-02-28T07:45:08","date_gmt":"2025-02-28T07:45:08","guid":{"rendered":"https:\/\/jinhuaceramic.com\/?post_type=product&#038;p=7985"},"modified":"2025-02-28T07:45:18","modified_gmt":"2025-02-28T07:45:18","slug":"ceramic-candle-vessels-bulk","status":"publish","type":"product","link":"https:\/\/jinhuaceramic.com\/es\/product\/ceramic-candle-vessels-bulk\/","title":{"rendered":"Vasos de Cer\u00e1mica Hexagonales a Granel, Tarros para Velas al por Mayor"},"content":{"rendered":"<div class=\"wp-block-columns is-layout-flex wp-container-core-columns-is-layout-9d6595d7 wp-block-columns-is-layout-flex\">\n<div class=\"wp-block-column is-layout-flow wp-block-column-is-layout-flow\">\n<h3 class=\"wp-block-heading\">Premium Modern Hexagon Candle Vessels de cer\u00e1mica a granel Caracter\u00edsticas:<\/h3>\n\n\n\n<ul class=\"wp-block-list\">\n<li><strong>Forma geom\u00e9trica \u00fanica:<\/strong> Nuestros recipientes de cer\u00e1mica para velas a granel no son cuadrados ni redondos, sino que tienen una forma hexagonal suave y curvada. La forma geom\u00e9trica es limpia y moderna, pero tiene una suavidad, por lo que ser\u00e1 adecuado para cualquier decoraci\u00f3n del hogar.<\/li>\n\n\n\n<li><strong>Varios colores:<\/strong> Los tarros de velas al por mayor est\u00e1n disponibles en dos colores mates: un blanco mate tradicional y un rojo mate brillante pero tranquilizador. Los clientes pueden elegir seg\u00fan el interior de su hogar y sus preferencias.<\/li>\n\n\n\n<li><strong>Seguro y duradero:<\/strong> Los recipientes de cer\u00e1mica de alta calidad para velas a granel tienen una buena propiedad de resistencia al calor y pueden soportar con seguridad velas encendidas sin romperse. La cer\u00e1mica es s\u00f3lida y duradera, no delicada, y puede utilizarse durante varios a\u00f1os.<\/li>\n\n\n\n<li><strong>Reutilizable: <\/strong>Estos tarros para velas al por mayor se pueden reutilizar para otras cosas adem\u00e1s de como tarros para velas. Despu\u00e9s de vaciar las velas, tambi\u00e9n se puede utilizar como macetero, tarro de almacenaje o decoraci\u00f3n del hogar. Sin velas, este tarro de velas tambi\u00e9n puede ser una bonita decoraci\u00f3n y puede aromatizar su hogar.<\/li>\n<\/ul>\n<\/div>\n\n\n\n<div class=\"wp-block-column is-layout-flow wp-block-column-is-layout-flow\">\n<figure class=\"wp-block-image size-full\"><img fetchpriority=\"high\" decoding=\"async\" width=\"750\" height=\"750\" src=\"https:\/\/jinhuaceramic.com\/wp-content\/uploads\/2025\/02\/Modern-Hexagon-Candle-Jars-Wholesale-Ceramic-Candle-Vessels-Bulk-3.webp\" alt=\"Hexagon Moderno Candelabros de Ceramica al por mayor, Tarros para velas al por mayor3\" class=\"wp-image-7987\" srcset=\"https:\/\/jinhuaceramic.com\/wp-content\/uploads\/2025\/02\/Modern-Hexagon-Candle-Jars-Wholesale-Ceramic-Candle-Vessels-Bulk-3.webp 750w, https:\/\/jinhuaceramic.com\/wp-content\/uploads\/2025\/02\/Modern-Hexagon-Candle-Jars-Wholesale-Ceramic-Candle-Vessels-Bulk-3-300x300.webp 300w, https:\/\/jinhuaceramic.com\/wp-content\/uploads\/2025\/02\/Modern-Hexagon-Candle-Jars-Wholesale-Ceramic-Candle-Vessels-Bulk-3-150x150.webp 150w, https:\/\/jinhuaceramic.com\/wp-content\/uploads\/2025\/02\/Modern-Hexagon-Candle-Jars-Wholesale-Ceramic-Candle-Vessels-Bulk-3-12x12.webp 12w, https:\/\/jinhuaceramic.com\/wp-content\/uploads\/2025\/02\/Modern-Hexagon-Candle-Jars-Wholesale-Ceramic-Candle-Vessels-Bulk-3-285x285.webp 285w, https:\/\/jinhuaceramic.com\/wp-content\/uploads\/2025\/02\/Modern-Hexagon-Candle-Jars-Wholesale-Ceramic-Candle-Vessels-Bulk-3-270x270.webp 270w, https:\/\/jinhuaceramic.com\/wp-content\/uploads\/2025\/02\/Modern-Hexagon-Candle-Jars-Wholesale-Ceramic-Candle-Vessels-Bulk-3-540x540.webp 540w, https:\/\/jinhuaceramic.com\/wp-content\/uploads\/2025\/02\/Modern-Hexagon-Candle-Jars-Wholesale-Ceramic-Candle-Vessels-Bulk-3-660x660.webp 660w\" sizes=\"(max-width: 750px) 100vw, 750px\" \/><\/figure>\n<\/div>\n<\/div>\n\n\n\n<p><\/p>","protected":false},"excerpt":{"rendered":"<p>Bienvenido a comprar nuestros tarros para velas al por mayor. Estos modernos recipientes de cer\u00e1mica para velas al por mayor se distinguen tanto de otros productos similares del mercado por su forma hexagonal, sus colores habituales, sus materiales seguros y duraderos y su estilo reciclable. Estos tarros para velas est\u00e1n tan perfectamente equilibrados entre belleza y funcionalidad que no s\u00f3lo pueden crear una atm\u00f3sfera c\u00e1lida y rom\u00e1ntica en el hogar, sino que tambi\u00e9n aportan sentido a la casa.<\/p>","protected":false},"featured_media":7988,"comment_status":"closed","ping_status":"closed","template":"","meta":{"_acf_changed":false},"product_brand":[],"product_cat":[52],"product_tag":[66],"class_list":{"0":"post-7985","1":"product","2":"type-product","3":"status-publish","4":"has-post-thumbnail","6":"product_cat-wholesale-candle-containers","7":"product_tag-candle-jars-wholesale","9":"first","10":"instock","11":"shipping-taxable","12":"product-type-simple"},"acf":[],"_links":{"self":[{"href":"https:\/\/jinhuaceramic.com\/es\/wp-json\/wp\/v2\/product\/7985","targetHints":{"allow":["GET"]}}],"collection":[{"href":"https:\/\/jinhuaceramic.com\/es\/wp-json\/wp\/v2\/product"}],"about":[{"href":"https:\/\/jinhuaceramic.com\/es\/wp-json\/wp\/v2\/types\/product"}],"replies":[{"embeddable":true,"href":"https:\/\/jinhuaceramic.com\/es\/wp-json\/wp\/v2\/comments?post=7985"}],"version-history":[{"count":0,"href":"https:\/\/jinhuaceramic.com\/es\/wp-json\/wp\/v2\/product\/7985\/revisions"}],"wp:featuredmedia":[{"embeddable":true,"href":"https:\/\/jinhuaceramic.com\/es\/wp-json\/wp\/v2\/media\/7988"}],"wp:attachment":[{"href":"https:\/\/jinhuaceramic.com\/es\/wp-json\/wp\/v2\/media?parent=7985"}],"wp:term":[{"taxonomy":"product_brand","embeddable":true,"href":"https:\/\/jinhuaceramic.com\/es\/wp-json\/wp\/v2\/product_brand?post=7985"},{"taxonomy":"product_cat","embeddable":true,"href":"https:\/\/jinhuaceramic.com\/es\/wp-json\/wp\/v2\/product_cat?post=7985"},{"taxonomy":"product_tag","embeddable":true,"href":"https:\/\/jinhuaceramic.com\/es\/wp-json\/wp\/v2\/product_tag?post=7985"}],"curies":[{"name":"wp","href":"https:\/\/api.w.org\/{rel}","templated":true}]}}