{"id":8000,"date":"2025-02-28T07:37:12","date_gmt":"2025-02-28T07:37:12","guid":{"rendered":"https:\/\/jinhuaceramic.com\/?post_type=product&#038;p=8000"},"modified":"2025-02-28T07:37:55","modified_gmt":"2025-02-28T07:37:55","slug":"wholesale-food-service-baking-pans","status":"publish","type":"product","link":"https:\/\/jinhuaceramic.com\/es\/product\/wholesale-food-service-baking-pans\/","title":{"rendered":"Mayorista moldes de cer\u00e1mica para hornear, moldes de cer\u00e1mica para hornear al por mayor"},"content":{"rendered":"<div class=\"wp-block-columns is-layout-flex wp-container-core-columns-is-layout-9d6595d7 wp-block-columns-is-layout-flex\">\n<div class=\"wp-block-column is-layout-flow wp-block-column-is-layout-flow\">\n<h3 class=\"wp-block-heading\">Servicio de Alimentos al por mayor de primera calidad moldes para hornear Caracter\u00edsticas:<\/h3>\n\n\n\n<ul class=\"wp-block-list\">\n<li><strong>Estilo minimalista: <\/strong>Estos moldes personalizados para servicios alimentarios tienen un aspecto general sin adornos, un perfil aerodin\u00e1mico y ninguna decoraci\u00f3n innecesariamente llamativa, lo que atrae el gusto de los tiempos modernos. La tapa de madera es el encanto natural del molde.<\/li>\n\n\n\n<li><strong>Material de excelente calidad: <\/strong>El cuerpo principal de estos moldes de cer\u00e1mica para hornear a granel est\u00e1 fabricado con material cer\u00e1mico de calidad superior, que es robusto y no se deforma cuando se hornea a altas temperaturas. La tapa est\u00e1 fabricada con madera de calidad superior, que es sana y segura.<\/li>\n\n\n\n<li><strong>Alta practicidad: <\/strong>El grosor y la longitud de nuestras bandejas para hornear al por mayor para servicios alimentarios est\u00e1n dise\u00f1ados para contener cualquier tipo de alimento horneado, como arroz al horno, verduras asadas, carne asada, etc. Adem\u00e1s de ser aptas para el horno, estas bandejas para hornear tambi\u00e9n son aptas para microondas y lavavajillas, por lo que son muy f\u00e1ciles de manejar.<\/li>\n\n\n\n<li><strong>Tapa funcional: <\/strong>Estos moldes de cer\u00e1mica al por mayor para hornear al por mayor vienen con una tapa de madera multifuncional que no s\u00f3lo mantiene el calor de los alimentos, sino que tambi\u00e9n act\u00faa como barrera contra las salpicaduras de comida durante la cocci\u00f3n. Incluso act\u00faa como agarradera o bandeja para servir, y el molde para hornear se vuelve a\u00fan m\u00e1s pr\u00e1ctico.<\/li>\n<\/ul>\n<\/div>\n\n\n\n<div class=\"wp-block-column is-layout-flow wp-block-column-is-layout-flow\">\n<figure class=\"wp-block-image size-full\"><img fetchpriority=\"high\" decoding=\"async\" width=\"510\" height=\"510\" src=\"https:\/\/jinhuaceramic.com\/wp-content\/uploads\/2025\/02\/Wholesale-Ceramic-Baking-Dish-With-Wooden-Lid-Custom-Bakeware-2.webp\" alt=\"Mayorista Bandejas para Hornear, Bandejas de Cer\u00e1mica para Hornear Bulk-7\" class=\"wp-image-8001\" srcset=\"https:\/\/jinhuaceramic.com\/wp-content\/uploads\/2025\/02\/Wholesale-Ceramic-Baking-Dish-With-Wooden-Lid-Custom-Bakeware-2.webp 510w, https:\/\/jinhuaceramic.com\/wp-content\/uploads\/2025\/02\/Wholesale-Ceramic-Baking-Dish-With-Wooden-Lid-Custom-Bakeware-2-300x300.webp 300w, https:\/\/jinhuaceramic.com\/wp-content\/uploads\/2025\/02\/Wholesale-Ceramic-Baking-Dish-With-Wooden-Lid-Custom-Bakeware-2-150x150.webp 150w, https:\/\/jinhuaceramic.com\/wp-content\/uploads\/2025\/02\/Wholesale-Ceramic-Baking-Dish-With-Wooden-Lid-Custom-Bakeware-2-12x12.webp 12w, https:\/\/jinhuaceramic.com\/wp-content\/uploads\/2025\/02\/Wholesale-Ceramic-Baking-Dish-With-Wooden-Lid-Custom-Bakeware-2-285x285.webp 285w, https:\/\/jinhuaceramic.com\/wp-content\/uploads\/2025\/02\/Wholesale-Ceramic-Baking-Dish-With-Wooden-Lid-Custom-Bakeware-2-270x270.webp 270w\" sizes=\"(max-width: 510px) 100vw, 510px\" \/><\/figure>\n<\/div>\n<\/div>","protected":false},"excerpt":{"rendered":"<p>Bienvenido a comprar moldes para hornear de uso alimentario. La singularidad de estas bandejas de cer\u00e1mica para hornear al por mayor reside en su inteligente combinaci\u00f3n de materiales cer\u00e1micos y de madera, su dise\u00f1o minimalista y moderno y sus tapas funcionales. Combinando est\u00e9tica y practicidad, estos moldes para hornear con tapa dar\u00e1n un toque \u00fanico a la cocina y a la mesa del comedor.<\/p>","protected":false},"featured_media":8003,"comment_status":"closed","ping_status":"closed","template":"","meta":{"_acf_changed":false},"product_brand":[],"product_cat":[53],"product_tag":[71],"class_list":{"0":"post-8000","1":"product","2":"type-product","3":"status-publish","4":"has-post-thumbnail","6":"product_cat-bakeware-in-bulk","7":"product_tag-wholesale-baking-pans","9":"first","10":"instock","11":"shipping-taxable","12":"product-type-simple"},"acf":[],"_links":{"self":[{"href":"https:\/\/jinhuaceramic.com\/es\/wp-json\/wp\/v2\/product\/8000","targetHints":{"allow":["GET"]}}],"collection":[{"href":"https:\/\/jinhuaceramic.com\/es\/wp-json\/wp\/v2\/product"}],"about":[{"href":"https:\/\/jinhuaceramic.com\/es\/wp-json\/wp\/v2\/types\/product"}],"replies":[{"embeddable":true,"href":"https:\/\/jinhuaceramic.com\/es\/wp-json\/wp\/v2\/comments?post=8000"}],"version-history":[{"count":0,"href":"https:\/\/jinhuaceramic.com\/es\/wp-json\/wp\/v2\/product\/8000\/revisions"}],"wp:featuredmedia":[{"embeddable":true,"href":"https:\/\/jinhuaceramic.com\/es\/wp-json\/wp\/v2\/media\/8003"}],"wp:attachment":[{"href":"https:\/\/jinhuaceramic.com\/es\/wp-json\/wp\/v2\/media?parent=8000"}],"wp:term":[{"taxonomy":"product_brand","embeddable":true,"href":"https:\/\/jinhuaceramic.com\/es\/wp-json\/wp\/v2\/product_brand?post=8000"},{"taxonomy":"product_cat","embeddable":true,"href":"https:\/\/jinhuaceramic.com\/es\/wp-json\/wp\/v2\/product_cat?post=8000"},{"taxonomy":"product_tag","embeddable":true,"href":"https:\/\/jinhuaceramic.com\/es\/wp-json\/wp\/v2\/product_tag?post=8000"}],"curies":[{"name":"wp","href":"https:\/\/api.w.org\/{rel}","templated":true}]}}