{"id":8009,"date":"2025-02-28T07:14:24","date_gmt":"2025-02-28T07:14:24","guid":{"rendered":"https:\/\/jinhuaceramic.com\/?post_type=product&#038;p=8009"},"modified":"2025-02-28T07:14:27","modified_gmt":"2025-02-28T07:14:27","slug":"tableware-wholesale","status":"publish","type":"product","link":"https:\/\/jinhuaceramic.com\/es\/product\/tableware-wholesale\/","title":{"rendered":"Vajilla Negro Mate al por mayor, Vajillas de restaurante"},"content":{"rendered":"<div class=\"wp-block-columns is-layout-flex wp-container-core-columns-is-layout-9d6595d7 wp-block-columns-is-layout-flex\">\n<div class=\"wp-block-column is-layout-flow wp-block-column-is-layout-flow\">\n<h3 class=\"wp-block-heading\">Vajilla Premium al por mayor Caracter\u00edsticas:<\/h3>\n\n\n\n<ul class=\"wp-block-list\">\n<li><strong>Forma simple:<\/strong> El dise\u00f1o de estas vajillas de cer\u00e1mica al por mayor es sencillo, no demasiado decorado con detalles intrincados, en consonancia con la intenci\u00f3n de la \u00e9poca actual. El borde de los platos y cuencos es plano, ligeramente redondeado, y la forma es redonda, de ah\u00ed que las personas se sientan relajadas.<\/li>\n\n\n\n<li><strong>Textura moteada negra: <\/strong>Estas vajillas para restaurantes incorporan misteriosos y apacibles tonos negros mate, menos llamativos y refinados que los acabados brillantes. La superficie de la vajilla es de textura sedosa moteada y confiere sofisticaci\u00f3n a la textura y estratificaci\u00f3n de la vajilla y muestra un aspecto de clase superior.<\/li>\n\n\n\n<li><strong>Material de alta calidad: <\/strong>Nuestras vajillas de cer\u00e1mica al por mayor se fabrican con material cer\u00e1mico de alta calidad que se cuece a alta temperatura y tiene una mayor resistencia al calor y durabilidad. El material cer\u00e1mico es seguro y saludable, sin elementos t\u00f3xicos como el plomo y el cadmio, y es seguro para su uso.<\/li>\n\n\n\n<li><strong>Gran sentido pr\u00e1ctico: <\/strong>Estos juegos de vajilla para restaurantes incluyen un cuenco y dos platos de distintos tama\u00f1os, que son suficientes para servir distintas cantidades de platos principales, guarniciones, arroz, sopa, etc., para satisfacer las necesidades de las comidas diarias. Nuestros juegos de vajilla al por mayor pueden utilizarse para comidas dom\u00e9sticas cotidianas y banquetes.<\/li>\n<\/ul>\n<\/div>\n\n\n\n<div class=\"wp-block-column is-layout-flow wp-block-column-is-layout-flow\">\n<figure class=\"wp-block-image size-full\"><img fetchpriority=\"high\" decoding=\"async\" width=\"1500\" height=\"1500\" src=\"https:\/\/jinhuaceramic.com\/wp-content\/uploads\/2025\/02\/Matte-Black-Wholesale-Tableware-Dinner-Services-Custom-Dinnerware.webp\" alt=\"Vajilla Negra Mate al por mayor, Vajilla para restaurante-1\" class=\"wp-image-8016\" srcset=\"https:\/\/jinhuaceramic.com\/wp-content\/uploads\/2025\/02\/Matte-Black-Wholesale-Tableware-Dinner-Services-Custom-Dinnerware.webp 1500w, https:\/\/jinhuaceramic.com\/wp-content\/uploads\/2025\/02\/Matte-Black-Wholesale-Tableware-Dinner-Services-Custom-Dinnerware-300x300.webp 300w, https:\/\/jinhuaceramic.com\/wp-content\/uploads\/2025\/02\/Matte-Black-Wholesale-Tableware-Dinner-Services-Custom-Dinnerware-150x150.webp 150w, https:\/\/jinhuaceramic.com\/wp-content\/uploads\/2025\/02\/Matte-Black-Wholesale-Tableware-Dinner-Services-Custom-Dinnerware-768x768.webp 768w, https:\/\/jinhuaceramic.com\/wp-content\/uploads\/2025\/02\/Matte-Black-Wholesale-Tableware-Dinner-Services-Custom-Dinnerware-12x12.webp 12w, https:\/\/jinhuaceramic.com\/wp-content\/uploads\/2025\/02\/Matte-Black-Wholesale-Tableware-Dinner-Services-Custom-Dinnerware-285x285.webp 285w, https:\/\/jinhuaceramic.com\/wp-content\/uploads\/2025\/02\/Matte-Black-Wholesale-Tableware-Dinner-Services-Custom-Dinnerware-270x270.webp 270w, https:\/\/jinhuaceramic.com\/wp-content\/uploads\/2025\/02\/Matte-Black-Wholesale-Tableware-Dinner-Services-Custom-Dinnerware-540x540.webp 540w, https:\/\/jinhuaceramic.com\/wp-content\/uploads\/2025\/02\/Matte-Black-Wholesale-Tableware-Dinner-Services-Custom-Dinnerware-660x660.webp 660w\" sizes=\"(max-width: 1500px) 100vw, 1500px\" \/><\/figure>\n<\/div>\n<\/div>","protected":false},"excerpt":{"rendered":"<p>Bienvenido a comprar vajilla de restaurante. La singularidad de este negro mate vajilla de cer\u00e1mica al por mayor se encuentra en los tonos mate de alto grado, exquisitas texturas moteadas, materiales cer\u00e1micos duraderos y buena practicidad.<\/p>","protected":false},"featured_media":8015,"comment_status":"closed","ping_status":"closed","template":"","meta":{"_acf_changed":false},"product_brand":[],"product_cat":[83,54],"product_tag":[],"class_list":{"0":"post-8009","1":"product","2":"type-product","3":"status-publish","4":"has-post-thumbnail","6":"product_cat-wholesale-dinnerware-sets","7":"product_cat-tableware-wholesale","9":"first","10":"instock","11":"shipping-taxable","12":"product-type-simple"},"acf":[],"_links":{"self":[{"href":"https:\/\/jinhuaceramic.com\/es\/wp-json\/wp\/v2\/product\/8009","targetHints":{"allow":["GET"]}}],"collection":[{"href":"https:\/\/jinhuaceramic.com\/es\/wp-json\/wp\/v2\/product"}],"about":[{"href":"https:\/\/jinhuaceramic.com\/es\/wp-json\/wp\/v2\/types\/product"}],"replies":[{"embeddable":true,"href":"https:\/\/jinhuaceramic.com\/es\/wp-json\/wp\/v2\/comments?post=8009"}],"version-history":[{"count":0,"href":"https:\/\/jinhuaceramic.com\/es\/wp-json\/wp\/v2\/product\/8009\/revisions"}],"wp:featuredmedia":[{"embeddable":true,"href":"https:\/\/jinhuaceramic.com\/es\/wp-json\/wp\/v2\/media\/8015"}],"wp:attachment":[{"href":"https:\/\/jinhuaceramic.com\/es\/wp-json\/wp\/v2\/media?parent=8009"}],"wp:term":[{"taxonomy":"product_brand","embeddable":true,"href":"https:\/\/jinhuaceramic.com\/es\/wp-json\/wp\/v2\/product_brand?post=8009"},{"taxonomy":"product_cat","embeddable":true,"href":"https:\/\/jinhuaceramic.com\/es\/wp-json\/wp\/v2\/product_cat?post=8009"},{"taxonomy":"product_tag","embeddable":true,"href":"https:\/\/jinhuaceramic.com\/es\/wp-json\/wp\/v2\/product_tag?post=8009"}],"curies":[{"name":"wp","href":"https:\/\/api.w.org\/{rel}","templated":true}]}}