{"id":8035,"date":"2025-03-03T07:58:34","date_gmt":"2025-03-03T07:58:34","guid":{"rendered":"https:\/\/jinhuaceramic.com\/?post_type=product&#038;p=8035"},"modified":"2025-03-03T08:36:31","modified_gmt":"2025-03-03T08:36:31","slug":"baking-pan-customized","status":"publish","type":"product","link":"https:\/\/jinhuaceramic.com\/es\/product\/baking-pan-customized\/","title":{"rendered":"Sart\u00e9n de Cer\u00e1mica Blanca, Mayorista de Bater\u00eda de Cocina"},"content":{"rendered":"<div class=\"wp-block-columns is-layout-flex wp-container-core-columns-is-layout-9d6595d7 wp-block-columns-is-layout-flex\">\n<div class=\"wp-block-column is-layout-flow wp-block-column-is-layout-flow\">\n<h3 class=\"wp-block-heading\">Sart\u00e9n de cer\u00e1mica blanca de primera calidad Caracter\u00edsticas personalizadas:<\/h3>\n\n\n\n<ul class=\"wp-block-list\">\n<li><strong>Dise\u00f1o elegante:<\/strong> El dise\u00f1o general de este molde para hornear personalizado es sofisticado y minimalista, y su limpio color blanco lo convierte en una multiherramienta en la cocina. Los bordes y los lados est\u00e1n dise\u00f1ados con patrones ondulados irregulares, que no s\u00f3lo es hermoso, sino que tambi\u00e9n da la bandeja de hornear a\u00f1adido propiedades antideslizantes cuando est\u00e1 en uso.<\/li>\n\n\n\n<li><strong>Material de alta calidad:<\/strong> Estos utensilios para hornear al por mayor de buena calidad poseen id\u00e9ntica conductividad t\u00e9rmica, lo que permite calentar los alimentos uniformemente y evitar el sobrecalentamiento local. El material cer\u00e1mico es seguro, no t\u00f3xico, no causa ning\u00fan da\u00f1o al cuerpo humano y puede utilizarse con seguridad.<\/li>\n\n\n\n<li><strong>Dise\u00f1o detallado:<\/strong> El molde personalizado tiene un dise\u00f1o refinado y avanzado, y el color blanco puro le permite combinar con cualquier cocina. Los lados y los bordes de la bandeja tienen patrones ondulados no uniformes, que no s\u00f3lo es hermoso, sino que tambi\u00e9n da a la bandeja de hornear un mayor nivel de funcionalidad antideslizante cuando est\u00e1 en uso.<\/li>\n\n\n\n<li><strong>F\u00e1cil de limpiar:<\/strong> Estos art\u00edculos de reposter\u00eda al por mayor tienen un esmalte liso resistente a los restos de comida y f\u00e1cil de limpiar s\u00f3lo con agua y detergente o en el lavavajillas.<\/li>\n<\/ul>\n<\/div>\n\n\n\n<div class=\"wp-block-column is-layout-flow wp-block-column-is-layout-flow\">\n<figure class=\"wp-block-image size-full\"><img fetchpriority=\"high\" decoding=\"async\" width=\"1600\" height=\"1600\" src=\"https:\/\/jinhuaceramic.com\/wp-content\/uploads\/2025\/03\/White-Ceramic-Custom-Baking-Pans-Wholesale-Bakeware-For-Food-Service.webp\" alt=\"Sart\u00e9n de cer\u00e1mica blanca para hornear al por mayor para servicio de alimentos-1\" class=\"wp-image-8042\" srcset=\"https:\/\/jinhuaceramic.com\/wp-content\/uploads\/2025\/03\/White-Ceramic-Custom-Baking-Pans-Wholesale-Bakeware-For-Food-Service.webp 1600w, https:\/\/jinhuaceramic.com\/wp-content\/uploads\/2025\/03\/White-Ceramic-Custom-Baking-Pans-Wholesale-Bakeware-For-Food-Service-300x300.webp 300w, https:\/\/jinhuaceramic.com\/wp-content\/uploads\/2025\/03\/White-Ceramic-Custom-Baking-Pans-Wholesale-Bakeware-For-Food-Service-150x150.webp 150w, https:\/\/jinhuaceramic.com\/wp-content\/uploads\/2025\/03\/White-Ceramic-Custom-Baking-Pans-Wholesale-Bakeware-For-Food-Service-768x768.webp 768w, https:\/\/jinhuaceramic.com\/wp-content\/uploads\/2025\/03\/White-Ceramic-Custom-Baking-Pans-Wholesale-Bakeware-For-Food-Service-12x12.webp 12w, https:\/\/jinhuaceramic.com\/wp-content\/uploads\/2025\/03\/White-Ceramic-Custom-Baking-Pans-Wholesale-Bakeware-For-Food-Service-285x285.webp 285w, https:\/\/jinhuaceramic.com\/wp-content\/uploads\/2025\/03\/White-Ceramic-Custom-Baking-Pans-Wholesale-Bakeware-For-Food-Service-270x270.webp 270w, https:\/\/jinhuaceramic.com\/wp-content\/uploads\/2025\/03\/White-Ceramic-Custom-Baking-Pans-Wholesale-Bakeware-For-Food-Service-540x540.webp 540w, https:\/\/jinhuaceramic.com\/wp-content\/uploads\/2025\/03\/White-Ceramic-Custom-Baking-Pans-Wholesale-Bakeware-For-Food-Service-660x660.webp 660w\" sizes=\"(max-width: 1600px) 100vw, 1600px\" \/><\/figure>\n<\/div>\n<\/div>","protected":false},"excerpt":{"rendered":"<p>Este molde para hornear personalizado tiene un aspecto sencillo y elegante y est\u00e1 hecho de material cer\u00e1mico de alta calidad con un dise\u00f1o exquisito y f\u00e1cil de limpiar. No s\u00f3lo tienen un buen rendimiento de cocci\u00f3n, pero tambi\u00e9n se puede colocar directamente sobre la mesa de comedor para mejorar la presentaci\u00f3n de los platos, la combinaci\u00f3n de belleza y practicidad.<\/p>","protected":false},"featured_media":8041,"comment_status":"closed","ping_status":"closed","template":"","meta":{"_acf_changed":false},"product_brand":[],"product_cat":[53],"product_tag":[71],"class_list":{"0":"post-8035","1":"product","2":"type-product","3":"status-publish","4":"has-post-thumbnail","6":"product_cat-bakeware-in-bulk","7":"product_tag-wholesale-baking-pans","9":"first","10":"instock","11":"shipping-taxable","12":"product-type-simple"},"acf":[],"_links":{"self":[{"href":"https:\/\/jinhuaceramic.com\/es\/wp-json\/wp\/v2\/product\/8035","targetHints":{"allow":["GET"]}}],"collection":[{"href":"https:\/\/jinhuaceramic.com\/es\/wp-json\/wp\/v2\/product"}],"about":[{"href":"https:\/\/jinhuaceramic.com\/es\/wp-json\/wp\/v2\/types\/product"}],"replies":[{"embeddable":true,"href":"https:\/\/jinhuaceramic.com\/es\/wp-json\/wp\/v2\/comments?post=8035"}],"version-history":[{"count":0,"href":"https:\/\/jinhuaceramic.com\/es\/wp-json\/wp\/v2\/product\/8035\/revisions"}],"wp:featuredmedia":[{"embeddable":true,"href":"https:\/\/jinhuaceramic.com\/es\/wp-json\/wp\/v2\/media\/8041"}],"wp:attachment":[{"href":"https:\/\/jinhuaceramic.com\/es\/wp-json\/wp\/v2\/media?parent=8035"}],"wp:term":[{"taxonomy":"product_brand","embeddable":true,"href":"https:\/\/jinhuaceramic.com\/es\/wp-json\/wp\/v2\/product_brand?post=8035"},{"taxonomy":"product_cat","embeddable":true,"href":"https:\/\/jinhuaceramic.com\/es\/wp-json\/wp\/v2\/product_cat?post=8035"},{"taxonomy":"product_tag","embeddable":true,"href":"https:\/\/jinhuaceramic.com\/es\/wp-json\/wp\/v2\/product_tag?post=8035"}],"curies":[{"name":"wp","href":"https:\/\/api.w.org\/{rel}","templated":true}]}}