{"id":8046,"date":"2025-03-03T08:34:45","date_gmt":"2025-03-03T08:34:45","guid":{"rendered":"https:\/\/jinhuaceramic.com\/?post_type=product&#038;p=8046"},"modified":"2025-03-03T08:35:35","modified_gmt":"2025-03-03T08:35:35","slug":"bath-accessories-in-bulk","status":"publish","type":"product","link":"https:\/\/jinhuaceramic.com\/es\/product\/bath-accessories-in-bulk\/","title":{"rendered":"Accesorios de Ba\u00f1o de Lujo de 4 Piezas a Granel, Conjuntos de Ba\u00f1o de Cer\u00e1mica Personalizados"},"content":{"rendered":"<div class=\"wp-block-columns is-layout-flex wp-container-core-columns-is-layout-9d6595d7 wp-block-columns-is-layout-flex\">\n<div class=\"wp-block-column is-layout-flow wp-block-column-is-layout-flow\">\n<h3 class=\"wp-block-heading\">Accesorios de ba\u00f1o de lujo a granel Caracter\u00edsticas:<\/h3>\n\n\n\n<ul class=\"wp-block-list\">\n<li><strong>Dise\u00f1o elegante:<\/strong> Estos juegos de ba\u00f1o de cer\u00e1mica a medida son principalmente blancos, con textura de seda dorada y bombas doradas, que son exquisitas pero no sofisticadas. Las rayas verticales de la superficie refuerzan el aspecto tridimensional, lo que puede introducir una sensaci\u00f3n de moda y exquisitez en el cuarto de ba\u00f1o.<\/li>\n\n\n\n<li><strong>Material cer\u00e1mico de alta calidad:<\/strong> Estos accesorios de ba\u00f1o a granel se fabrican con material cer\u00e1mico de alta calidad, que es duro y resistente al desgaste y no es propenso a desgastarse ni rayarse. La superficie es lisa, las manchas de agua y la suciedad no se adhieren f\u00e1cilmente, es f\u00e1cil de limpiar y se puede limpiar durante mucho tiempo.<\/li>\n\n\n\n<li><strong>Juego completo:<\/strong> Estos juegos de ba\u00f1o de cer\u00e1mica personalizados incluyen portacepillos de dientes, dispensadores de jab\u00f3n, tarros de almacenamiento y jaboneras que satisfacen todo tipo de necesidades para el aseo habitual, adem\u00e1s de clasificar y agrupar diversos art\u00edculos de aseo de forma que el ba\u00f1o permanezca ordenado y limpio.<\/li>\n\n\n\n<li><strong>Venta al por mayor y personalizaci\u00f3n:<\/strong> Ofrecemos descuentos al por mayor para que los compradores al por mayor ahorren dinero. Descuentos aparte, tambi\u00e9n apoyamos la personalizaci\u00f3n a medida. Ya sea un hotel, un apartamento o una casa de lujo, puede personalizar sus accesorios de ba\u00f1o especiales al por mayor para satisfacer diferentes necesidades.<\/li>\n<\/ul>\n<\/div>\n\n\n\n<div class=\"wp-block-column is-layout-flow wp-block-column-is-layout-flow\">\n<figure class=\"wp-block-image size-full\"><img fetchpriority=\"high\" decoding=\"async\" width=\"1600\" height=\"1600\" src=\"https:\/\/jinhuaceramic.com\/wp-content\/uploads\/2025\/03\/4-Piece-Luxury-Custom-Bathroom-Sets-Bathroom-Accessories-Wholesale-7.webp\" alt=\"Accesorios de Ba\u00f1o de Lujo de 4 Piezas a Granel, Conjuntos de Ba\u00f1o de Cer\u00e1mica Personalizados-2\" class=\"wp-image-8052\" srcset=\"https:\/\/jinhuaceramic.com\/wp-content\/uploads\/2025\/03\/4-Piece-Luxury-Custom-Bathroom-Sets-Bathroom-Accessories-Wholesale-7.webp 1600w, https:\/\/jinhuaceramic.com\/wp-content\/uploads\/2025\/03\/4-Piece-Luxury-Custom-Bathroom-Sets-Bathroom-Accessories-Wholesale-7-300x300.webp 300w, https:\/\/jinhuaceramic.com\/wp-content\/uploads\/2025\/03\/4-Piece-Luxury-Custom-Bathroom-Sets-Bathroom-Accessories-Wholesale-7-150x150.webp 150w, https:\/\/jinhuaceramic.com\/wp-content\/uploads\/2025\/03\/4-Piece-Luxury-Custom-Bathroom-Sets-Bathroom-Accessories-Wholesale-7-768x768.webp 768w, https:\/\/jinhuaceramic.com\/wp-content\/uploads\/2025\/03\/4-Piece-Luxury-Custom-Bathroom-Sets-Bathroom-Accessories-Wholesale-7-12x12.webp 12w, https:\/\/jinhuaceramic.com\/wp-content\/uploads\/2025\/03\/4-Piece-Luxury-Custom-Bathroom-Sets-Bathroom-Accessories-Wholesale-7-285x285.webp 285w, https:\/\/jinhuaceramic.com\/wp-content\/uploads\/2025\/03\/4-Piece-Luxury-Custom-Bathroom-Sets-Bathroom-Accessories-Wholesale-7-270x270.webp 270w, https:\/\/jinhuaceramic.com\/wp-content\/uploads\/2025\/03\/4-Piece-Luxury-Custom-Bathroom-Sets-Bathroom-Accessories-Wholesale-7-540x540.webp 540w, https:\/\/jinhuaceramic.com\/wp-content\/uploads\/2025\/03\/4-Piece-Luxury-Custom-Bathroom-Sets-Bathroom-Accessories-Wholesale-7-660x660.webp 660w\" sizes=\"(max-width: 1600px) 100vw, 1600px\" \/><\/figure>\n<\/div>\n<\/div>","protected":false},"excerpt":{"rendered":"<p>Conjuntos de ba\u00f1o de cer\u00e1mica personalizados directamente de la fuente. Estos accesorios de ba\u00f1o de 4 piezas a granel tienen un dise\u00f1o de aspecto sencillo y elegante e incluyen accesorios de ba\u00f1o totalmente funcionales, como dispensadores de jab\u00f3n, jaboneras, etc. Son bonitos y pr\u00e1cticos a la vez, y a\u00f1aden un toque de elegancia a la decoraci\u00f3n de cualquier cuarto de ba\u00f1o.<\/p>","protected":false},"featured_media":8053,"comment_status":"closed","ping_status":"closed","template":"","meta":{"_acf_changed":false},"product_brand":[],"product_cat":[51],"product_tag":[74],"class_list":{"0":"post-8046","1":"product","2":"type-product","3":"status-publish","4":"has-post-thumbnail","6":"product_cat-bathroom-accessories-wholesale","7":"product_tag-ceramic-bath-accessories-wholesale","9":"first","10":"instock","11":"shipping-taxable","12":"product-type-simple"},"acf":[],"_links":{"self":[{"href":"https:\/\/jinhuaceramic.com\/es\/wp-json\/wp\/v2\/product\/8046","targetHints":{"allow":["GET"]}}],"collection":[{"href":"https:\/\/jinhuaceramic.com\/es\/wp-json\/wp\/v2\/product"}],"about":[{"href":"https:\/\/jinhuaceramic.com\/es\/wp-json\/wp\/v2\/types\/product"}],"replies":[{"embeddable":true,"href":"https:\/\/jinhuaceramic.com\/es\/wp-json\/wp\/v2\/comments?post=8046"}],"version-history":[{"count":0,"href":"https:\/\/jinhuaceramic.com\/es\/wp-json\/wp\/v2\/product\/8046\/revisions"}],"wp:featuredmedia":[{"embeddable":true,"href":"https:\/\/jinhuaceramic.com\/es\/wp-json\/wp\/v2\/media\/8053"}],"wp:attachment":[{"href":"https:\/\/jinhuaceramic.com\/es\/wp-json\/wp\/v2\/media?parent=8046"}],"wp:term":[{"taxonomy":"product_brand","embeddable":true,"href":"https:\/\/jinhuaceramic.com\/es\/wp-json\/wp\/v2\/product_brand?post=8046"},{"taxonomy":"product_cat","embeddable":true,"href":"https:\/\/jinhuaceramic.com\/es\/wp-json\/wp\/v2\/product_cat?post=8046"},{"taxonomy":"product_tag","embeddable":true,"href":"https:\/\/jinhuaceramic.com\/es\/wp-json\/wp\/v2\/product_tag?post=8046"}],"curies":[{"name":"wp","href":"https:\/\/api.w.org\/{rel}","templated":true}]}}