{"id":8064,"date":"2025-03-06T08:07:22","date_gmt":"2025-03-06T08:07:22","guid":{"rendered":"https:\/\/jinhuaceramic.com\/?post_type=product&#038;p=8064"},"modified":"2025-03-06T08:07:23","modified_gmt":"2025-03-06T08:07:23","slug":"custom-tableware","status":"publish","type":"product","link":"https:\/\/jinhuaceramic.com\/es\/product\/custom-tableware\/","title":{"rendered":"Vajilla a Medida Blanco roto, Vajilla al por mayor Servicios"},"content":{"rendered":"<div class=\"wp-block-columns is-layout-flex wp-container-core-columns-is-layout-9d6595d7 wp-block-columns-is-layout-flex\">\n<div class=\"wp-block-column is-layout-flow wp-block-column-is-layout-flow\">\n<h3 class=\"wp-block-heading\">Premium Off-White Custom Tableware Caracter\u00edsticas:<\/h3>\n\n\n\n<ul class=\"wp-block-list\">\n<li><strong>Dise\u00f1o elegante: <\/strong>Estas vajillas personalizadas son delicadas y blanquecinas, lo que hace que las personas se sientan c\u00e1lidas y encantadoras. Las distintas texturas de las hojas del borde de la vajilla aportan una estratificaci\u00f3n visual adicional. Con su uso, a\u00f1adir\u00e1 una sensaci\u00f3n de ritualismo a las cenas y las har\u00e1 m\u00e1s elegantes.<\/li>\n\n\n\n<li><strong>Material cer\u00e1mico duradero:<\/strong> Estas vajillas al por mayor est\u00e1n fabricadas con materiales cer\u00e1micos de alta temperatura y gran calidad. Son duraderas y resistentes y pueden soportar cierto desgaste y choques. Con un uso y cuidado normales, pueden durar mucho tiempo.<\/li>\n\n\n\n<li><strong>Versatilidad:<\/strong> Estos juegos de vajilla al por mayor tienen platos de diferentes formas y tama\u00f1os, platos hondos grandes, platos peque\u00f1os y tazas, que pueden satisfacer las demandas para servir diferentes comidas y bebidas. Son adecuados para diferentes ocasiones, ya sea para uso diario o para recibir invitados.<\/li>\n\n\n\n<li><strong>F\u00e1cil de limpiar:<\/strong> Estas vajillas a medida de alta calidad poseen un esmalte suave como la seda. Es dif\u00edcil que se adhieran los restos de comida y las manchas, y puede lavarse f\u00e1cilmente con agua dulce y gotas de detergente para limpiarla despu\u00e9s de las comidas.<\/li>\n<\/ul>\n<\/div>\n\n\n\n<div class=\"wp-block-column is-layout-flow wp-block-column-is-layout-flow\">\n<figure class=\"wp-block-image size-full\"><img fetchpriority=\"high\" decoding=\"async\" width=\"1600\" height=\"1600\" src=\"https:\/\/jinhuaceramic.com\/wp-content\/uploads\/2025\/03\/Off-White-Wholesale-Tableware-Crockery-Set-Deals-Dinner-Services-2.webp\" alt=\"Vajilla a Medida Blanco roto, Vajilla al por mayor Servicios-1\" class=\"wp-image-8065\" srcset=\"https:\/\/jinhuaceramic.com\/wp-content\/uploads\/2025\/03\/Off-White-Wholesale-Tableware-Crockery-Set-Deals-Dinner-Services-2.webp 1600w, https:\/\/jinhuaceramic.com\/wp-content\/uploads\/2025\/03\/Off-White-Wholesale-Tableware-Crockery-Set-Deals-Dinner-Services-2-300x300.webp 300w, https:\/\/jinhuaceramic.com\/wp-content\/uploads\/2025\/03\/Off-White-Wholesale-Tableware-Crockery-Set-Deals-Dinner-Services-2-150x150.webp 150w, https:\/\/jinhuaceramic.com\/wp-content\/uploads\/2025\/03\/Off-White-Wholesale-Tableware-Crockery-Set-Deals-Dinner-Services-2-768x768.webp 768w, https:\/\/jinhuaceramic.com\/wp-content\/uploads\/2025\/03\/Off-White-Wholesale-Tableware-Crockery-Set-Deals-Dinner-Services-2-12x12.webp 12w, https:\/\/jinhuaceramic.com\/wp-content\/uploads\/2025\/03\/Off-White-Wholesale-Tableware-Crockery-Set-Deals-Dinner-Services-2-285x285.webp 285w, https:\/\/jinhuaceramic.com\/wp-content\/uploads\/2025\/03\/Off-White-Wholesale-Tableware-Crockery-Set-Deals-Dinner-Services-2-270x270.webp 270w, https:\/\/jinhuaceramic.com\/wp-content\/uploads\/2025\/03\/Off-White-Wholesale-Tableware-Crockery-Set-Deals-Dinner-Services-2-540x540.webp 540w, https:\/\/jinhuaceramic.com\/wp-content\/uploads\/2025\/03\/Off-White-Wholesale-Tableware-Crockery-Set-Deals-Dinner-Services-2-660x660.webp 660w\" sizes=\"(max-width: 1600px) 100vw, 1600px\" \/><\/figure>\n<\/div>\n<\/div>","protected":false},"excerpt":{"rendered":"<p>Bienvenido a comprar nuestra vajilla personalizada. Estos juegos de vajilla al por mayor son amados por los clientes en el mercado debido a su apariencia sencilla y hermosa, la durabilidad a trav\u00e9s de material cer\u00e1mico, la flexibilidad y la limpieza sin esfuerzo. Al combinar aspecto y funcionalidad, estos juegos de vajilla de cer\u00e1mica se convierten en un hermoso centro de mesa y contribuyen a mejorar el placer de comer.<\/p>","protected":false},"featured_media":8067,"comment_status":"closed","ping_status":"closed","template":"","meta":{"_acf_changed":false},"product_brand":[],"product_cat":[83,54],"product_tag":[],"class_list":{"0":"post-8064","1":"product","2":"type-product","3":"status-publish","4":"has-post-thumbnail","6":"product_cat-wholesale-dinnerware-sets","7":"product_cat-tableware-wholesale","9":"first","10":"instock","11":"shipping-taxable","12":"product-type-simple"},"acf":[],"_links":{"self":[{"href":"https:\/\/jinhuaceramic.com\/es\/wp-json\/wp\/v2\/product\/8064","targetHints":{"allow":["GET"]}}],"collection":[{"href":"https:\/\/jinhuaceramic.com\/es\/wp-json\/wp\/v2\/product"}],"about":[{"href":"https:\/\/jinhuaceramic.com\/es\/wp-json\/wp\/v2\/types\/product"}],"replies":[{"embeddable":true,"href":"https:\/\/jinhuaceramic.com\/es\/wp-json\/wp\/v2\/comments?post=8064"}],"version-history":[{"count":0,"href":"https:\/\/jinhuaceramic.com\/es\/wp-json\/wp\/v2\/product\/8064\/revisions"}],"wp:featuredmedia":[{"embeddable":true,"href":"https:\/\/jinhuaceramic.com\/es\/wp-json\/wp\/v2\/media\/8067"}],"wp:attachment":[{"href":"https:\/\/jinhuaceramic.com\/es\/wp-json\/wp\/v2\/media?parent=8064"}],"wp:term":[{"taxonomy":"product_brand","embeddable":true,"href":"https:\/\/jinhuaceramic.com\/es\/wp-json\/wp\/v2\/product_brand?post=8064"},{"taxonomy":"product_cat","embeddable":true,"href":"https:\/\/jinhuaceramic.com\/es\/wp-json\/wp\/v2\/product_cat?post=8064"},{"taxonomy":"product_tag","embeddable":true,"href":"https:\/\/jinhuaceramic.com\/es\/wp-json\/wp\/v2\/product_tag?post=8064"}],"curies":[{"name":"wp","href":"https:\/\/api.w.org\/{rel}","templated":true}]}}