{"id":8075,"date":"2025-03-06T08:33:02","date_gmt":"2025-03-06T08:33:02","guid":{"rendered":"https:\/\/jinhuaceramic.com\/?post_type=product&#038;p=8075"},"modified":"2025-03-06T08:34:22","modified_gmt":"2025-03-06T08:34:22","slug":"custom-dinnerware-sets","status":"publish","type":"product","link":"https:\/\/jinhuaceramic.com\/es\/product\/custom-dinnerware-sets\/","title":{"rendered":"Vajillas personalizadas de alta gama, servicio de mesa al por mayor para 8"},"content":{"rendered":"<div class=\"wp-block-columns is-layout-flex wp-container-core-columns-is-layout-9d6595d7 wp-block-columns-is-layout-flex\">\n<div class=\"wp-block-column is-layout-flow wp-block-column-is-layout-flow\">\n<h3 class=\"wp-block-heading\">Vajillas personalizadas de alta gama Caracter\u00edsticas:<\/h3>\n\n\n\n<ul class=\"wp-block-list\">\n<li><strong>Dise\u00f1o r\u00fastico:<\/strong> Estas vajillas al por mayor son de color beige suave con texturas naturales que les dan un aspecto r\u00fastico de alta gama. Las l\u00edneas fluidas de los platos y cuencos, los bordes suavemente ondulados y la sutil gradaci\u00f3n de colores producen una impresi\u00f3n de profundidad visual y realzan la configuraci\u00f3n de la mesa en una amplia gama de esquemas decorativos.<\/li>\n\n\n\n<li><strong>Material de alta calidad:<\/strong> Estas vajillas personalizadas est\u00e1n fabricadas con material cer\u00e1mico de alta calidad, resistente al desgaste y que no se raya f\u00e1cilmente. El material cer\u00e1mico puede retener la temperatura de los alimentos durante m\u00e1s tiempo, por lo que los platos pueden conservar la temperatura adecuada para comer durante alg\u00fan tiempo.<\/li>\n\n\n\n<li><strong>Practicidad: <\/strong>Las vajillas de cer\u00e1mica al por mayor vienen en diferentes tama\u00f1os. Los platos grandes pueden utilizarse para platos principales, los peque\u00f1os para guarniciones o aperitivos, y los cuencos para ramen, cereales, sopa, arroz, etc., para satisfacer las distintas necesidades de las comidas diarias.<\/li>\n\n\n\n<li><strong>Amplia aplicabilidad:<\/strong> Estas vajillas personalizadas combinan a la perfecci\u00f3n funcionalidad y est\u00e9tica y pueden utilizarse f\u00e1cilmente en las comidas familiares diarias o en banquetes con buenos amigos. Utilizadas por uno mismo o regaladas, son la mejor elecci\u00f3n.<\/li>\n<\/ul>\n<\/div>\n\n\n\n<div class=\"wp-block-column is-layout-flow wp-block-column-is-layout-flow\">\n<figure class=\"wp-block-image size-full\"><img fetchpriority=\"high\" decoding=\"async\" width=\"1000\" height=\"1000\" src=\"https:\/\/jinhuaceramic.com\/wp-content\/uploads\/2025\/03\/High-End-Custom-Tableware-Wholesale-Dinnerware-Set-Service-For-8-3.webp\" alt=\"Vajillas personalizadas de alta gama, servicio de mesa al por mayor para 8-1\" class=\"wp-image-8077\" srcset=\"https:\/\/jinhuaceramic.com\/wp-content\/uploads\/2025\/03\/High-End-Custom-Tableware-Wholesale-Dinnerware-Set-Service-For-8-3.webp 1000w, https:\/\/jinhuaceramic.com\/wp-content\/uploads\/2025\/03\/High-End-Custom-Tableware-Wholesale-Dinnerware-Set-Service-For-8-3-300x300.webp 300w, https:\/\/jinhuaceramic.com\/wp-content\/uploads\/2025\/03\/High-End-Custom-Tableware-Wholesale-Dinnerware-Set-Service-For-8-3-150x150.webp 150w, https:\/\/jinhuaceramic.com\/wp-content\/uploads\/2025\/03\/High-End-Custom-Tableware-Wholesale-Dinnerware-Set-Service-For-8-3-768x768.webp 768w, https:\/\/jinhuaceramic.com\/wp-content\/uploads\/2025\/03\/High-End-Custom-Tableware-Wholesale-Dinnerware-Set-Service-For-8-3-12x12.webp 12w, https:\/\/jinhuaceramic.com\/wp-content\/uploads\/2025\/03\/High-End-Custom-Tableware-Wholesale-Dinnerware-Set-Service-For-8-3-285x285.webp 285w, https:\/\/jinhuaceramic.com\/wp-content\/uploads\/2025\/03\/High-End-Custom-Tableware-Wholesale-Dinnerware-Set-Service-For-8-3-270x270.webp 270w, https:\/\/jinhuaceramic.com\/wp-content\/uploads\/2025\/03\/High-End-Custom-Tableware-Wholesale-Dinnerware-Set-Service-For-8-3-540x540.webp 540w, https:\/\/jinhuaceramic.com\/wp-content\/uploads\/2025\/03\/High-End-Custom-Tableware-Wholesale-Dinnerware-Set-Service-For-8-3-660x660.webp 660w\" sizes=\"(max-width: 1000px) 100vw, 1000px\" \/><\/figure>\n<\/div>\n<\/div>","protected":false},"excerpt":{"rendered":"<p>Bienvenido a comprar vajilla al por mayor. Estos juegos de vajilla personalizada de gama alta muestran un encanto de dise\u00f1o \u00fanico en apariencia, material y practicidad. Su estilo de dise\u00f1o r\u00fastico y sofisticado, sus materiales cer\u00e1micos de calidad y su flexibilidad hacen que estas vajillas sean ideales para comidas en casa o para servicios de catering de alta gama.<\/p>","protected":false},"featured_media":8076,"comment_status":"closed","ping_status":"closed","template":"","meta":{"_acf_changed":false},"product_brand":[],"product_cat":[83,54],"product_tag":[],"class_list":{"0":"post-8075","1":"product","2":"type-product","3":"status-publish","4":"has-post-thumbnail","6":"product_cat-wholesale-dinnerware-sets","7":"product_cat-tableware-wholesale","9":"first","10":"instock","11":"shipping-taxable","12":"product-type-simple"},"acf":[],"_links":{"self":[{"href":"https:\/\/jinhuaceramic.com\/es\/wp-json\/wp\/v2\/product\/8075","targetHints":{"allow":["GET"]}}],"collection":[{"href":"https:\/\/jinhuaceramic.com\/es\/wp-json\/wp\/v2\/product"}],"about":[{"href":"https:\/\/jinhuaceramic.com\/es\/wp-json\/wp\/v2\/types\/product"}],"replies":[{"embeddable":true,"href":"https:\/\/jinhuaceramic.com\/es\/wp-json\/wp\/v2\/comments?post=8075"}],"version-history":[{"count":0,"href":"https:\/\/jinhuaceramic.com\/es\/wp-json\/wp\/v2\/product\/8075\/revisions"}],"wp:featuredmedia":[{"embeddable":true,"href":"https:\/\/jinhuaceramic.com\/es\/wp-json\/wp\/v2\/media\/8076"}],"wp:attachment":[{"href":"https:\/\/jinhuaceramic.com\/es\/wp-json\/wp\/v2\/media?parent=8075"}],"wp:term":[{"taxonomy":"product_brand","embeddable":true,"href":"https:\/\/jinhuaceramic.com\/es\/wp-json\/wp\/v2\/product_brand?post=8075"},{"taxonomy":"product_cat","embeddable":true,"href":"https:\/\/jinhuaceramic.com\/es\/wp-json\/wp\/v2\/product_cat?post=8075"},{"taxonomy":"product_tag","embeddable":true,"href":"https:\/\/jinhuaceramic.com\/es\/wp-json\/wp\/v2\/product_tag?post=8075"}],"curies":[{"name":"wp","href":"https:\/\/api.w.org\/{rel}","templated":true}]}}