{"id":8087,"date":"2025-03-06T09:10:09","date_gmt":"2025-03-06T09:10:09","guid":{"rendered":"https:\/\/jinhuaceramic.com\/?post_type=product&#038;p=8087"},"modified":"2025-03-06T09:10:11","modified_gmt":"2025-03-06T09:10:11","slug":"custom-dinnerware","status":"publish","type":"product","link":"https:\/\/jinhuaceramic.com\/es\/product\/custom-dinnerware\/","title":{"rendered":"Vajilla moderna a medida, platos y cuencos de cer\u00e1mica al por mayor"},"content":{"rendered":"<div class=\"wp-block-columns is-layout-flex wp-container-core-columns-is-layout-9d6595d7 wp-block-columns-is-layout-flex\">\n<div class=\"wp-block-column is-layout-flow wp-block-column-is-layout-flow\">\n<h3 class=\"wp-block-heading\">Vajilla a medida Premium Modern Caracter\u00edsticas:<\/h3>\n\n\n\n<ul class=\"wp-block-list\">\n<li><strong>Dise\u00f1o moderno:<\/strong> Estas vajillas personalizadas son de color blanco roto con bordes marrones, tienen un contraste moderno que es sencillo pero c\u00e1lido y se adaptan muy bien a varios estilos de decoraci\u00f3n. Adem\u00e1s moteado, el esmalte de la vajilla sirve para resaltar a\u00fan m\u00e1s la belleza de la vajilla.<\/li>\n\n\n\n<li><strong>Material duradero:<\/strong> Estos platos y cuencos al por mayor est\u00e1n fabricados con cer\u00e1mica de alta calidad, que es duradera y no se desgasta f\u00e1cilmente con el uso normal, por lo que tiene una larga vida \u00fatil. El material cer\u00e1mico es seguro y no t\u00f3xico; tiene una alta tolerancia al calor, es dif\u00edcil de mantener el olor, y f\u00e1cil de limpiar.<\/li>\n\n\n\n<li><strong>Practicidad: <\/strong>Estas vajillas personalizadas tienen platos y fuentes de varios tama\u00f1os para adaptarse a muchos eventos. Estas vajillas pueden ofrecer opciones de vajilla adecuadas para un banquete de empresa, una reuni\u00f3n de amigos o una comida familiar.<\/li>\n\n\n\n<li><strong>Mejorar la calidad de las comidas:<\/strong> Estos platos y fuentes de cer\u00e1mica al por mayor, con su dise\u00f1o especial y sus materiales de primera categor\u00eda, elevan la calidad de las cenas. Permiten a las personas disfrutar de la belleza y el nivel de vida durante su cena, adem\u00e1s de cumplir con los requisitos m\u00ednimos de alimentos.<\/li>\n<\/ul>\n<\/div>\n\n\n\n<div class=\"wp-block-column is-layout-flow wp-block-column-is-layout-flow\">\n<figure class=\"wp-block-image size-full\"><img fetchpriority=\"high\" decoding=\"async\" width=\"1600\" height=\"1600\" src=\"https:\/\/jinhuaceramic.com\/wp-content\/uploads\/2025\/03\/Modern-Custom-Dinnerware-Set-Wholesale-Ceramic-Plates-Bulk-Tableware-2.webp\" alt=\"Vajilla Moderna Personalizada, Platos y Cuencos de Cer\u00e1mica al por Mayor-1\" class=\"wp-image-8088\" srcset=\"https:\/\/jinhuaceramic.com\/wp-content\/uploads\/2025\/03\/Modern-Custom-Dinnerware-Set-Wholesale-Ceramic-Plates-Bulk-Tableware-2.webp 1600w, https:\/\/jinhuaceramic.com\/wp-content\/uploads\/2025\/03\/Modern-Custom-Dinnerware-Set-Wholesale-Ceramic-Plates-Bulk-Tableware-2-300x300.webp 300w, https:\/\/jinhuaceramic.com\/wp-content\/uploads\/2025\/03\/Modern-Custom-Dinnerware-Set-Wholesale-Ceramic-Plates-Bulk-Tableware-2-150x150.webp 150w, https:\/\/jinhuaceramic.com\/wp-content\/uploads\/2025\/03\/Modern-Custom-Dinnerware-Set-Wholesale-Ceramic-Plates-Bulk-Tableware-2-768x768.webp 768w, https:\/\/jinhuaceramic.com\/wp-content\/uploads\/2025\/03\/Modern-Custom-Dinnerware-Set-Wholesale-Ceramic-Plates-Bulk-Tableware-2-12x12.webp 12w, https:\/\/jinhuaceramic.com\/wp-content\/uploads\/2025\/03\/Modern-Custom-Dinnerware-Set-Wholesale-Ceramic-Plates-Bulk-Tableware-2-285x285.webp 285w, https:\/\/jinhuaceramic.com\/wp-content\/uploads\/2025\/03\/Modern-Custom-Dinnerware-Set-Wholesale-Ceramic-Plates-Bulk-Tableware-2-270x270.webp 270w, https:\/\/jinhuaceramic.com\/wp-content\/uploads\/2025\/03\/Modern-Custom-Dinnerware-Set-Wholesale-Ceramic-Plates-Bulk-Tableware-2-540x540.webp 540w, https:\/\/jinhuaceramic.com\/wp-content\/uploads\/2025\/03\/Modern-Custom-Dinnerware-Set-Wholesale-Ceramic-Plates-Bulk-Tableware-2-660x660.webp 660w\" sizes=\"(max-width: 1600px) 100vw, 1600px\" \/><\/figure>\n<\/div>\n<\/div>","protected":false},"excerpt":{"rendered":"<p>Bienvenido a comprar nuestra vajilla personalizada. Estos platos y cuencos de cer\u00e1mica al por mayor son populares debido a su aspecto sencillo pero elegante y material cer\u00e1mico seguro y duradero, que es adecuado para diversos requisitos de comedor y ajustes. Son ideales para el ambiente \u00edntimo de una mesa familiar y suficientes para revelar el estilo elegante de un restaurante de categor\u00eda.<\/p>","protected":false},"featured_media":8093,"comment_status":"closed","ping_status":"closed","template":"","meta":{"_acf_changed":false},"product_brand":[],"product_cat":[83,54],"product_tag":[],"class_list":{"0":"post-8087","1":"product","2":"type-product","3":"status-publish","4":"has-post-thumbnail","6":"product_cat-wholesale-dinnerware-sets","7":"product_cat-tableware-wholesale","9":"first","10":"instock","11":"shipping-taxable","12":"product-type-simple"},"acf":[],"_links":{"self":[{"href":"https:\/\/jinhuaceramic.com\/es\/wp-json\/wp\/v2\/product\/8087","targetHints":{"allow":["GET"]}}],"collection":[{"href":"https:\/\/jinhuaceramic.com\/es\/wp-json\/wp\/v2\/product"}],"about":[{"href":"https:\/\/jinhuaceramic.com\/es\/wp-json\/wp\/v2\/types\/product"}],"replies":[{"embeddable":true,"href":"https:\/\/jinhuaceramic.com\/es\/wp-json\/wp\/v2\/comments?post=8087"}],"version-history":[{"count":0,"href":"https:\/\/jinhuaceramic.com\/es\/wp-json\/wp\/v2\/product\/8087\/revisions"}],"wp:featuredmedia":[{"embeddable":true,"href":"https:\/\/jinhuaceramic.com\/es\/wp-json\/wp\/v2\/media\/8093"}],"wp:attachment":[{"href":"https:\/\/jinhuaceramic.com\/es\/wp-json\/wp\/v2\/media?parent=8087"}],"wp:term":[{"taxonomy":"product_brand","embeddable":true,"href":"https:\/\/jinhuaceramic.com\/es\/wp-json\/wp\/v2\/product_brand?post=8087"},{"taxonomy":"product_cat","embeddable":true,"href":"https:\/\/jinhuaceramic.com\/es\/wp-json\/wp\/v2\/product_cat?post=8087"},{"taxonomy":"product_tag","embeddable":true,"href":"https:\/\/jinhuaceramic.com\/es\/wp-json\/wp\/v2\/product_tag?post=8087"}],"curies":[{"name":"wp","href":"https:\/\/api.w.org\/{rel}","templated":true}]}}